{"id":4147,"date":"2024-05-09T11:16:10","date_gmt":"2024-05-09T09:16:10","guid":{"rendered":"https:\/\/eco-onehotels.com\/tienda\/non%20class\u00e9\/tabourets-hauts\/"},"modified":"2025-01-17T15:29:41","modified_gmt":"2025-01-17T14:29:41","slug":"tabourets-hauts","status":"publish","type":"product","link":"https:\/\/eco-onehotels.com\/fr\/boutique\/chaises\/tabourets-hauts\/","title":{"rendered":"Tabourets hauts"},"content":{"rendered":"","protected":false},"excerpt":{"rendered":"<p>Chaise de salle \u00e0 manger \u00e9l\u00e9gante avec une assise en tissu bleu et un design ergonomique qui offre confort et soutien. Dot\u00e9e de solides pieds en bois et d&rsquo;une barre de support en acier, cette chaise allie durabilit\u00e9 et style moderne. L&rsquo;ouverture dans le dossier ajoute non seulement une touche esth\u00e9tique, mais facilite \u00e9galement le transport et la manipulation. Id\u00e9ale pour les environnements de restauration dans les h\u00f4tels, les caf\u00e9s ou les espaces de travail, cette chaise est une option polyvalente et \u00e9l\u00e9gante pour tout \u00e9tablissement.<\/p>\n","protected":false},"featured_media":2990,"template":"","meta":{"_acf_changed":false},"product_brand":[],"product_cat":[124],"product_tag":[141],"class_list":{"0":"post-4147","1":"product","2":"type-product","3":"status-publish","4":"has-post-thumbnail","6":"product_cat-chaises","7":"product_tag-salle","8":"product_shipping_class-iles-baleares","10":"first","11":"instock","12":"taxable","13":"shipping-taxable","14":"purchasable","15":"product-type-simple"},"acf":[],"yoast_head":"<!-- This site is optimized with the Yoast SEO plugin v26.2 - https:\/\/yoast.com\/wordpress\/plugins\/seo\/ -->\n<title>Tabourets hauts - ECO-ONE<\/title>\n<meta name=\"robots\" content=\"index, follow, max-snippet:-1, max-image-preview:large, max-video-preview:-1\" \/>\n<link rel=\"canonical\" href=\"https:\/\/eco-onehotels.com\/es\/boutique\/mobiliario\/taburetes-altos\/\" \/>\n<meta property=\"og:locale\" content=\"fr_FR\" \/>\n<meta property=\"og:type\" content=\"article\" \/>\n<meta property=\"og:title\" content=\"Tabourets hauts - ECO-ONE\" \/>\n<meta property=\"og:description\" content=\"Chaise de salle \u00e0 manger \u00e9l\u00e9gante avec une assise en tissu bleu et un design ergonomique qui offre confort et soutien. Dot\u00e9e de solides pieds en bois et d&#039;une barre de support en acier, cette chaise allie durabilit\u00e9 et style moderne. L&#039;ouverture dans le dossier ajoute non seulement une touche esth\u00e9tique, mais facilite \u00e9galement le transport et la manipulation. Id\u00e9ale pour les environnements de restauration dans les h\u00f4tels, les caf\u00e9s ou les espaces de travail, cette chaise est une option polyvalente et \u00e9l\u00e9gante pour tout \u00e9tablissement.\" \/>\n<meta property=\"og:url\" content=\"https:\/\/eco-onehotels.com\/es\/boutique\/mobiliario\/taburetes-altos\/\" \/>\n<meta property=\"og:site_name\" content=\"ECO-ONE\" \/>\n<meta property=\"article:modified_time\" content=\"2025-01-17T14:29:41+00:00\" \/>\n<meta property=\"og:image\" content=\"https:\/\/eco-onehotels.com\/wp-content\/uploads\/2024\/05\/mueble06.jpg\" \/>\n\t<meta property=\"og:image:width\" content=\"1080\" \/>\n\t<meta property=\"og:image:height\" content=\"1080\" \/>\n\t<meta property=\"og:image:type\" content=\"image\/jpeg\" \/>\n<meta name=\"twitter:card\" content=\"summary_large_image\" \/>\n<meta name=\"twitter:label1\" content=\"Dur\u00e9e de lecture estim\u00e9e\" \/>\n\t<meta name=\"twitter:data1\" content=\"1 minute\" \/>\n<script type=\"application\/ld+json\" class=\"yoast-schema-graph\">{\"@context\":\"https:\/\/schema.org\",\"@graph\":[{\"@type\":\"WebPage\",\"@id\":\"https:\/\/eco-onehotels.com\/es\/boutique\/mobiliario\/taburetes-altos\/\",\"url\":\"https:\/\/eco-onehotels.com\/es\/boutique\/mobiliario\/taburetes-altos\/\",\"name\":\"Tabourets hauts - ECO-ONE\",\"isPartOf\":{\"@id\":\"https:\/\/eco-onehotels.com\/es\/#website\"},\"primaryImageOfPage\":{\"@id\":\"https:\/\/eco-onehotels.com\/es\/boutique\/mobiliario\/taburetes-altos\/#primaryimage\"},\"image\":{\"@id\":\"https:\/\/eco-onehotels.com\/es\/boutique\/mobiliario\/taburetes-altos\/#primaryimage\"},\"thumbnailUrl\":\"https:\/\/eco-onehotels.com\/wp-content\/uploads\/2024\/05\/mueble06.jpg\",\"datePublished\":\"2024-05-09T09:16:10+00:00\",\"dateModified\":\"2025-01-17T14:29:41+00:00\",\"breadcrumb\":{\"@id\":\"https:\/\/eco-onehotels.com\/es\/boutique\/mobiliario\/taburetes-altos\/#breadcrumb\"},\"inLanguage\":\"fr-FR\",\"potentialAction\":[{\"@type\":\"ReadAction\",\"target\":[\"https:\/\/eco-onehotels.com\/es\/boutique\/mobiliario\/taburetes-altos\/\"]}]},{\"@type\":\"ImageObject\",\"inLanguage\":\"fr-FR\",\"@id\":\"https:\/\/eco-onehotels.com\/es\/boutique\/mobiliario\/taburetes-altos\/#primaryimage\",\"url\":\"https:\/\/eco-onehotels.com\/wp-content\/uploads\/2024\/05\/mueble06.jpg\",\"contentUrl\":\"https:\/\/eco-onehotels.com\/wp-content\/uploads\/2024\/05\/mueble06.jpg\",\"width\":1080,\"height\":1080},{\"@type\":\"BreadcrumbList\",\"@id\":\"https:\/\/eco-onehotels.com\/es\/boutique\/mobiliario\/taburetes-altos\/#breadcrumb\",\"itemListElement\":[{\"@type\":\"ListItem\",\"position\":1,\"name\":\"Portada\",\"item\":\"https:\/\/eco-onehotels.com\/es\/\"},{\"@type\":\"ListItem\",\"position\":2,\"name\":\"Boutique March\u00e9 de Seconde Main\",\"item\":\"https:\/\/eco-onehotels.com\/fr\/boutique\/\"},{\"@type\":\"ListItem\",\"position\":3,\"name\":\"Tabourets hauts\"}]},{\"@type\":\"WebSite\",\"@id\":\"https:\/\/eco-onehotels.com\/es\/#website\",\"url\":\"https:\/\/eco-onehotels.com\/es\/\",\"name\":\"ECO-ONE\",\"description\":\"\",\"publisher\":{\"@id\":\"https:\/\/eco-onehotels.com\/es\/#organization\"},\"potentialAction\":[{\"@type\":\"SearchAction\",\"target\":{\"@type\":\"EntryPoint\",\"urlTemplate\":\"https:\/\/eco-onehotels.com\/es\/?s={search_term_string}\"},\"query-input\":{\"@type\":\"PropertyValueSpecification\",\"valueRequired\":true,\"valueName\":\"search_term_string\"}}],\"inLanguage\":\"fr-FR\"},{\"@type\":\"Organization\",\"@id\":\"https:\/\/eco-onehotels.com\/es\/#organization\",\"name\":\"ECO-ONE\",\"url\":\"https:\/\/eco-onehotels.com\/es\/\",\"logo\":{\"@type\":\"ImageObject\",\"inLanguage\":\"fr-FR\",\"@id\":\"https:\/\/eco-onehotels.com\/es\/#\/schema\/logo\/image\/\",\"url\":\"https:\/\/eco-onehotels.com\/wp-content\/uploads\/2024\/04\/LOGO-VECTORIZADO.svg\",\"contentUrl\":\"https:\/\/eco-onehotels.com\/wp-content\/uploads\/2024\/04\/LOGO-VECTORIZADO.svg\",\"caption\":\"ECO-ONE\"},\"image\":{\"@id\":\"https:\/\/eco-onehotels.com\/es\/#\/schema\/logo\/image\/\"}}]}<\/script>\n<!-- \/ Yoast SEO plugin. -->","yoast_head_json":{"title":"Tabourets hauts - ECO-ONE","robots":{"index":"index","follow":"follow","max-snippet":"max-snippet:-1","max-image-preview":"max-image-preview:large","max-video-preview":"max-video-preview:-1"},"canonical":"https:\/\/eco-onehotels.com\/es\/boutique\/mobiliario\/taburetes-altos\/","og_locale":"fr_FR","og_type":"article","og_title":"Tabourets hauts - ECO-ONE","og_description":"Chaise de salle \u00e0 manger \u00e9l\u00e9gante avec une assise en tissu bleu et un design ergonomique qui offre confort et soutien. Dot\u00e9e de solides pieds en bois et d'une barre de support en acier, cette chaise allie durabilit\u00e9 et style moderne. L'ouverture dans le dossier ajoute non seulement une touche esth\u00e9tique, mais facilite \u00e9galement le transport et la manipulation. Id\u00e9ale pour les environnements de restauration dans les h\u00f4tels, les caf\u00e9s ou les espaces de travail, cette chaise est une option polyvalente et \u00e9l\u00e9gante pour tout \u00e9tablissement.","og_url":"https:\/\/eco-onehotels.com\/es\/boutique\/mobiliario\/taburetes-altos\/","og_site_name":"ECO-ONE","article_modified_time":"2025-01-17T14:29:41+00:00","og_image":[{"width":1080,"height":1080,"url":"https:\/\/eco-onehotels.com\/wp-content\/uploads\/2024\/05\/mueble06.jpg","type":"image\/jpeg"}],"twitter_card":"summary_large_image","twitter_misc":{"Dur\u00e9e de lecture estim\u00e9e":"1 minute"},"schema":{"@context":"https:\/\/schema.org","@graph":[{"@type":"WebPage","@id":"https:\/\/eco-onehotels.com\/es\/boutique\/mobiliario\/taburetes-altos\/","url":"https:\/\/eco-onehotels.com\/es\/boutique\/mobiliario\/taburetes-altos\/","name":"Tabourets hauts - ECO-ONE","isPartOf":{"@id":"https:\/\/eco-onehotels.com\/es\/#website"},"primaryImageOfPage":{"@id":"https:\/\/eco-onehotels.com\/es\/boutique\/mobiliario\/taburetes-altos\/#primaryimage"},"image":{"@id":"https:\/\/eco-onehotels.com\/es\/boutique\/mobiliario\/taburetes-altos\/#primaryimage"},"thumbnailUrl":"https:\/\/eco-onehotels.com\/wp-content\/uploads\/2024\/05\/mueble06.jpg","datePublished":"2024-05-09T09:16:10+00:00","dateModified":"2025-01-17T14:29:41+00:00","breadcrumb":{"@id":"https:\/\/eco-onehotels.com\/es\/boutique\/mobiliario\/taburetes-altos\/#breadcrumb"},"inLanguage":"fr-FR","potentialAction":[{"@type":"ReadAction","target":["https:\/\/eco-onehotels.com\/es\/boutique\/mobiliario\/taburetes-altos\/"]}]},{"@type":"ImageObject","inLanguage":"fr-FR","@id":"https:\/\/eco-onehotels.com\/es\/boutique\/mobiliario\/taburetes-altos\/#primaryimage","url":"https:\/\/eco-onehotels.com\/wp-content\/uploads\/2024\/05\/mueble06.jpg","contentUrl":"https:\/\/eco-onehotels.com\/wp-content\/uploads\/2024\/05\/mueble06.jpg","width":1080,"height":1080},{"@type":"BreadcrumbList","@id":"https:\/\/eco-onehotels.com\/es\/boutique\/mobiliario\/taburetes-altos\/#breadcrumb","itemListElement":[{"@type":"ListItem","position":1,"name":"Portada","item":"https:\/\/eco-onehotels.com\/es\/"},{"@type":"ListItem","position":2,"name":"Boutique March\u00e9 de Seconde Main","item":"https:\/\/eco-onehotels.com\/fr\/boutique\/"},{"@type":"ListItem","position":3,"name":"Tabourets hauts"}]},{"@type":"WebSite","@id":"https:\/\/eco-onehotels.com\/es\/#website","url":"https:\/\/eco-onehotels.com\/es\/","name":"ECO-ONE","description":"","publisher":{"@id":"https:\/\/eco-onehotels.com\/es\/#organization"},"potentialAction":[{"@type":"SearchAction","target":{"@type":"EntryPoint","urlTemplate":"https:\/\/eco-onehotels.com\/es\/?s={search_term_string}"},"query-input":{"@type":"PropertyValueSpecification","valueRequired":true,"valueName":"search_term_string"}}],"inLanguage":"fr-FR"},{"@type":"Organization","@id":"https:\/\/eco-onehotels.com\/es\/#organization","name":"ECO-ONE","url":"https:\/\/eco-onehotels.com\/es\/","logo":{"@type":"ImageObject","inLanguage":"fr-FR","@id":"https:\/\/eco-onehotels.com\/es\/#\/schema\/logo\/image\/","url":"https:\/\/eco-onehotels.com\/wp-content\/uploads\/2024\/04\/LOGO-VECTORIZADO.svg","contentUrl":"https:\/\/eco-onehotels.com\/wp-content\/uploads\/2024\/04\/LOGO-VECTORIZADO.svg","caption":"ECO-ONE"},"image":{"@id":"https:\/\/eco-onehotels.com\/es\/#\/schema\/logo\/image\/"}}]}},"tiered_pricing_type":"fixed","tiered_pricing_fixed_rules":[],"tiered_pricing_product_settings":{"layout":"default","base_unit_name":{"singular":null,"plural":null},"default_variation":null},"tiered_pricing_minimum_quantity":null,"tiered_pricing_roles_data":[],"tiered_pricing_percentage_rules":[],"_links":{"self":[{"href":"https:\/\/eco-onehotels.com\/fr\/wp-json\/wp\/v2\/product\/4147","targetHints":{"allow":["GET"]}}],"collection":[{"href":"https:\/\/eco-onehotels.com\/fr\/wp-json\/wp\/v2\/product"}],"about":[{"href":"https:\/\/eco-onehotels.com\/fr\/wp-json\/wp\/v2\/types\/product"}],"wp:featuredmedia":[{"embeddable":true,"href":"https:\/\/eco-onehotels.com\/fr\/wp-json\/wp\/v2\/media\/2990"}],"wp:attachment":[{"href":"https:\/\/eco-onehotels.com\/fr\/wp-json\/wp\/v2\/media?parent=4147"}],"wp:term":[{"taxonomy":"product_brand","embeddable":true,"href":"https:\/\/eco-onehotels.com\/fr\/wp-json\/wp\/v2\/product_brand?post=4147"},{"taxonomy":"product_cat","embeddable":true,"href":"https:\/\/eco-onehotels.com\/fr\/wp-json\/wp\/v2\/product_cat?post=4147"},{"taxonomy":"product_tag","embeddable":true,"href":"https:\/\/eco-onehotels.com\/fr\/wp-json\/wp\/v2\/product_tag?post=4147"}],"curies":[{"name":"wp","href":"https:\/\/api.w.org\/{rel}","templated":true}]}}