{"id":13284,"date":"2026-04-13T12:10:19","date_gmt":"2026-04-13T10:10:19","guid":{"rendered":"https:\/\/eco-onehotels.com\/?post_type=product&#038;p=13284"},"modified":"2026-04-13T12:10:26","modified_gmt":"2026-04-13T10:10:26","slug":"porte-revues-ouvert-avec-anse-style-ceinture","status":"publish","type":"product","link":"https:\/\/eco-onehotels.com\/fr\/boutique\/chaises\/porte-revues-ouvert-avec-anse-style-ceinture\/","title":{"rendered":"Porte-revues ouvert avec anse style ceinture"},"content":{"rendered":"","protected":false},"excerpt":{"rendered":"<p>Porte-revues ouvert \u00e0 structure rigide noire. Les deux c\u00f4t\u00e9s se rejoignent dans une courbe formant une anse sup\u00e9rieure avec finition style ceinture.<\/p>\n","protected":false},"featured_media":10706,"template":"","meta":{"_acf_changed":false},"product_brand":[],"product_cat":[129,124],"product_tag":[215],"class_list":{"0":"post-13284","1":"product","2":"type-product","3":"status-publish","4":"has-post-thumbnail","6":"product_cat-decoration","7":"product_cat-chaises","8":"product_tag-majestic-hotel-spa-barcelona","9":"product_shipping_class-peninsula","11":"first","12":"instock","13":"taxable","14":"shipping-taxable","15":"purchasable","16":"product-type-simple"},"acf":[],"yoast_head":"<!-- This site is optimized with the Yoast SEO plugin v26.2 - https:\/\/yoast.com\/wordpress\/plugins\/seo\/ -->\n<title>Porte-revues ouvert avec anse style ceinture - ECO-ONE<\/title>\n<meta name=\"robots\" content=\"index, follow, max-snippet:-1, max-image-preview:large, max-video-preview:-1\" \/>\n<link rel=\"canonical\" href=\"https:\/\/eco-onehotels.com\/fr\/boutique\/sin-categorizar\/porte-revues-ouvert-avec-anse-style-ceinture\/\" \/>\n<meta property=\"og:locale\" content=\"fr_FR\" \/>\n<meta property=\"og:type\" content=\"article\" \/>\n<meta property=\"og:title\" content=\"Porte-revues ouvert avec anse style ceinture - ECO-ONE\" \/>\n<meta property=\"og:description\" content=\"Porte-revues ouvert \u00e0 structure rigide noire. Les deux c\u00f4t\u00e9s se rejoignent dans une courbe formant une anse sup\u00e9rieure avec finition style ceinture.\" \/>\n<meta property=\"og:url\" content=\"https:\/\/eco-onehotels.com\/fr\/boutique\/sin-categorizar\/porte-revues-ouvert-avec-anse-style-ceinture\/\" \/>\n<meta property=\"og:site_name\" content=\"ECO-ONE\" \/>\n<meta property=\"article:modified_time\" content=\"2026-04-13T10:10:26+00:00\" \/>\n<meta property=\"og:image\" content=\"https:\/\/eco-onehotels.com\/wp-content\/uploads\/2026\/01\/imagen_081.png\" \/>\n\t<meta property=\"og:image:width\" content=\"1440\" \/>\n\t<meta property=\"og:image:height\" content=\"1440\" \/>\n\t<meta property=\"og:image:type\" content=\"image\/png\" \/>\n<meta name=\"twitter:card\" content=\"summary_large_image\" \/>\n<meta name=\"twitter:label1\" content=\"Dur\u00e9e de lecture estim\u00e9e\" \/>\n\t<meta name=\"twitter:data1\" content=\"1 minute\" \/>\n<script type=\"application\/ld+json\" class=\"yoast-schema-graph\">{\"@context\":\"https:\/\/schema.org\",\"@graph\":[{\"@type\":\"WebPage\",\"@id\":\"https:\/\/eco-onehotels.com\/fr\/boutique\/sin-categorizar\/porte-revues-ouvert-avec-anse-style-ceinture\/\",\"url\":\"https:\/\/eco-onehotels.com\/fr\/boutique\/sin-categorizar\/porte-revues-ouvert-avec-anse-style-ceinture\/\",\"name\":\"Porte-revues ouvert avec anse style ceinture - ECO-ONE\",\"isPartOf\":{\"@id\":\"https:\/\/eco-onehotels.com\/es\/#website\"},\"primaryImageOfPage\":{\"@id\":\"https:\/\/eco-onehotels.com\/fr\/boutique\/sin-categorizar\/porte-revues-ouvert-avec-anse-style-ceinture\/#primaryimage\"},\"image\":{\"@id\":\"https:\/\/eco-onehotels.com\/fr\/boutique\/sin-categorizar\/porte-revues-ouvert-avec-anse-style-ceinture\/#primaryimage\"},\"thumbnailUrl\":\"https:\/\/eco-onehotels.com\/wp-content\/uploads\/2026\/01\/imagen_081.png\",\"datePublished\":\"2026-04-13T10:10:19+00:00\",\"dateModified\":\"2026-04-13T10:10:26+00:00\",\"breadcrumb\":{\"@id\":\"https:\/\/eco-onehotels.com\/fr\/boutique\/sin-categorizar\/porte-revues-ouvert-avec-anse-style-ceinture\/#breadcrumb\"},\"inLanguage\":\"fr-FR\",\"potentialAction\":[{\"@type\":\"ReadAction\",\"target\":[\"https:\/\/eco-onehotels.com\/fr\/boutique\/sin-categorizar\/porte-revues-ouvert-avec-anse-style-ceinture\/\"]}]},{\"@type\":\"ImageObject\",\"inLanguage\":\"fr-FR\",\"@id\":\"https:\/\/eco-onehotels.com\/fr\/boutique\/sin-categorizar\/porte-revues-ouvert-avec-anse-style-ceinture\/#primaryimage\",\"url\":\"https:\/\/eco-onehotels.com\/wp-content\/uploads\/2026\/01\/imagen_081.png\",\"contentUrl\":\"https:\/\/eco-onehotels.com\/wp-content\/uploads\/2026\/01\/imagen_081.png\",\"width\":1440,\"height\":1440},{\"@type\":\"BreadcrumbList\",\"@id\":\"https:\/\/eco-onehotels.com\/fr\/boutique\/sin-categorizar\/porte-revues-ouvert-avec-anse-style-ceinture\/#breadcrumb\",\"itemListElement\":[{\"@type\":\"ListItem\",\"position\":1,\"name\":\"Portada\",\"item\":\"https:\/\/eco-onehotels.com\/es\/\"},{\"@type\":\"ListItem\",\"position\":2,\"name\":\"Boutique March\u00e9 de Seconde Main\",\"item\":\"https:\/\/eco-onehotels.com\/fr\/boutique\/\"},{\"@type\":\"ListItem\",\"position\":3,\"name\":\"Porte-revues ouvert avec anse style ceinture\"}]},{\"@type\":\"WebSite\",\"@id\":\"https:\/\/eco-onehotels.com\/es\/#website\",\"url\":\"https:\/\/eco-onehotels.com\/es\/\",\"name\":\"ECO-ONE\",\"description\":\"\",\"publisher\":{\"@id\":\"https:\/\/eco-onehotels.com\/es\/#organization\"},\"potentialAction\":[{\"@type\":\"SearchAction\",\"target\":{\"@type\":\"EntryPoint\",\"urlTemplate\":\"https:\/\/eco-onehotels.com\/es\/?s={search_term_string}\"},\"query-input\":{\"@type\":\"PropertyValueSpecification\",\"valueRequired\":true,\"valueName\":\"search_term_string\"}}],\"inLanguage\":\"fr-FR\"},{\"@type\":\"Organization\",\"@id\":\"https:\/\/eco-onehotels.com\/es\/#organization\",\"name\":\"ECO-ONE\",\"url\":\"https:\/\/eco-onehotels.com\/es\/\",\"logo\":{\"@type\":\"ImageObject\",\"inLanguage\":\"fr-FR\",\"@id\":\"https:\/\/eco-onehotels.com\/es\/#\/schema\/logo\/image\/\",\"url\":\"https:\/\/eco-onehotels.com\/wp-content\/uploads\/2024\/04\/LOGO-VECTORIZADO.svg\",\"contentUrl\":\"https:\/\/eco-onehotels.com\/wp-content\/uploads\/2024\/04\/LOGO-VECTORIZADO.svg\",\"caption\":\"ECO-ONE\"},\"image\":{\"@id\":\"https:\/\/eco-onehotels.com\/es\/#\/schema\/logo\/image\/\"}}]}<\/script>\n<!-- \/ Yoast SEO plugin. -->","yoast_head_json":{"title":"Porte-revues ouvert avec anse style ceinture - ECO-ONE","robots":{"index":"index","follow":"follow","max-snippet":"max-snippet:-1","max-image-preview":"max-image-preview:large","max-video-preview":"max-video-preview:-1"},"canonical":"https:\/\/eco-onehotels.com\/fr\/boutique\/sin-categorizar\/porte-revues-ouvert-avec-anse-style-ceinture\/","og_locale":"fr_FR","og_type":"article","og_title":"Porte-revues ouvert avec anse style ceinture - ECO-ONE","og_description":"Porte-revues ouvert \u00e0 structure rigide noire. Les deux c\u00f4t\u00e9s se rejoignent dans une courbe formant une anse sup\u00e9rieure avec finition style ceinture.","og_url":"https:\/\/eco-onehotels.com\/fr\/boutique\/sin-categorizar\/porte-revues-ouvert-avec-anse-style-ceinture\/","og_site_name":"ECO-ONE","article_modified_time":"2026-04-13T10:10:26+00:00","og_image":[{"width":1440,"height":1440,"url":"https:\/\/eco-onehotels.com\/wp-content\/uploads\/2026\/01\/imagen_081.png","type":"image\/png"}],"twitter_card":"summary_large_image","twitter_misc":{"Dur\u00e9e de lecture estim\u00e9e":"1 minute"},"schema":{"@context":"https:\/\/schema.org","@graph":[{"@type":"WebPage","@id":"https:\/\/eco-onehotels.com\/fr\/boutique\/sin-categorizar\/porte-revues-ouvert-avec-anse-style-ceinture\/","url":"https:\/\/eco-onehotels.com\/fr\/boutique\/sin-categorizar\/porte-revues-ouvert-avec-anse-style-ceinture\/","name":"Porte-revues ouvert avec anse style ceinture - ECO-ONE","isPartOf":{"@id":"https:\/\/eco-onehotels.com\/es\/#website"},"primaryImageOfPage":{"@id":"https:\/\/eco-onehotels.com\/fr\/boutique\/sin-categorizar\/porte-revues-ouvert-avec-anse-style-ceinture\/#primaryimage"},"image":{"@id":"https:\/\/eco-onehotels.com\/fr\/boutique\/sin-categorizar\/porte-revues-ouvert-avec-anse-style-ceinture\/#primaryimage"},"thumbnailUrl":"https:\/\/eco-onehotels.com\/wp-content\/uploads\/2026\/01\/imagen_081.png","datePublished":"2026-04-13T10:10:19+00:00","dateModified":"2026-04-13T10:10:26+00:00","breadcrumb":{"@id":"https:\/\/eco-onehotels.com\/fr\/boutique\/sin-categorizar\/porte-revues-ouvert-avec-anse-style-ceinture\/#breadcrumb"},"inLanguage":"fr-FR","potentialAction":[{"@type":"ReadAction","target":["https:\/\/eco-onehotels.com\/fr\/boutique\/sin-categorizar\/porte-revues-ouvert-avec-anse-style-ceinture\/"]}]},{"@type":"ImageObject","inLanguage":"fr-FR","@id":"https:\/\/eco-onehotels.com\/fr\/boutique\/sin-categorizar\/porte-revues-ouvert-avec-anse-style-ceinture\/#primaryimage","url":"https:\/\/eco-onehotels.com\/wp-content\/uploads\/2026\/01\/imagen_081.png","contentUrl":"https:\/\/eco-onehotels.com\/wp-content\/uploads\/2026\/01\/imagen_081.png","width":1440,"height":1440},{"@type":"BreadcrumbList","@id":"https:\/\/eco-onehotels.com\/fr\/boutique\/sin-categorizar\/porte-revues-ouvert-avec-anse-style-ceinture\/#breadcrumb","itemListElement":[{"@type":"ListItem","position":1,"name":"Portada","item":"https:\/\/eco-onehotels.com\/es\/"},{"@type":"ListItem","position":2,"name":"Boutique March\u00e9 de Seconde Main","item":"https:\/\/eco-onehotels.com\/fr\/boutique\/"},{"@type":"ListItem","position":3,"name":"Porte-revues ouvert avec anse style ceinture"}]},{"@type":"WebSite","@id":"https:\/\/eco-onehotels.com\/es\/#website","url":"https:\/\/eco-onehotels.com\/es\/","name":"ECO-ONE","description":"","publisher":{"@id":"https:\/\/eco-onehotels.com\/es\/#organization"},"potentialAction":[{"@type":"SearchAction","target":{"@type":"EntryPoint","urlTemplate":"https:\/\/eco-onehotels.com\/es\/?s={search_term_string}"},"query-input":{"@type":"PropertyValueSpecification","valueRequired":true,"valueName":"search_term_string"}}],"inLanguage":"fr-FR"},{"@type":"Organization","@id":"https:\/\/eco-onehotels.com\/es\/#organization","name":"ECO-ONE","url":"https:\/\/eco-onehotels.com\/es\/","logo":{"@type":"ImageObject","inLanguage":"fr-FR","@id":"https:\/\/eco-onehotels.com\/es\/#\/schema\/logo\/image\/","url":"https:\/\/eco-onehotels.com\/wp-content\/uploads\/2024\/04\/LOGO-VECTORIZADO.svg","contentUrl":"https:\/\/eco-onehotels.com\/wp-content\/uploads\/2024\/04\/LOGO-VECTORIZADO.svg","caption":"ECO-ONE"},"image":{"@id":"https:\/\/eco-onehotels.com\/es\/#\/schema\/logo\/image\/"}}]}},"tiered_pricing_type":"fixed","tiered_pricing_fixed_rules":[],"tiered_pricing_product_settings":{"layout":"default","base_unit_name":{"singular":null,"plural":null},"default_variation":null},"tiered_pricing_minimum_quantity":null,"tiered_pricing_roles_data":[],"tiered_pricing_percentage_rules":[],"_links":{"self":[{"href":"https:\/\/eco-onehotels.com\/fr\/wp-json\/wp\/v2\/product\/13284","targetHints":{"allow":["GET"]}}],"collection":[{"href":"https:\/\/eco-onehotels.com\/fr\/wp-json\/wp\/v2\/product"}],"about":[{"href":"https:\/\/eco-onehotels.com\/fr\/wp-json\/wp\/v2\/types\/product"}],"wp:featuredmedia":[{"embeddable":true,"href":"https:\/\/eco-onehotels.com\/fr\/wp-json\/wp\/v2\/media\/10706"}],"wp:attachment":[{"href":"https:\/\/eco-onehotels.com\/fr\/wp-json\/wp\/v2\/media?parent=13284"}],"wp:term":[{"taxonomy":"product_brand","embeddable":true,"href":"https:\/\/eco-onehotels.com\/fr\/wp-json\/wp\/v2\/product_brand?post=13284"},{"taxonomy":"product_cat","embeddable":true,"href":"https:\/\/eco-onehotels.com\/fr\/wp-json\/wp\/v2\/product_cat?post=13284"},{"taxonomy":"product_tag","embeddable":true,"href":"https:\/\/eco-onehotels.com\/fr\/wp-json\/wp\/v2\/product_tag?post=13284"}],"curies":[{"name":"wp","href":"https:\/\/api.w.org\/{rel}","templated":true}]}}