{"id":13246,"date":"2026-04-13T12:10:00","date_gmt":"2026-04-13T10:10:00","guid":{"rendered":"https:\/\/eco-onehotels.com\/?post_type=product&#038;p=13246"},"modified":"2026-04-13T12:10:05","modified_gmt":"2026-04-13T10:10:05","slug":"petite-table-de-chevet-avec-plateau-en-marbre","status":"publish","type":"product","link":"https:\/\/eco-onehotels.com\/fr\/boutique\/mobiliario-interior\/petite-table-de-chevet-avec-plateau-en-marbre\/","title":{"rendered":"Petite table de chevet avec plateau en marbre"},"content":{"rendered":"","protected":false},"excerpt":{"rendered":"<p>Petite table de chevet \u00e0 quatre pieds, avec structure en bois fonc\u00e9 sculpt\u00e9 de motifs floraux en relief. Le plateau sup\u00e9rieur est en marbre noir poli, vein\u00e9 de blanc, avec des bords arrondis.<\/p>\n","protected":false},"featured_media":10630,"template":"","meta":{"_acf_changed":false},"product_brand":[],"product_cat":[77],"product_tag":[215],"class_list":{"0":"post-13246","1":"product","2":"type-product","3":"status-publish","4":"has-post-thumbnail","6":"product_cat-mobiliario-interior","7":"product_tag-majestic-hotel-spa-barcelona","8":"product_shipping_class-peninsula","10":"first","11":"instock","12":"taxable","13":"shipping-taxable","14":"purchasable","15":"product-type-simple"},"acf":[],"yoast_head":"<!-- This site is optimized with the Yoast SEO plugin v26.2 - https:\/\/yoast.com\/wordpress\/plugins\/seo\/ -->\n<title>Petite table de chevet avec plateau en marbre - ECO-ONE<\/title>\n<meta name=\"robots\" content=\"index, follow, max-snippet:-1, max-image-preview:large, max-video-preview:-1\" \/>\n<link rel=\"canonical\" href=\"https:\/\/eco-onehotels.com\/fr\/boutique\/sin-categorizar\/petite-table-de-chevet-avec-plateau-en-marbre\/\" \/>\n<meta property=\"og:locale\" content=\"fr_FR\" \/>\n<meta property=\"og:type\" content=\"article\" \/>\n<meta property=\"og:title\" content=\"Petite table de chevet avec plateau en marbre - ECO-ONE\" \/>\n<meta property=\"og:description\" content=\"Petite table de chevet \u00e0 quatre pieds, avec structure en bois fonc\u00e9 sculpt\u00e9 de motifs floraux en relief. Le plateau sup\u00e9rieur est en marbre noir poli, vein\u00e9 de blanc, avec des bords arrondis.\" \/>\n<meta property=\"og:url\" content=\"https:\/\/eco-onehotels.com\/fr\/boutique\/sin-categorizar\/petite-table-de-chevet-avec-plateau-en-marbre\/\" \/>\n<meta property=\"og:site_name\" content=\"ECO-ONE\" \/>\n<meta property=\"article:modified_time\" content=\"2026-04-13T10:10:05+00:00\" \/>\n<meta property=\"og:image\" content=\"https:\/\/eco-onehotels.com\/wp-content\/uploads\/2026\/01\/imagen_005.png\" \/>\n\t<meta property=\"og:image:width\" content=\"1440\" \/>\n\t<meta property=\"og:image:height\" content=\"1440\" \/>\n\t<meta property=\"og:image:type\" content=\"image\/png\" \/>\n<meta name=\"twitter:card\" content=\"summary_large_image\" \/>\n<meta name=\"twitter:label1\" content=\"Dur\u00e9e de lecture estim\u00e9e\" \/>\n\t<meta name=\"twitter:data1\" content=\"1 minute\" \/>\n<script type=\"application\/ld+json\" class=\"yoast-schema-graph\">{\"@context\":\"https:\/\/schema.org\",\"@graph\":[{\"@type\":\"WebPage\",\"@id\":\"https:\/\/eco-onehotels.com\/fr\/boutique\/sin-categorizar\/petite-table-de-chevet-avec-plateau-en-marbre\/\",\"url\":\"https:\/\/eco-onehotels.com\/fr\/boutique\/sin-categorizar\/petite-table-de-chevet-avec-plateau-en-marbre\/\",\"name\":\"Petite table de chevet avec plateau en marbre - ECO-ONE\",\"isPartOf\":{\"@id\":\"https:\/\/eco-onehotels.com\/es\/#website\"},\"primaryImageOfPage\":{\"@id\":\"https:\/\/eco-onehotels.com\/fr\/boutique\/sin-categorizar\/petite-table-de-chevet-avec-plateau-en-marbre\/#primaryimage\"},\"image\":{\"@id\":\"https:\/\/eco-onehotels.com\/fr\/boutique\/sin-categorizar\/petite-table-de-chevet-avec-plateau-en-marbre\/#primaryimage\"},\"thumbnailUrl\":\"https:\/\/eco-onehotels.com\/wp-content\/uploads\/2026\/01\/imagen_005.png\",\"datePublished\":\"2026-04-13T10:10:00+00:00\",\"dateModified\":\"2026-04-13T10:10:05+00:00\",\"breadcrumb\":{\"@id\":\"https:\/\/eco-onehotels.com\/fr\/boutique\/sin-categorizar\/petite-table-de-chevet-avec-plateau-en-marbre\/#breadcrumb\"},\"inLanguage\":\"fr-FR\",\"potentialAction\":[{\"@type\":\"ReadAction\",\"target\":[\"https:\/\/eco-onehotels.com\/fr\/boutique\/sin-categorizar\/petite-table-de-chevet-avec-plateau-en-marbre\/\"]}]},{\"@type\":\"ImageObject\",\"inLanguage\":\"fr-FR\",\"@id\":\"https:\/\/eco-onehotels.com\/fr\/boutique\/sin-categorizar\/petite-table-de-chevet-avec-plateau-en-marbre\/#primaryimage\",\"url\":\"https:\/\/eco-onehotels.com\/wp-content\/uploads\/2026\/01\/imagen_005.png\",\"contentUrl\":\"https:\/\/eco-onehotels.com\/wp-content\/uploads\/2026\/01\/imagen_005.png\",\"width\":1440,\"height\":1440},{\"@type\":\"BreadcrumbList\",\"@id\":\"https:\/\/eco-onehotels.com\/fr\/boutique\/sin-categorizar\/petite-table-de-chevet-avec-plateau-en-marbre\/#breadcrumb\",\"itemListElement\":[{\"@type\":\"ListItem\",\"position\":1,\"name\":\"Portada\",\"item\":\"https:\/\/eco-onehotels.com\/es\/\"},{\"@type\":\"ListItem\",\"position\":2,\"name\":\"Boutique March\u00e9 de Seconde Main\",\"item\":\"https:\/\/eco-onehotels.com\/fr\/boutique\/\"},{\"@type\":\"ListItem\",\"position\":3,\"name\":\"Petite table de chevet avec plateau en marbre\"}]},{\"@type\":\"WebSite\",\"@id\":\"https:\/\/eco-onehotels.com\/es\/#website\",\"url\":\"https:\/\/eco-onehotels.com\/es\/\",\"name\":\"ECO-ONE\",\"description\":\"\",\"publisher\":{\"@id\":\"https:\/\/eco-onehotels.com\/es\/#organization\"},\"potentialAction\":[{\"@type\":\"SearchAction\",\"target\":{\"@type\":\"EntryPoint\",\"urlTemplate\":\"https:\/\/eco-onehotels.com\/es\/?s={search_term_string}\"},\"query-input\":{\"@type\":\"PropertyValueSpecification\",\"valueRequired\":true,\"valueName\":\"search_term_string\"}}],\"inLanguage\":\"fr-FR\"},{\"@type\":\"Organization\",\"@id\":\"https:\/\/eco-onehotels.com\/es\/#organization\",\"name\":\"ECO-ONE\",\"url\":\"https:\/\/eco-onehotels.com\/es\/\",\"logo\":{\"@type\":\"ImageObject\",\"inLanguage\":\"fr-FR\",\"@id\":\"https:\/\/eco-onehotels.com\/es\/#\/schema\/logo\/image\/\",\"url\":\"https:\/\/eco-onehotels.com\/wp-content\/uploads\/2024\/04\/LOGO-VECTORIZADO.svg\",\"contentUrl\":\"https:\/\/eco-onehotels.com\/wp-content\/uploads\/2024\/04\/LOGO-VECTORIZADO.svg\",\"caption\":\"ECO-ONE\"},\"image\":{\"@id\":\"https:\/\/eco-onehotels.com\/es\/#\/schema\/logo\/image\/\"}}]}<\/script>\n<!-- \/ Yoast SEO plugin. -->","yoast_head_json":{"title":"Petite table de chevet avec plateau en marbre - ECO-ONE","robots":{"index":"index","follow":"follow","max-snippet":"max-snippet:-1","max-image-preview":"max-image-preview:large","max-video-preview":"max-video-preview:-1"},"canonical":"https:\/\/eco-onehotels.com\/fr\/boutique\/sin-categorizar\/petite-table-de-chevet-avec-plateau-en-marbre\/","og_locale":"fr_FR","og_type":"article","og_title":"Petite table de chevet avec plateau en marbre - ECO-ONE","og_description":"Petite table de chevet \u00e0 quatre pieds, avec structure en bois fonc\u00e9 sculpt\u00e9 de motifs floraux en relief. Le plateau sup\u00e9rieur est en marbre noir poli, vein\u00e9 de blanc, avec des bords arrondis.","og_url":"https:\/\/eco-onehotels.com\/fr\/boutique\/sin-categorizar\/petite-table-de-chevet-avec-plateau-en-marbre\/","og_site_name":"ECO-ONE","article_modified_time":"2026-04-13T10:10:05+00:00","og_image":[{"width":1440,"height":1440,"url":"https:\/\/eco-onehotels.com\/wp-content\/uploads\/2026\/01\/imagen_005.png","type":"image\/png"}],"twitter_card":"summary_large_image","twitter_misc":{"Dur\u00e9e de lecture estim\u00e9e":"1 minute"},"schema":{"@context":"https:\/\/schema.org","@graph":[{"@type":"WebPage","@id":"https:\/\/eco-onehotels.com\/fr\/boutique\/sin-categorizar\/petite-table-de-chevet-avec-plateau-en-marbre\/","url":"https:\/\/eco-onehotels.com\/fr\/boutique\/sin-categorizar\/petite-table-de-chevet-avec-plateau-en-marbre\/","name":"Petite table de chevet avec plateau en marbre - ECO-ONE","isPartOf":{"@id":"https:\/\/eco-onehotels.com\/es\/#website"},"primaryImageOfPage":{"@id":"https:\/\/eco-onehotels.com\/fr\/boutique\/sin-categorizar\/petite-table-de-chevet-avec-plateau-en-marbre\/#primaryimage"},"image":{"@id":"https:\/\/eco-onehotels.com\/fr\/boutique\/sin-categorizar\/petite-table-de-chevet-avec-plateau-en-marbre\/#primaryimage"},"thumbnailUrl":"https:\/\/eco-onehotels.com\/wp-content\/uploads\/2026\/01\/imagen_005.png","datePublished":"2026-04-13T10:10:00+00:00","dateModified":"2026-04-13T10:10:05+00:00","breadcrumb":{"@id":"https:\/\/eco-onehotels.com\/fr\/boutique\/sin-categorizar\/petite-table-de-chevet-avec-plateau-en-marbre\/#breadcrumb"},"inLanguage":"fr-FR","potentialAction":[{"@type":"ReadAction","target":["https:\/\/eco-onehotels.com\/fr\/boutique\/sin-categorizar\/petite-table-de-chevet-avec-plateau-en-marbre\/"]}]},{"@type":"ImageObject","inLanguage":"fr-FR","@id":"https:\/\/eco-onehotels.com\/fr\/boutique\/sin-categorizar\/petite-table-de-chevet-avec-plateau-en-marbre\/#primaryimage","url":"https:\/\/eco-onehotels.com\/wp-content\/uploads\/2026\/01\/imagen_005.png","contentUrl":"https:\/\/eco-onehotels.com\/wp-content\/uploads\/2026\/01\/imagen_005.png","width":1440,"height":1440},{"@type":"BreadcrumbList","@id":"https:\/\/eco-onehotels.com\/fr\/boutique\/sin-categorizar\/petite-table-de-chevet-avec-plateau-en-marbre\/#breadcrumb","itemListElement":[{"@type":"ListItem","position":1,"name":"Portada","item":"https:\/\/eco-onehotels.com\/es\/"},{"@type":"ListItem","position":2,"name":"Boutique March\u00e9 de Seconde Main","item":"https:\/\/eco-onehotels.com\/fr\/boutique\/"},{"@type":"ListItem","position":3,"name":"Petite table de chevet avec plateau en marbre"}]},{"@type":"WebSite","@id":"https:\/\/eco-onehotels.com\/es\/#website","url":"https:\/\/eco-onehotels.com\/es\/","name":"ECO-ONE","description":"","publisher":{"@id":"https:\/\/eco-onehotels.com\/es\/#organization"},"potentialAction":[{"@type":"SearchAction","target":{"@type":"EntryPoint","urlTemplate":"https:\/\/eco-onehotels.com\/es\/?s={search_term_string}"},"query-input":{"@type":"PropertyValueSpecification","valueRequired":true,"valueName":"search_term_string"}}],"inLanguage":"fr-FR"},{"@type":"Organization","@id":"https:\/\/eco-onehotels.com\/es\/#organization","name":"ECO-ONE","url":"https:\/\/eco-onehotels.com\/es\/","logo":{"@type":"ImageObject","inLanguage":"fr-FR","@id":"https:\/\/eco-onehotels.com\/es\/#\/schema\/logo\/image\/","url":"https:\/\/eco-onehotels.com\/wp-content\/uploads\/2024\/04\/LOGO-VECTORIZADO.svg","contentUrl":"https:\/\/eco-onehotels.com\/wp-content\/uploads\/2024\/04\/LOGO-VECTORIZADO.svg","caption":"ECO-ONE"},"image":{"@id":"https:\/\/eco-onehotels.com\/es\/#\/schema\/logo\/image\/"}}]}},"tiered_pricing_type":"fixed","tiered_pricing_fixed_rules":[],"tiered_pricing_product_settings":{"layout":"default","base_unit_name":{"singular":null,"plural":null},"default_variation":null},"tiered_pricing_minimum_quantity":null,"tiered_pricing_roles_data":[],"tiered_pricing_percentage_rules":[],"_links":{"self":[{"href":"https:\/\/eco-onehotels.com\/fr\/wp-json\/wp\/v2\/product\/13246","targetHints":{"allow":["GET"]}}],"collection":[{"href":"https:\/\/eco-onehotels.com\/fr\/wp-json\/wp\/v2\/product"}],"about":[{"href":"https:\/\/eco-onehotels.com\/fr\/wp-json\/wp\/v2\/types\/product"}],"wp:featuredmedia":[{"embeddable":true,"href":"https:\/\/eco-onehotels.com\/fr\/wp-json\/wp\/v2\/media\/10630"}],"wp:attachment":[{"href":"https:\/\/eco-onehotels.com\/fr\/wp-json\/wp\/v2\/media?parent=13246"}],"wp:term":[{"taxonomy":"product_brand","embeddable":true,"href":"https:\/\/eco-onehotels.com\/fr\/wp-json\/wp\/v2\/product_brand?post=13246"},{"taxonomy":"product_cat","embeddable":true,"href":"https:\/\/eco-onehotels.com\/fr\/wp-json\/wp\/v2\/product_cat?post=13246"},{"taxonomy":"product_tag","embeddable":true,"href":"https:\/\/eco-onehotels.com\/fr\/wp-json\/wp\/v2\/product_tag?post=13246"}],"curies":[{"name":"wp","href":"https:\/\/api.w.org\/{rel}","templated":true}]}}