{"id":4254,"date":"2024-07-01T10:19:14","date_gmt":"2024-07-01T08:19:14","guid":{"rendered":"https:\/\/eco-onehotels.com\/enregistrement-en-tant-que-vendeur\/"},"modified":"2026-03-02T10:52:52","modified_gmt":"2026-03-02T09:52:52","slug":"enregistrement-en-tant-que-vendeur","status":"publish","type":"page","link":"https:\/\/eco-onehotels.com\/fr\/enregistrement-en-tant-que-vendeur\/","title":{"rendered":"Enregistrement en tant que vendeur"},"content":{"rendered":"\t\t<div data-elementor-type=\"wp-page\" data-elementor-id=\"4254\" class=\"elementor elementor-4254 elementor-1502\" data-elementor-post-type=\"page\">\n\t\t\t\t<div class=\"elementor-element elementor-element-8f092ad e-flex e-con-boxed e-con e-parent\" data-id=\"8f092ad\" data-element_type=\"container\" data-e-type=\"container\">\n\t\t\t\t\t<div class=\"e-con-inner\">\n\t\t\t\t<div class=\"elementor-element elementor-element-e734ad4 elementor-widget elementor-widget-heading\" data-id=\"e734ad4\" data-element_type=\"widget\" data-e-type=\"widget\" data-widget_type=\"heading.default\">\n\t\t\t\t<div class=\"elementor-widget-container\">\n\t\t\t\t\t<h1 class=\"elementor-heading-title elementor-size-default\">S'inscrire en tant que vendeur<\/h1>\t\t\t\t<\/div>\n\t\t\t\t<\/div>\n\t\t\t\t<div class=\"elementor-element elementor-element-90d449e elementor-widget elementor-widget-text-editor\" data-id=\"90d449e\" data-element_type=\"widget\" data-e-type=\"widget\" data-widget_type=\"text-editor.default\">\n\t\t\t\t<div class=\"elementor-widget-container\">\n\t\t\t\t\t\t\t\t\t<p>Le compte que vous avez cr\u00e9\u00e9 pr\u00e9c\u00e9demment vous permet de naviguer et d&rsquo;acheter, mais pas de publier vos produits. Pour cela <strong>, vous avez besoin d&rsquo;un compte vendeur.\u00a0<\/strong> Vous pouvez obtenir un compte vendeur gratuitement en remplissant le formulaire ci-dessous. Veuillez utiliser le m\u00eame courriel et le m\u00eame mot de passe que ceux que vous avez utilis\u00e9s pr\u00e9c\u00e9demment.<\/p><p>Si vous avez d\u00e9j\u00e0 effectu\u00e9 cette d\u00e9marche, rendez-vous dans la section \u00ab\u00a0mon compte\u00a0\u00bb.<\/p><p>Vous pouvez le faire en cliquant sur l&rsquo;ic\u00f4ne en haut \u00e0 droite. Ou en cliquant <span style=\"text-decoration: underline; color: #333399;\"><a style=\"color: #333399; text-decoration: underline;\" href=\"https:\/\/eco-onehotels.com\/fr\/mon-compte-second-hand-market\/\">ICI<\/a><\/span><\/p>\t\t\t\t\t\t\t\t<\/div>\n\t\t\t\t<\/div>\n\t\t\t\t\t<\/div>\n\t\t\t\t<\/div>\n\t\t<div class=\"elementor-element elementor-element-c3bd9d0 e-flex e-con-boxed e-con e-parent\" data-id=\"c3bd9d0\" data-element_type=\"container\" data-e-type=\"container\">\n\t\t\t\t\t<div class=\"e-con-inner\">\n\t\t\t\t<div class=\"elementor-element elementor-element-a143362 elementor-widget elementor-widget-shortcode\" data-id=\"a143362\" data-element_type=\"widget\" data-e-type=\"widget\" data-widget_type=\"shortcode.default\">\n\t\t\t\t<div class=\"elementor-widget-container\">\n\t\t\t\t\t\t\t<div class=\"elementor-shortcode\">\t<div class='user-registration ur-frontend-form   ' id='user-registration-form-1652'>\n\t\t\t\t\t\t\t\t<form method='post' class='register' data-form-id=\"1652\"\n\t\t\t\tdata-enable-strength-password=\"1\" data-minimum-password-strength=\"3\"\n\t\t\t\t\t\t\t\t\t\t\t\t\t\t\t data-captcha-enabled=\"\">\n\n\t\t\t\t<div class=\"ur-form-row\" data-row-id=\"0\">\t\t\t\t\t\t\t<div class=\"ur-form-grid ur-grid-1\"\n\t\t\t\t\t\t\t\tstyle=\"width:48%\">\n\t\t\t\t\t\t\t\t\t\t\t\t\t\t\t\t<div  data-field-id=\"first_name\" class=\"ur-field-item field-first_name \" data-ref-id=\"first_name\" data-field-pattern-enabled=\"0\" data-field-pattern-value=\" \" data-field-pattern-message=\" \">\n\t\t\t\t\t\t\t\t\t\t<div class=\"form-row \" id=\"first_name_field\" data-priority=\"\" ><label for=\"first_name\" class=\"ur-label\">Personne de contact\n<\/label> <span class=\"input-wrapper\"> <input  data-rules=\"\" data-id=\"first_name\" type=\"text\" class=\"input-text   input-text ur-frontend-field  \" name=\"first_name\" id=\"first_name\" placeholder=\"\"  value=\"\" data-label=\"Personne de contact\n\" \/> <\/span> <\/div>\t\t\t\t\t\t\t\t\t<\/div>\n\t\t\t\t\t\t\t\t\t\t\t\t\t\t\t\t\t\t<div  data-field-id=\"user_email\" class=\"ur-field-item field-user_email \" data-ref-id=\"user_email\" data-field-pattern-enabled=\"0\" data-field-pattern-value=\" \" data-field-pattern-message=\" \">\n\t\t\t\t\t\t\t\t\t\t<div class=\"form-row validate-required\" id=\"user_email_field\" data-priority=\"\" ><label for=\"user_email\" class=\"ur-label\">Adresse \u00e9lectronique <abbr class=\"required\" title=\"required\">*<\/abbr><\/label> <span class=\"input-wrapper\"> <input  data-rules=\"\" data-id=\"user_email\" type=\"email\" class=\"input-text   input-email ur-frontend-field  \" name=\"user_email\" id=\"user_email\" placeholder=\"\"  value=\"\" required=\"required\" data-label=\"Adresse \u00e9lectronique\" \/> <\/span> <\/div>\t\t\t\t\t\t\t\t\t<\/div>\n\t\t\t\t\t\t\t\t\t\t\t\t\t\t\t\t\t\t<div  data-field-id=\"privacy_policy_1720015855\" class=\"ur-field-item field-privacy_policy \" data-ref-id=\"privacy_policy_1720015855\" data-field-pattern-enabled=\"0\" data-field-pattern-value=\" \" data-field-pattern-message=\" \">\n\t\t\t\t\t\t\t\t\t\t<div class=\"form-row validate-required\" id=\"privacy_policy_1720015855_field\" data-priority=\"\" ><label class=\"ur-label checkbox\" required=\"required\" data-label=\"Politique de confidentialit\u00e9\">\n\t\t\t\t\t\t\t<input data-rules=\"\" data-id=\"privacy_policy_1720015855\" required=\"required\" data-label=\"Politique de confidentialit\u00e9\" data-value=\"\" type=\"checkbox\" class=\"input-checkbox ur-frontend-field \" name=\"privacy_policy_1720015855\" id=\"privacy_policy_1720015855\" value=\"1\"  \/> Politique de confidentialit\u00e9 <abbr class=\"required\" title=\"required\">*<\/abbr><\/label><span class=\"description\">Plus d'informations dans le pied de page.<\/span><\/div>\t\t\t\t\t\t\t\t\t<\/div>\n\t\t\t\t\t\t\t\t\t\t\t\t\t\t\t\t<\/div>\n\t\t\t\t\t\t\t\t\t\t\t\t\t\t<div class=\"ur-form-grid ur-grid-2\"\n\t\t\t\t\t\t\t\tstyle=\"width:48%\">\n\t\t\t\t\t\t\t\t\t\t\t\t\t\t\t\t<div  data-field-id=\"hotel_name\" class=\"ur-field-item field-text \" data-ref-id=\"hotel_name\" data-field-pattern-enabled=\"0\" data-field-pattern-value=\" \" data-field-pattern-message=\" \">\n\t\t\t\t\t\t\t\t\t\t<div class=\"form-row \" id=\"hotel_name_field\" data-priority=\"\" ><label for=\"hotel_name\" class=\"ur-label\">Nom de l'h\u00f4tel<\/label> <span class=\"input-wrapper\"> <input  data-rules=\"\" data-id=\"hotel_name\" type=\"text\" class=\"input-text   input-text ur-frontend-field  \" name=\"hotel_name\" id=\"hotel_name\" placeholder=\"\"  value=\"\" data-label=\"Nom de l&#039;h\u00f4tel\" \/> <\/span> <\/div>\t\t\t\t\t\t\t\t\t<\/div>\n\t\t\t\t\t\t\t\t\t\t\t\t\t\t\t\t\t\t<div  data-field-id=\"user_pass\" class=\"ur-field-item field-user_pass \" data-ref-id=\"user_pass\" data-field-pattern-enabled=\"0\" data-field-pattern-value=\" \" data-field-pattern-message=\" \">\n\t\t\t\t\t\t\t\t\t\t<div class=\"form-row validate-required hide_show_password\" id=\"user_pass_field\" data-priority=\"\"><label for=\"user_pass\" class=\"ur-label\">Mot de passe <abbr class=\"required\" title=\"required\">*<\/abbr><\/label> <span class=\"input-wrapper\"> <span class=\"password-input-group input-form-field-icons\"><input data-rules=\"\" data-id=\"user_pass\" type=\"password\" class=\"input-text  input-password ur-frontend-field  \" name=\"user_pass\" id=\"user_pass\" placeholder=\"\"  value=\"\" required=\"required\" data-label=\"Mot de passe\" \/><\/span> <\/span> <\/div>\t\t\t\t\t\t\t\t\t<\/div>\n\t\t\t\t\t\t\t\t\t\t\t\t\t\t\t\t<\/div>\n\t\t\t\t\t\t\t\t\t\t\t\t\t<\/div>\n\t\t\t\t\t\t\t\t\t\t\t\t\t\t\t\t\t\t<div class=\"ur-button-container \" >\n\t\t\t\t\t\t\t\t\t\t\t\t\t\t<button type=\"submit\" class=\"btn button ur-submit-button \"  conditional_rules=\"&quot;&quot;\">\n\t\t\t\t\t\t\t\t<span><\/span>\n\t\t\t\t\t\t\t\tS&#039;inscrire en tant que vendeur\t\t\t\t\t\t\t<\/button>\n\t\t\t\t\t\t\t\t\t\t\t\t\t\t\t\t\t\t\t\t<\/div>\n\t\t\t\t\t\t\n\t\t\t\t<div style=\"clear:both\"><\/div>\n\t\t\t\t\t\t\t\t<input type=\"hidden\" name=\"ur-registration-language\" value=\"fr\"\/>\n\t\t\t\t<input type=\"hidden\" name=\"ur-user-form-id\" value=\"1652\"\/>\n\t\t\t\t<input type=\"hidden\" name=\"ur-redirect-url\" value=\"https:\/\/eco-onehotels.com\/es\/mi-cuenta\/\"\/>\n\t\t\t\t<input type=\"hidden\" id=\"ur_frontend_form_nonce\" name=\"ur_frontend_form_nonce\" value=\"4a0b02a9e8\" \/>\n\t\t\t\t\n\t\t\t<\/form>\n\t\t\t\n\t\t<div style=\"clear:both\"><\/div>\n\t<\/div>\n\n<\/div>\n\t\t\t\t\t\t<\/div>\n\t\t\t\t<\/div>\n\t\t\t\t\t<\/div>\n\t\t\t\t<\/div>\n\t\t\t\t<\/div>\n\t\t","protected":false},"excerpt":{"rendered":"<p>S&rsquo;inscrire en tant que vendeur Le compte que vous avez cr\u00e9\u00e9 pr\u00e9c\u00e9demment vous permet de naviguer et d&rsquo;acheter, mais pas de publier vos produits. Pour cela , vous avez besoin d&rsquo;un compte vendeur.\u00a0 Vous pouvez obtenir un compte vendeur gratuitement en remplissant le formulaire ci-dessous. Veuillez utiliser le m\u00eame courriel et le m\u00eame mot de [&hellip;]<\/p>\n","protected":false},"author":2,"featured_media":0,"parent":0,"menu_order":0,"comment_status":"closed","ping_status":"closed","template":"elementor_header_footer","meta":{"_acf_changed":false,"footnotes":""},"class_list":["post-4254","page","type-page","status-publish","hentry"],"acf":[],"yoast_head":"<!-- This site is optimized with the Yoast SEO plugin v26.2 - https:\/\/yoast.com\/wordpress\/plugins\/seo\/ -->\n<title>Enregistrement en tant que vendeur - ECO-ONE<\/title>\n<meta name=\"robots\" content=\"index, follow, max-snippet:-1, max-image-preview:large, max-video-preview:-1\" \/>\n<link rel=\"canonical\" href=\"https:\/\/eco-onehotels.com\/fr\/enregistrement-en-tant-que-vendeur\/\" \/>\n<meta property=\"og:locale\" content=\"fr_FR\" \/>\n<meta property=\"og:type\" content=\"article\" \/>\n<meta property=\"og:title\" content=\"Enregistrement en tant que vendeur - ECO-ONE\" \/>\n<meta property=\"og:description\" content=\"S&rsquo;inscrire en tant que vendeur Le compte que vous avez cr\u00e9\u00e9 pr\u00e9c\u00e9demment vous permet de naviguer et d&rsquo;acheter, mais pas de publier vos produits. Pour cela , vous avez besoin d&rsquo;un compte vendeur.\u00a0 Vous pouvez obtenir un compte vendeur gratuitement en remplissant le formulaire ci-dessous. Veuillez utiliser le m\u00eame courriel et le m\u00eame mot de [&hellip;]\" \/>\n<meta property=\"og:url\" content=\"https:\/\/eco-onehotels.com\/fr\/enregistrement-en-tant-que-vendeur\/\" \/>\n<meta property=\"og:site_name\" content=\"ECO-ONE\" \/>\n<meta property=\"article:modified_time\" content=\"2026-03-02T09:52:52+00:00\" \/>\n<meta name=\"twitter:card\" content=\"summary_large_image\" \/>\n<meta name=\"twitter:label1\" content=\"Dur\u00e9e de lecture estim\u00e9e\" \/>\n\t<meta name=\"twitter:data1\" content=\"1 minute\" \/>\n<script type=\"application\/ld+json\" class=\"yoast-schema-graph\">{\"@context\":\"https:\/\/schema.org\",\"@graph\":[{\"@type\":\"WebPage\",\"@id\":\"https:\/\/eco-onehotels.com\/fr\/enregistrement-en-tant-que-vendeur\/\",\"url\":\"https:\/\/eco-onehotels.com\/fr\/enregistrement-en-tant-que-vendeur\/\",\"name\":\"Enregistrement en tant que vendeur - ECO-ONE\",\"isPartOf\":{\"@id\":\"https:\/\/eco-onehotels.com\/es\/#website\"},\"datePublished\":\"2024-07-01T08:19:14+00:00\",\"dateModified\":\"2026-03-02T09:52:52+00:00\",\"breadcrumb\":{\"@id\":\"https:\/\/eco-onehotels.com\/fr\/enregistrement-en-tant-que-vendeur\/#breadcrumb\"},\"inLanguage\":\"fr-FR\",\"potentialAction\":[{\"@type\":\"ReadAction\",\"target\":[\"https:\/\/eco-onehotels.com\/fr\/enregistrement-en-tant-que-vendeur\/\"]}]},{\"@type\":\"BreadcrumbList\",\"@id\":\"https:\/\/eco-onehotels.com\/fr\/enregistrement-en-tant-que-vendeur\/#breadcrumb\",\"itemListElement\":[{\"@type\":\"ListItem\",\"position\":1,\"name\":\"Portada\",\"item\":\"https:\/\/eco-onehotels.com\/es\/\"},{\"@type\":\"ListItem\",\"position\":2,\"name\":\"Enregistrement en tant que vendeur\"}]},{\"@type\":\"WebSite\",\"@id\":\"https:\/\/eco-onehotels.com\/es\/#website\",\"url\":\"https:\/\/eco-onehotels.com\/es\/\",\"name\":\"ECO-ONE\",\"description\":\"\",\"publisher\":{\"@id\":\"https:\/\/eco-onehotels.com\/es\/#organization\"},\"potentialAction\":[{\"@type\":\"SearchAction\",\"target\":{\"@type\":\"EntryPoint\",\"urlTemplate\":\"https:\/\/eco-onehotels.com\/es\/?s={search_term_string}\"},\"query-input\":{\"@type\":\"PropertyValueSpecification\",\"valueRequired\":true,\"valueName\":\"search_term_string\"}}],\"inLanguage\":\"fr-FR\"},{\"@type\":\"Organization\",\"@id\":\"https:\/\/eco-onehotels.com\/es\/#organization\",\"name\":\"ECO-ONE\",\"url\":\"https:\/\/eco-onehotels.com\/es\/\",\"logo\":{\"@type\":\"ImageObject\",\"inLanguage\":\"fr-FR\",\"@id\":\"https:\/\/eco-onehotels.com\/es\/#\/schema\/logo\/image\/\",\"url\":\"https:\/\/eco-onehotels.com\/wp-content\/uploads\/2024\/04\/LOGO-VECTORIZADO.svg\",\"contentUrl\":\"https:\/\/eco-onehotels.com\/wp-content\/uploads\/2024\/04\/LOGO-VECTORIZADO.svg\",\"caption\":\"ECO-ONE\"},\"image\":{\"@id\":\"https:\/\/eco-onehotels.com\/es\/#\/schema\/logo\/image\/\"}}]}<\/script>\n<!-- \/ Yoast SEO plugin. -->","yoast_head_json":{"title":"Enregistrement en tant que vendeur - ECO-ONE","robots":{"index":"index","follow":"follow","max-snippet":"max-snippet:-1","max-image-preview":"max-image-preview:large","max-video-preview":"max-video-preview:-1"},"canonical":"https:\/\/eco-onehotels.com\/fr\/enregistrement-en-tant-que-vendeur\/","og_locale":"fr_FR","og_type":"article","og_title":"Enregistrement en tant que vendeur - ECO-ONE","og_description":"S&rsquo;inscrire en tant que vendeur Le compte que vous avez cr\u00e9\u00e9 pr\u00e9c\u00e9demment vous permet de naviguer et d&rsquo;acheter, mais pas de publier vos produits. Pour cela , vous avez besoin d&rsquo;un compte vendeur.\u00a0 Vous pouvez obtenir un compte vendeur gratuitement en remplissant le formulaire ci-dessous. Veuillez utiliser le m\u00eame courriel et le m\u00eame mot de [&hellip;]","og_url":"https:\/\/eco-onehotels.com\/fr\/enregistrement-en-tant-que-vendeur\/","og_site_name":"ECO-ONE","article_modified_time":"2026-03-02T09:52:52+00:00","twitter_card":"summary_large_image","twitter_misc":{"Dur\u00e9e de lecture estim\u00e9e":"1 minute"},"schema":{"@context":"https:\/\/schema.org","@graph":[{"@type":"WebPage","@id":"https:\/\/eco-onehotels.com\/fr\/enregistrement-en-tant-que-vendeur\/","url":"https:\/\/eco-onehotels.com\/fr\/enregistrement-en-tant-que-vendeur\/","name":"Enregistrement en tant que vendeur - ECO-ONE","isPartOf":{"@id":"https:\/\/eco-onehotels.com\/es\/#website"},"datePublished":"2024-07-01T08:19:14+00:00","dateModified":"2026-03-02T09:52:52+00:00","breadcrumb":{"@id":"https:\/\/eco-onehotels.com\/fr\/enregistrement-en-tant-que-vendeur\/#breadcrumb"},"inLanguage":"fr-FR","potentialAction":[{"@type":"ReadAction","target":["https:\/\/eco-onehotels.com\/fr\/enregistrement-en-tant-que-vendeur\/"]}]},{"@type":"BreadcrumbList","@id":"https:\/\/eco-onehotels.com\/fr\/enregistrement-en-tant-que-vendeur\/#breadcrumb","itemListElement":[{"@type":"ListItem","position":1,"name":"Portada","item":"https:\/\/eco-onehotels.com\/es\/"},{"@type":"ListItem","position":2,"name":"Enregistrement en tant que vendeur"}]},{"@type":"WebSite","@id":"https:\/\/eco-onehotels.com\/es\/#website","url":"https:\/\/eco-onehotels.com\/es\/","name":"ECO-ONE","description":"","publisher":{"@id":"https:\/\/eco-onehotels.com\/es\/#organization"},"potentialAction":[{"@type":"SearchAction","target":{"@type":"EntryPoint","urlTemplate":"https:\/\/eco-onehotels.com\/es\/?s={search_term_string}"},"query-input":{"@type":"PropertyValueSpecification","valueRequired":true,"valueName":"search_term_string"}}],"inLanguage":"fr-FR"},{"@type":"Organization","@id":"https:\/\/eco-onehotels.com\/es\/#organization","name":"ECO-ONE","url":"https:\/\/eco-onehotels.com\/es\/","logo":{"@type":"ImageObject","inLanguage":"fr-FR","@id":"https:\/\/eco-onehotels.com\/es\/#\/schema\/logo\/image\/","url":"https:\/\/eco-onehotels.com\/wp-content\/uploads\/2024\/04\/LOGO-VECTORIZADO.svg","contentUrl":"https:\/\/eco-onehotels.com\/wp-content\/uploads\/2024\/04\/LOGO-VECTORIZADO.svg","caption":"ECO-ONE"},"image":{"@id":"https:\/\/eco-onehotels.com\/es\/#\/schema\/logo\/image\/"}}]}},"_links":{"self":[{"href":"https:\/\/eco-onehotels.com\/fr\/wp-json\/wp\/v2\/pages\/4254","targetHints":{"allow":["GET"]}}],"collection":[{"href":"https:\/\/eco-onehotels.com\/fr\/wp-json\/wp\/v2\/pages"}],"about":[{"href":"https:\/\/eco-onehotels.com\/fr\/wp-json\/wp\/v2\/types\/page"}],"author":[{"embeddable":true,"href":"https:\/\/eco-onehotels.com\/fr\/wp-json\/wp\/v2\/users\/2"}],"replies":[{"embeddable":true,"href":"https:\/\/eco-onehotels.com\/fr\/wp-json\/wp\/v2\/comments?post=4254"}],"version-history":[{"count":6,"href":"https:\/\/eco-onehotels.com\/fr\/wp-json\/wp\/v2\/pages\/4254\/revisions"}],"predecessor-version":[{"id":4705,"href":"https:\/\/eco-onehotels.com\/fr\/wp-json\/wp\/v2\/pages\/4254\/revisions\/4705"}],"wp:attachment":[{"href":"https:\/\/eco-onehotels.com\/fr\/wp-json\/wp\/v2\/media?parent=4254"}],"curies":[{"name":"wp","href":"https:\/\/api.w.org\/{rel}","templated":true}]}}