{"id":4245,"date":"2024-07-02T09:54:40","date_gmt":"2024-07-02T07:54:40","guid":{"rendered":"https:\/\/eco-onehotels.com\/avis-juridique\/"},"modified":"2026-02-26T17:23:53","modified_gmt":"2026-02-26T16:23:53","slug":"avis-juridique","status":"publish","type":"page","link":"https:\/\/eco-onehotels.com\/fr\/avis-juridique\/","title":{"rendered":"Avis juridique"},"content":{"rendered":"\t\t<div data-elementor-type=\"wp-page\" data-elementor-id=\"4245\" class=\"elementor elementor-4245 elementor-1570\" data-elementor-post-type=\"page\">\n\t\t\t\t<div class=\"elementor-element elementor-element-564303d e-flex e-con-boxed e-con e-parent\" data-id=\"564303d\" data-element_type=\"container\" data-e-type=\"container\">\n\t\t\t\t\t<div class=\"e-con-inner\">\n\t\t\t\t<div class=\"elementor-element elementor-element-c5d1ae6 elementor-widget elementor-widget-heading\" data-id=\"c5d1ae6\" data-element_type=\"widget\" data-e-type=\"widget\" data-widget_type=\"heading.default\">\n\t\t\t\t<div class=\"elementor-widget-container\">\n\t\t\t\t\t<h1 class=\"elementor-heading-title elementor-size-default\">Avis juridique<\/h1>\t\t\t\t<\/div>\n\t\t\t\t<\/div>\n\t\t\t\t\t<\/div>\n\t\t\t\t<\/div>\n\t\t<div class=\"elementor-element elementor-element-ae2040b e-flex e-con-boxed e-con e-parent\" data-id=\"ae2040b\" data-element_type=\"container\" data-e-type=\"container\">\n\t\t\t\t\t<div class=\"e-con-inner\">\n\t\t\t\t<div class=\"elementor-element elementor-element-8cf47c0 elementor-widget elementor-widget-text-editor\" data-id=\"8cf47c0\" data-element_type=\"widget\" data-e-type=\"widget\" data-widget_type=\"text-editor.default\">\n\t\t\t\t<div class=\"elementor-widget-container\">\n\t\t\t\t\t\t\t\t\t<p><b>Accords juridiques chez ECO ONE<\/b><\/p><p><span style=\"font-weight: 400;\">En vous inscrivant sur la plate-forme ECO ONE, vous concluez avec nous un accord compos\u00e9 des documents suivants :<\/span><\/p><ul><li style=\"font-weight: 400;\" aria-level=\"1\"><span style=\"font-weight: 400;\">Conditions d&rsquo;utilisation<\/span><\/li><li style=\"font-weight: 400;\" aria-level=\"1\"><span style=\"font-weight: 400;\">Politique de confidentialit\u00e9<\/span><\/li><li style=\"font-weight: 400;\" aria-level=\"1\"><span style=\"font-weight: 400;\">Politique en mati\u00e8re de cookies<\/span><\/li><li style=\"font-weight: 400;\" aria-level=\"1\"><span style=\"font-weight: 400;\">Accord sur le traitement des donn\u00e9es<\/span><\/li><li aria-level=\"1\">Conditions d&rsquo;utilisation<\/li><\/ul><p><span style=\"font-weight: 400;\">Nous sommes l\u00e0 pour vous aider, mais ECO ONE ne fournit pas de conseils juridiques. Ce mat\u00e9riel a \u00e9t\u00e9 pr\u00e9par\u00e9 \u00e0 des fins d&rsquo;information uniquement, et n&rsquo;est pas destin\u00e9 \u00e0 fournir, et ne doit pas \u00eatre consid\u00e9r\u00e9 comme un conseil juridique ou de conformit\u00e9. Nous vous recommandons de travailler avec votre propre avocat pour vous assurer que vous r\u00e9pondez \u00e0 toutes les pr\u00e9occupations que votre entreprise et vos clients pourraient avoir.  <\/span><\/p><p><b>Conditions d&rsquo;utilisation  <\/b><\/p><p><span style=\"font-weight: 400;\">Les Conditions d&rsquo;utilisation d&rsquo;ECO ONE (le \u00ab\u00a0Contrat\u00a0\u00bb) sont un accord l\u00e9gal entre vous, en tant qu&rsquo;utilisateur, et<\/span><b> ECO-ONE<\/b><span style=\"font-weight: 400;\"> SOSTENIBILIDAD TUR\u00cdSTICA, S.L., soci\u00e9t\u00e9 \u00e0 responsabilit\u00e9 limit\u00e9e inscrite au registre du commerce de VALENCIA, ESPAGNE, sous le num\u00e9ro NIF.<\/span> <span style=\"font-weight: 400;\">B-01924786<\/span><\/p><p><b>Politique de confidentialit\u00e9  <\/b><\/p><p><span style=\"font-weight: 400;\">Cette politique de confidentialit\u00e9 s&rsquo;applique aux donn\u00e9es personnelles trait\u00e9es par ECO ONE dans le cadre de nos activit\u00e9s, y compris sur nos sites Web et autres offres en ligne et hors ligne.<\/span><\/p><p><b>Politique en mati\u00e8re de cookies<\/b><\/p><p><span style=\"font-weight: 400;\">Les cookies sont de petits fichiers de donn\u00e9es transf\u00e9r\u00e9s vers des ordinateurs ou des appareils. ECO ONE utilise des cookies pour traiter des informations, y compris des informations de journal Internet standard et des d\u00e9tails sur les mod\u00e8les de comportement des visiteurs lors de leur visite sur notre site. Ceci est fait pour :  <\/span><\/p><ul><li style=\"font-weight: 400;\" aria-level=\"1\"><span style=\"font-weight: 400;\">exploiter notre site ;<\/span><\/li><li style=\"font-weight: 400;\" aria-level=\"1\"><span style=\"font-weight: 400;\">pour offrir aux visiteurs de notre site une meilleure exp\u00e9rience en nous fournissant des informations sur la mani\u00e8re dont les visiteurs utilisent notre site ; et <\/span><span style=\"font-weight: 400;\">\u00e0 des fins de marketing, comme indiqu\u00e9 ci-dessous.<\/span><\/li><\/ul><p><span style=\"font-weight: 400;\">Pour en savoir plus sur les cookies que nous utilisons, veuillez consulter notre site Internet \u00e0 l&rsquo;adresse suivante <\/span><a href=\"https:\/\/eco-one.es\/politica-de-cookies\/\"><span style=\"font-weight: 400;\">https:\/\/eco-onehotels.fr\/politica-de-cookies\/<\/span><\/a><\/p><p><b>Accord sur le traitement des donn\u00e9es <\/b><\/p><p><span style=\"font-weight: 400;\">Dans le cadre de la prestation de ses services, ECO ONE peut traiter des donn\u00e9es \u00e0 caract\u00e8re personnel en votre nom. Afin d&rsquo;exposer les d\u00e9tails de la mani\u00e8re dont nous effectuerons ce traitement et quelles sont nos obligations, ainsi que les obligations de nos utilisateurs\/clients, nous avons \u00e9labor\u00e9 un Accord sur le traitement des donn\u00e9es (ATD) qui est incorpor\u00e9 par r\u00e9f\u00e9rence dans les Conditions d&rsquo;utilisation d&rsquo;ECO ONE et dans les Conditions d&rsquo;utilisation d&rsquo;ECO ONE.  <\/span><a href=\"https:\/\/www.hotjar.com\/legal\/policies\/terms-of-service\/\"><span style=\"font-weight: 400;\">fait partie de son accord avec ECO<\/span><\/a><span style=\"font-weight: 400;\"> ONE. <\/span> <\/p>\t\t\t\t\t\t\t\t<\/div>\n\t\t\t\t<\/div>\n\t\t\t\t\t<\/div>\n\t\t\t\t<\/div>\n\t\t\t\t<\/div>\n\t\t","protected":false},"excerpt":{"rendered":"<p>Avis juridique Accords juridiques chez ECO ONE En vous inscrivant sur la plate-forme ECO ONE, vous concluez avec nous un accord compos\u00e9 des documents suivants : Conditions d&rsquo;utilisation Politique de confidentialit\u00e9 Politique en mati\u00e8re de cookies Accord sur le traitement des donn\u00e9es Conditions d&rsquo;utilisation Nous sommes l\u00e0 pour vous aider, mais ECO ONE ne fournit [&hellip;]<\/p>\n","protected":false},"author":2,"featured_media":0,"parent":0,"menu_order":0,"comment_status":"closed","ping_status":"closed","template":"elementor_header_footer","meta":{"_acf_changed":false,"footnotes":""},"class_list":["post-4245","page","type-page","status-publish","hentry"],"acf":[],"yoast_head":"<!-- This site is optimized with the Yoast SEO plugin v26.2 - https:\/\/yoast.com\/wordpress\/plugins\/seo\/ -->\n<title>Avis juridique - ECO-ONE<\/title>\n<meta name=\"robots\" content=\"index, follow, max-snippet:-1, max-image-preview:large, max-video-preview:-1\" \/>\n<link rel=\"canonical\" href=\"https:\/\/eco-onehotels.com\/fr\/avis-juridique\/\" \/>\n<meta property=\"og:locale\" content=\"fr_FR\" \/>\n<meta property=\"og:type\" content=\"article\" \/>\n<meta property=\"og:title\" content=\"Avis juridique - ECO-ONE\" \/>\n<meta property=\"og:description\" content=\"Avis juridique Accords juridiques chez ECO ONE En vous inscrivant sur la plate-forme ECO ONE, vous concluez avec nous un accord compos\u00e9 des documents suivants : Conditions d&rsquo;utilisation Politique de confidentialit\u00e9 Politique en mati\u00e8re de cookies Accord sur le traitement des donn\u00e9es Conditions d&rsquo;utilisation Nous sommes l\u00e0 pour vous aider, mais ECO ONE ne fournit [&hellip;]\" \/>\n<meta property=\"og:url\" content=\"https:\/\/eco-onehotels.com\/fr\/avis-juridique\/\" \/>\n<meta property=\"og:site_name\" content=\"ECO-ONE\" \/>\n<meta property=\"article:modified_time\" content=\"2026-02-26T16:23:53+00:00\" \/>\n<meta name=\"twitter:card\" content=\"summary_large_image\" \/>\n<meta name=\"twitter:label1\" content=\"Dur\u00e9e de lecture estim\u00e9e\" \/>\n\t<meta name=\"twitter:data1\" content=\"2 minutes\" \/>\n<script type=\"application\/ld+json\" class=\"yoast-schema-graph\">{\"@context\":\"https:\/\/schema.org\",\"@graph\":[{\"@type\":\"WebPage\",\"@id\":\"https:\/\/eco-onehotels.com\/fr\/avis-juridique\/\",\"url\":\"https:\/\/eco-onehotels.com\/fr\/avis-juridique\/\",\"name\":\"Avis juridique - ECO-ONE\",\"isPartOf\":{\"@id\":\"https:\/\/eco-onehotels.com\/es\/#website\"},\"datePublished\":\"2024-07-02T07:54:40+00:00\",\"dateModified\":\"2026-02-26T16:23:53+00:00\",\"breadcrumb\":{\"@id\":\"https:\/\/eco-onehotels.com\/fr\/avis-juridique\/#breadcrumb\"},\"inLanguage\":\"fr-FR\",\"potentialAction\":[{\"@type\":\"ReadAction\",\"target\":[\"https:\/\/eco-onehotels.com\/fr\/avis-juridique\/\"]}]},{\"@type\":\"BreadcrumbList\",\"@id\":\"https:\/\/eco-onehotels.com\/fr\/avis-juridique\/#breadcrumb\",\"itemListElement\":[{\"@type\":\"ListItem\",\"position\":1,\"name\":\"Portada\",\"item\":\"https:\/\/eco-onehotels.com\/fr\/\"},{\"@type\":\"ListItem\",\"position\":2,\"name\":\"Avis juridique\"}]},{\"@type\":\"WebSite\",\"@id\":\"https:\/\/eco-onehotels.com\/es\/#website\",\"url\":\"https:\/\/eco-onehotels.com\/es\/\",\"name\":\"ECO-ONE\",\"description\":\"\",\"publisher\":{\"@id\":\"https:\/\/eco-onehotels.com\/es\/#organization\"},\"potentialAction\":[{\"@type\":\"SearchAction\",\"target\":{\"@type\":\"EntryPoint\",\"urlTemplate\":\"https:\/\/eco-onehotels.com\/es\/?s={search_term_string}\"},\"query-input\":{\"@type\":\"PropertyValueSpecification\",\"valueRequired\":true,\"valueName\":\"search_term_string\"}}],\"inLanguage\":\"fr-FR\"},{\"@type\":\"Organization\",\"@id\":\"https:\/\/eco-onehotels.com\/es\/#organization\",\"name\":\"ECO-ONE\",\"url\":\"https:\/\/eco-onehotels.com\/es\/\",\"logo\":{\"@type\":\"ImageObject\",\"inLanguage\":\"fr-FR\",\"@id\":\"https:\/\/eco-onehotels.com\/es\/#\/schema\/logo\/image\/\",\"url\":\"https:\/\/eco-onehotels.com\/wp-content\/uploads\/2024\/04\/LOGO-VECTORIZADO.svg\",\"contentUrl\":\"https:\/\/eco-onehotels.com\/wp-content\/uploads\/2024\/04\/LOGO-VECTORIZADO.svg\",\"caption\":\"ECO-ONE\"},\"image\":{\"@id\":\"https:\/\/eco-onehotels.com\/es\/#\/schema\/logo\/image\/\"}}]}<\/script>\n<!-- \/ Yoast SEO plugin. -->","yoast_head_json":{"title":"Avis juridique - ECO-ONE","robots":{"index":"index","follow":"follow","max-snippet":"max-snippet:-1","max-image-preview":"max-image-preview:large","max-video-preview":"max-video-preview:-1"},"canonical":"https:\/\/eco-onehotels.com\/fr\/avis-juridique\/","og_locale":"fr_FR","og_type":"article","og_title":"Avis juridique - ECO-ONE","og_description":"Avis juridique Accords juridiques chez ECO ONE En vous inscrivant sur la plate-forme ECO ONE, vous concluez avec nous un accord compos\u00e9 des documents suivants : Conditions d&rsquo;utilisation Politique de confidentialit\u00e9 Politique en mati\u00e8re de cookies Accord sur le traitement des donn\u00e9es Conditions d&rsquo;utilisation Nous sommes l\u00e0 pour vous aider, mais ECO ONE ne fournit [&hellip;]","og_url":"https:\/\/eco-onehotels.com\/fr\/avis-juridique\/","og_site_name":"ECO-ONE","article_modified_time":"2026-02-26T16:23:53+00:00","twitter_card":"summary_large_image","twitter_misc":{"Dur\u00e9e de lecture estim\u00e9e":"2 minutes"},"schema":{"@context":"https:\/\/schema.org","@graph":[{"@type":"WebPage","@id":"https:\/\/eco-onehotels.com\/fr\/avis-juridique\/","url":"https:\/\/eco-onehotels.com\/fr\/avis-juridique\/","name":"Avis juridique - ECO-ONE","isPartOf":{"@id":"https:\/\/eco-onehotels.com\/es\/#website"},"datePublished":"2024-07-02T07:54:40+00:00","dateModified":"2026-02-26T16:23:53+00:00","breadcrumb":{"@id":"https:\/\/eco-onehotels.com\/fr\/avis-juridique\/#breadcrumb"},"inLanguage":"fr-FR","potentialAction":[{"@type":"ReadAction","target":["https:\/\/eco-onehotels.com\/fr\/avis-juridique\/"]}]},{"@type":"BreadcrumbList","@id":"https:\/\/eco-onehotels.com\/fr\/avis-juridique\/#breadcrumb","itemListElement":[{"@type":"ListItem","position":1,"name":"Portada","item":"https:\/\/eco-onehotels.com\/fr\/"},{"@type":"ListItem","position":2,"name":"Avis juridique"}]},{"@type":"WebSite","@id":"https:\/\/eco-onehotels.com\/es\/#website","url":"https:\/\/eco-onehotels.com\/es\/","name":"ECO-ONE","description":"","publisher":{"@id":"https:\/\/eco-onehotels.com\/es\/#organization"},"potentialAction":[{"@type":"SearchAction","target":{"@type":"EntryPoint","urlTemplate":"https:\/\/eco-onehotels.com\/es\/?s={search_term_string}"},"query-input":{"@type":"PropertyValueSpecification","valueRequired":true,"valueName":"search_term_string"}}],"inLanguage":"fr-FR"},{"@type":"Organization","@id":"https:\/\/eco-onehotels.com\/es\/#organization","name":"ECO-ONE","url":"https:\/\/eco-onehotels.com\/es\/","logo":{"@type":"ImageObject","inLanguage":"fr-FR","@id":"https:\/\/eco-onehotels.com\/es\/#\/schema\/logo\/image\/","url":"https:\/\/eco-onehotels.com\/wp-content\/uploads\/2024\/04\/LOGO-VECTORIZADO.svg","contentUrl":"https:\/\/eco-onehotels.com\/wp-content\/uploads\/2024\/04\/LOGO-VECTORIZADO.svg","caption":"ECO-ONE"},"image":{"@id":"https:\/\/eco-onehotels.com\/es\/#\/schema\/logo\/image\/"}}]}},"_links":{"self":[{"href":"https:\/\/eco-onehotels.com\/fr\/wp-json\/wp\/v2\/pages\/4245","targetHints":{"allow":["GET"]}}],"collection":[{"href":"https:\/\/eco-onehotels.com\/fr\/wp-json\/wp\/v2\/pages"}],"about":[{"href":"https:\/\/eco-onehotels.com\/fr\/wp-json\/wp\/v2\/types\/page"}],"author":[{"embeddable":true,"href":"https:\/\/eco-onehotels.com\/fr\/wp-json\/wp\/v2\/users\/2"}],"replies":[{"embeddable":true,"href":"https:\/\/eco-onehotels.com\/fr\/wp-json\/wp\/v2\/comments?post=4245"}],"version-history":[{"count":7,"href":"https:\/\/eco-onehotels.com\/fr\/wp-json\/wp\/v2\/pages\/4245\/revisions"}],"predecessor-version":[{"id":11495,"href":"https:\/\/eco-onehotels.com\/fr\/wp-json\/wp\/v2\/pages\/4245\/revisions\/11495"}],"wp:attachment":[{"href":"https:\/\/eco-onehotels.com\/fr\/wp-json\/wp\/v2\/media?parent=4245"}],"curies":[{"name":"wp","href":"https:\/\/api.w.org\/{rel}","templated":true}]}}