{"id":8735,"date":"2026-01-26T10:19:34","date_gmt":"2026-01-26T09:19:34","guid":{"rendered":"https:\/\/eco-onehotels.com\/tienda\/sin%20categor\u00eda\/lampara-pie-dorada\/"},"modified":"2026-02-09T17:58:37","modified_gmt":"2026-02-09T16:58:37","slug":"lampara-pie-dorada","status":"publish","type":"product","link":"https:\/\/eco-onehotels.com\/es\/tienda\/iluminacion\/lampara-pie-dorada\/","title":{"rendered":"L\u00e1mpara pie dorada"},"content":{"rendered":"","protected":false},"excerpt":{"rendered":"<p>L\u00e1mpara de pie nuevas con estructura met\u00e1lica en acabado dorado y dise\u00f1o estilizado, que aporta un toque elegante y ligero al espacio. Su formato vertical la hace funcional y decorativa.<\/p>\n<p>Ideal para sal\u00f3n, dormitorio o zona de lectura, esta l\u00e1mpara se integra f\u00e1cilmente en interiores modernos, ofreciendo una soluci\u00f3n de iluminaci\u00f3n sencilla y cuidada.<\/p>\n","protected":false},"featured_media":10512,"template":"","meta":{"_acf_changed":false},"product_brand":[],"product_cat":[103],"product_tag":[209],"class_list":{"0":"post-8735","1":"product","2":"type-product","3":"status-publish","4":"has-post-thumbnail","6":"product_cat-iluminacion","7":"product_tag-hotel-miguel-angel-madrid","8":"product_shipping_class-peninsula","10":"first","11":"outofstock","12":"taxable","13":"shipping-taxable","14":"purchasable","15":"product-type-simple"},"acf":[],"yoast_head":"<!-- This site is optimized with the Yoast SEO plugin v26.2 - https:\/\/yoast.com\/wordpress\/plugins\/seo\/ -->\n<title>L\u00e1mpara pie dorada - ECO-ONE<\/title>\n<meta name=\"robots\" content=\"index, follow, max-snippet:-1, max-image-preview:large, max-video-preview:-1\" \/>\n<link rel=\"canonical\" href=\"https:\/\/eco-onehotels.com\/es\/tienda\/iluminacion\/lampara-pie-dorada\/\" \/>\n<meta property=\"og:locale\" content=\"es_ES\" \/>\n<meta property=\"og:type\" content=\"article\" \/>\n<meta property=\"og:title\" content=\"L\u00e1mpara pie dorada - ECO-ONE\" \/>\n<meta property=\"og:description\" content=\"L\u00e1mpara de pie nuevas con estructura met\u00e1lica en acabado dorado y dise\u00f1o estilizado, que aporta un toque elegante y ligero al espacio. Su formato vertical la hace funcional y decorativa.  Ideal para sal\u00f3n, dormitorio o zona de lectura, esta l\u00e1mpara se integra f\u00e1cilmente en interiores modernos, ofreciendo una soluci\u00f3n de iluminaci\u00f3n sencilla y cuidada.\" \/>\n<meta property=\"og:url\" content=\"https:\/\/eco-onehotels.com\/es\/tienda\/iluminacion\/lampara-pie-dorada\/\" \/>\n<meta property=\"og:site_name\" content=\"ECO-ONE\" \/>\n<meta property=\"article:modified_time\" content=\"2026-02-09T16:58:37+00:00\" \/>\n<meta property=\"og:image\" content=\"https:\/\/eco-onehotels.com\/wp-content\/uploads\/2026\/01\/lampara.png\" \/>\n\t<meta property=\"og:image:width\" content=\"1583\" \/>\n\t<meta property=\"og:image:height\" content=\"1583\" \/>\n\t<meta property=\"og:image:type\" content=\"image\/png\" \/>\n<meta name=\"twitter:card\" content=\"summary_large_image\" \/>\n<meta name=\"twitter:label1\" content=\"Tiempo de lectura\" \/>\n\t<meta name=\"twitter:data1\" content=\"1 minuto\" \/>\n<script type=\"application\/ld+json\" class=\"yoast-schema-graph\">{\"@context\":\"https:\/\/schema.org\",\"@graph\":[{\"@type\":\"WebPage\",\"@id\":\"https:\/\/eco-onehotels.com\/es\/tienda\/iluminacion\/lampara-pie-dorada\/\",\"url\":\"https:\/\/eco-onehotels.com\/es\/tienda\/iluminacion\/lampara-pie-dorada\/\",\"name\":\"L\u00e1mpara pie dorada - ECO-ONE\",\"isPartOf\":{\"@id\":\"https:\/\/eco-onehotels.com\/es\/#website\"},\"primaryImageOfPage\":{\"@id\":\"https:\/\/eco-onehotels.com\/es\/tienda\/iluminacion\/lampara-pie-dorada\/#primaryimage\"},\"image\":{\"@id\":\"https:\/\/eco-onehotels.com\/es\/tienda\/iluminacion\/lampara-pie-dorada\/#primaryimage\"},\"thumbnailUrl\":\"https:\/\/eco-onehotels.com\/wp-content\/uploads\/2026\/01\/lampara.png\",\"datePublished\":\"2026-01-26T09:19:34+00:00\",\"dateModified\":\"2026-02-09T16:58:37+00:00\",\"breadcrumb\":{\"@id\":\"https:\/\/eco-onehotels.com\/es\/tienda\/iluminacion\/lampara-pie-dorada\/#breadcrumb\"},\"inLanguage\":\"es\",\"potentialAction\":[{\"@type\":\"ReadAction\",\"target\":[\"https:\/\/eco-onehotels.com\/es\/tienda\/iluminacion\/lampara-pie-dorada\/\"]}]},{\"@type\":\"ImageObject\",\"inLanguage\":\"es\",\"@id\":\"https:\/\/eco-onehotels.com\/es\/tienda\/iluminacion\/lampara-pie-dorada\/#primaryimage\",\"url\":\"https:\/\/eco-onehotels.com\/wp-content\/uploads\/2026\/01\/lampara.png\",\"contentUrl\":\"https:\/\/eco-onehotels.com\/wp-content\/uploads\/2026\/01\/lampara.png\",\"width\":1583,\"height\":1583},{\"@type\":\"BreadcrumbList\",\"@id\":\"https:\/\/eco-onehotels.com\/es\/tienda\/iluminacion\/lampara-pie-dorada\/#breadcrumb\",\"itemListElement\":[{\"@type\":\"ListItem\",\"position\":1,\"name\":\"Portada\",\"item\":\"https:\/\/eco-onehotels.com\/es\/\"},{\"@type\":\"ListItem\",\"position\":2,\"name\":\"Tienda Mercado segunda mano\",\"item\":\"https:\/\/eco-onehotels.com\/es\/tienda\/\"},{\"@type\":\"ListItem\",\"position\":3,\"name\":\"L\u00e1mpara pie dorada\"}]},{\"@type\":\"WebSite\",\"@id\":\"https:\/\/eco-onehotels.com\/es\/#website\",\"url\":\"https:\/\/eco-onehotels.com\/es\/\",\"name\":\"ECO-ONE\",\"description\":\"\",\"publisher\":{\"@id\":\"https:\/\/eco-onehotels.com\/es\/#organization\"},\"potentialAction\":[{\"@type\":\"SearchAction\",\"target\":{\"@type\":\"EntryPoint\",\"urlTemplate\":\"https:\/\/eco-onehotels.com\/es\/?s={search_term_string}\"},\"query-input\":{\"@type\":\"PropertyValueSpecification\",\"valueRequired\":true,\"valueName\":\"search_term_string\"}}],\"inLanguage\":\"es\"},{\"@type\":\"Organization\",\"@id\":\"https:\/\/eco-onehotels.com\/es\/#organization\",\"name\":\"ECO-ONE\",\"url\":\"https:\/\/eco-onehotels.com\/es\/\",\"logo\":{\"@type\":\"ImageObject\",\"inLanguage\":\"es\",\"@id\":\"https:\/\/eco-onehotels.com\/es\/#\/schema\/logo\/image\/\",\"url\":\"https:\/\/eco-onehotels.com\/wp-content\/uploads\/2024\/04\/LOGO-VECTORIZADO.svg\",\"contentUrl\":\"https:\/\/eco-onehotels.com\/wp-content\/uploads\/2024\/04\/LOGO-VECTORIZADO.svg\",\"width\":804,\"height\":576,\"caption\":\"ECO-ONE\"},\"image\":{\"@id\":\"https:\/\/eco-onehotels.com\/es\/#\/schema\/logo\/image\/\"}}]}<\/script>\n<!-- \/ Yoast SEO plugin. -->","yoast_head_json":{"title":"L\u00e1mpara pie dorada - ECO-ONE","robots":{"index":"index","follow":"follow","max-snippet":"max-snippet:-1","max-image-preview":"max-image-preview:large","max-video-preview":"max-video-preview:-1"},"canonical":"https:\/\/eco-onehotels.com\/es\/tienda\/iluminacion\/lampara-pie-dorada\/","og_locale":"es_ES","og_type":"article","og_title":"L\u00e1mpara pie dorada - ECO-ONE","og_description":"L\u00e1mpara de pie nuevas con estructura met\u00e1lica en acabado dorado y dise\u00f1o estilizado, que aporta un toque elegante y ligero al espacio. Su formato vertical la hace funcional y decorativa.  Ideal para sal\u00f3n, dormitorio o zona de lectura, esta l\u00e1mpara se integra f\u00e1cilmente en interiores modernos, ofreciendo una soluci\u00f3n de iluminaci\u00f3n sencilla y cuidada.","og_url":"https:\/\/eco-onehotels.com\/es\/tienda\/iluminacion\/lampara-pie-dorada\/","og_site_name":"ECO-ONE","article_modified_time":"2026-02-09T16:58:37+00:00","og_image":[{"width":1583,"height":1583,"url":"https:\/\/eco-onehotels.com\/wp-content\/uploads\/2026\/01\/lampara.png","type":"image\/png"}],"twitter_card":"summary_large_image","twitter_misc":{"Tiempo de lectura":"1 minuto"},"schema":{"@context":"https:\/\/schema.org","@graph":[{"@type":"WebPage","@id":"https:\/\/eco-onehotels.com\/es\/tienda\/iluminacion\/lampara-pie-dorada\/","url":"https:\/\/eco-onehotels.com\/es\/tienda\/iluminacion\/lampara-pie-dorada\/","name":"L\u00e1mpara pie dorada - ECO-ONE","isPartOf":{"@id":"https:\/\/eco-onehotels.com\/es\/#website"},"primaryImageOfPage":{"@id":"https:\/\/eco-onehotels.com\/es\/tienda\/iluminacion\/lampara-pie-dorada\/#primaryimage"},"image":{"@id":"https:\/\/eco-onehotels.com\/es\/tienda\/iluminacion\/lampara-pie-dorada\/#primaryimage"},"thumbnailUrl":"https:\/\/eco-onehotels.com\/wp-content\/uploads\/2026\/01\/lampara.png","datePublished":"2026-01-26T09:19:34+00:00","dateModified":"2026-02-09T16:58:37+00:00","breadcrumb":{"@id":"https:\/\/eco-onehotels.com\/es\/tienda\/iluminacion\/lampara-pie-dorada\/#breadcrumb"},"inLanguage":"es","potentialAction":[{"@type":"ReadAction","target":["https:\/\/eco-onehotels.com\/es\/tienda\/iluminacion\/lampara-pie-dorada\/"]}]},{"@type":"ImageObject","inLanguage":"es","@id":"https:\/\/eco-onehotels.com\/es\/tienda\/iluminacion\/lampara-pie-dorada\/#primaryimage","url":"https:\/\/eco-onehotels.com\/wp-content\/uploads\/2026\/01\/lampara.png","contentUrl":"https:\/\/eco-onehotels.com\/wp-content\/uploads\/2026\/01\/lampara.png","width":1583,"height":1583},{"@type":"BreadcrumbList","@id":"https:\/\/eco-onehotels.com\/es\/tienda\/iluminacion\/lampara-pie-dorada\/#breadcrumb","itemListElement":[{"@type":"ListItem","position":1,"name":"Portada","item":"https:\/\/eco-onehotels.com\/es\/"},{"@type":"ListItem","position":2,"name":"Tienda Mercado segunda mano","item":"https:\/\/eco-onehotels.com\/es\/tienda\/"},{"@type":"ListItem","position":3,"name":"L\u00e1mpara pie dorada"}]},{"@type":"WebSite","@id":"https:\/\/eco-onehotels.com\/es\/#website","url":"https:\/\/eco-onehotels.com\/es\/","name":"ECO-ONE","description":"","publisher":{"@id":"https:\/\/eco-onehotels.com\/es\/#organization"},"potentialAction":[{"@type":"SearchAction","target":{"@type":"EntryPoint","urlTemplate":"https:\/\/eco-onehotels.com\/es\/?s={search_term_string}"},"query-input":{"@type":"PropertyValueSpecification","valueRequired":true,"valueName":"search_term_string"}}],"inLanguage":"es"},{"@type":"Organization","@id":"https:\/\/eco-onehotels.com\/es\/#organization","name":"ECO-ONE","url":"https:\/\/eco-onehotels.com\/es\/","logo":{"@type":"ImageObject","inLanguage":"es","@id":"https:\/\/eco-onehotels.com\/es\/#\/schema\/logo\/image\/","url":"https:\/\/eco-onehotels.com\/wp-content\/uploads\/2024\/04\/LOGO-VECTORIZADO.svg","contentUrl":"https:\/\/eco-onehotels.com\/wp-content\/uploads\/2024\/04\/LOGO-VECTORIZADO.svg","width":804,"height":576,"caption":"ECO-ONE"},"image":{"@id":"https:\/\/eco-onehotels.com\/es\/#\/schema\/logo\/image\/"}}]}},"tiered_pricing_type":"fixed","tiered_pricing_fixed_rules":[],"tiered_pricing_product_settings":{"layout":"default","base_unit_name":{"singular":null,"plural":null},"default_variation":null},"tiered_pricing_minimum_quantity":null,"tiered_pricing_roles_data":[],"tiered_pricing_percentage_rules":[],"_links":{"self":[{"href":"https:\/\/eco-onehotels.com\/es\/wp-json\/wp\/v2\/product\/8735","targetHints":{"allow":["GET"]}}],"collection":[{"href":"https:\/\/eco-onehotels.com\/es\/wp-json\/wp\/v2\/product"}],"about":[{"href":"https:\/\/eco-onehotels.com\/es\/wp-json\/wp\/v2\/types\/product"}],"wp:featuredmedia":[{"embeddable":true,"href":"https:\/\/eco-onehotels.com\/es\/wp-json\/wp\/v2\/media\/10512"}],"wp:attachment":[{"href":"https:\/\/eco-onehotels.com\/es\/wp-json\/wp\/v2\/media?parent=8735"}],"wp:term":[{"taxonomy":"product_brand","embeddable":true,"href":"https:\/\/eco-onehotels.com\/es\/wp-json\/wp\/v2\/product_brand?post=8735"},{"taxonomy":"product_cat","embeddable":true,"href":"https:\/\/eco-onehotels.com\/es\/wp-json\/wp\/v2\/product_cat?post=8735"},{"taxonomy":"product_tag","embeddable":true,"href":"https:\/\/eco-onehotels.com\/es\/wp-json\/wp\/v2\/product_tag?post=8735"}],"curies":[{"name":"wp","href":"https:\/\/api.w.org\/{rel}","templated":true}]}}