{"id":7868,"date":"2025-12-11T12:05:14","date_gmt":"2025-12-11T11:05:14","guid":{"rendered":"https:\/\/eco-onehotels.com\/?post_type=product&#038;p=7868"},"modified":"2026-04-08T11:48:31","modified_gmt":"2026-04-08T09:48:31","slug":"lit-double-avec-configuration-king-size","status":"publish","type":"product","link":"https:\/\/eco-onehotels.com\/es\/tienda\/sin-categorizar\/lit-double-avec-configuration-king-size\/","title":{"rendered":"Lit double avec configuration king size"},"content":{"rendered":"","protected":false},"excerpt":{"rendered":"<p>Lit double type king size avec t\u00eate de lit capitonn\u00e9e de couleur noir fonc\u00e9. Sa conception permet de s\u00e9parer les matelas en configuration twin ou de les r\u00e9unir gr\u00e2ce \u00e0 un syst\u00e8me de liaison central pour une configuration king.<\/p>\n","protected":false},"featured_media":11742,"template":"","meta":{"_acf_changed":false},"product_brand":[],"product_cat":[17],"product_tag":[213],"class_list":{"0":"post-7868","1":"product","2":"type-product","3":"status-publish","4":"has-post-thumbnail","6":"product_cat-sin-categorizar","7":"product_tag-hotel-majestic-barcelona","8":"product_shipping_class-peninsule","10":"first","11":"instock","12":"taxable","13":"shipping-taxable","14":"purchasable","15":"product-type-simple"},"acf":[],"yoast_head":"<!-- This site is optimized with the Yoast SEO plugin v26.2 - https:\/\/yoast.com\/wordpress\/plugins\/seo\/ -->\n<title>Lit double avec configuration king size - ECO-ONE<\/title>\n<meta name=\"robots\" content=\"index, follow, max-snippet:-1, max-image-preview:large, max-video-preview:-1\" \/>\n<link rel=\"canonical\" href=\"https:\/\/eco-onehotels.com\/es\/tienda\/accesorios\/lit-double-avec-configuration-king-size\/\" \/>\n<meta property=\"og:locale\" content=\"es_ES\" \/>\n<meta property=\"og:type\" content=\"article\" \/>\n<meta property=\"og:title\" content=\"Lit double avec configuration king size - ECO-ONE\" \/>\n<meta property=\"og:description\" content=\"Lit double type king size avec t\u00eate de lit capitonn\u00e9e de couleur noir fonc\u00e9. Sa conception permet de s\u00e9parer les matelas en configuration twin ou de les r\u00e9unir gr\u00e2ce \u00e0 un syst\u00e8me de liaison central pour une configuration king.\" \/>\n<meta property=\"og:url\" content=\"https:\/\/eco-onehotels.com\/es\/tienda\/accesorios\/lit-double-avec-configuration-king-size\/\" \/>\n<meta property=\"og:site_name\" content=\"ECO-ONE\" \/>\n<meta property=\"article:modified_time\" content=\"2026-04-08T09:48:31+00:00\" \/>\n<meta property=\"og:image\" content=\"https:\/\/eco-onehotels.com\/wp-content\/uploads\/2026\/03\/2.png\" \/>\n\t<meta property=\"og:image:width\" content=\"1440\" \/>\n\t<meta property=\"og:image:height\" content=\"1440\" \/>\n\t<meta property=\"og:image:type\" content=\"image\/png\" \/>\n<meta name=\"twitter:card\" content=\"summary_large_image\" \/>\n<script type=\"application\/ld+json\" class=\"yoast-schema-graph\">{\"@context\":\"https:\/\/schema.org\",\"@graph\":[{\"@type\":\"WebPage\",\"@id\":\"https:\/\/eco-onehotels.com\/es\/tienda\/accesorios\/lit-double-avec-configuration-king-size\/\",\"url\":\"https:\/\/eco-onehotels.com\/es\/tienda\/accesorios\/lit-double-avec-configuration-king-size\/\",\"name\":\"Lit double avec configuration king size - ECO-ONE\",\"isPartOf\":{\"@id\":\"https:\/\/eco-onehotels.com\/es\/#website\"},\"primaryImageOfPage\":{\"@id\":\"https:\/\/eco-onehotels.com\/es\/tienda\/accesorios\/lit-double-avec-configuration-king-size\/#primaryimage\"},\"image\":{\"@id\":\"https:\/\/eco-onehotels.com\/es\/tienda\/accesorios\/lit-double-avec-configuration-king-size\/#primaryimage\"},\"thumbnailUrl\":\"https:\/\/eco-onehotels.com\/wp-content\/uploads\/2026\/03\/2.png\",\"datePublished\":\"2025-12-11T11:05:14+00:00\",\"dateModified\":\"2026-04-08T09:48:31+00:00\",\"breadcrumb\":{\"@id\":\"https:\/\/eco-onehotels.com\/es\/tienda\/accesorios\/lit-double-avec-configuration-king-size\/#breadcrumb\"},\"inLanguage\":\"es\",\"potentialAction\":[{\"@type\":\"ReadAction\",\"target\":[\"https:\/\/eco-onehotels.com\/es\/tienda\/accesorios\/lit-double-avec-configuration-king-size\/\"]}]},{\"@type\":\"ImageObject\",\"inLanguage\":\"es\",\"@id\":\"https:\/\/eco-onehotels.com\/es\/tienda\/accesorios\/lit-double-avec-configuration-king-size\/#primaryimage\",\"url\":\"https:\/\/eco-onehotels.com\/wp-content\/uploads\/2026\/03\/2.png\",\"contentUrl\":\"https:\/\/eco-onehotels.com\/wp-content\/uploads\/2026\/03\/2.png\",\"width\":1440,\"height\":1440},{\"@type\":\"BreadcrumbList\",\"@id\":\"https:\/\/eco-onehotels.com\/es\/tienda\/accesorios\/lit-double-avec-configuration-king-size\/#breadcrumb\",\"itemListElement\":[{\"@type\":\"ListItem\",\"position\":1,\"name\":\"Portada\",\"item\":\"https:\/\/eco-onehotels.com\/es\/\"},{\"@type\":\"ListItem\",\"position\":2,\"name\":\"Tienda Mercado segunda mano\",\"item\":\"https:\/\/eco-onehotels.com\/es\/tienda\/\"},{\"@type\":\"ListItem\",\"position\":3,\"name\":\"Lit double avec configuration king size\"}]},{\"@type\":\"WebSite\",\"@id\":\"https:\/\/eco-onehotels.com\/es\/#website\",\"url\":\"https:\/\/eco-onehotels.com\/es\/\",\"name\":\"ECO-ONE\",\"description\":\"\",\"publisher\":{\"@id\":\"https:\/\/eco-onehotels.com\/es\/#organization\"},\"potentialAction\":[{\"@type\":\"SearchAction\",\"target\":{\"@type\":\"EntryPoint\",\"urlTemplate\":\"https:\/\/eco-onehotels.com\/es\/?s={search_term_string}\"},\"query-input\":{\"@type\":\"PropertyValueSpecification\",\"valueRequired\":true,\"valueName\":\"search_term_string\"}}],\"inLanguage\":\"es\"},{\"@type\":\"Organization\",\"@id\":\"https:\/\/eco-onehotels.com\/es\/#organization\",\"name\":\"ECO-ONE\",\"url\":\"https:\/\/eco-onehotels.com\/es\/\",\"logo\":{\"@type\":\"ImageObject\",\"inLanguage\":\"es\",\"@id\":\"https:\/\/eco-onehotels.com\/es\/#\/schema\/logo\/image\/\",\"url\":\"https:\/\/eco-onehotels.com\/wp-content\/uploads\/2024\/04\/LOGO-VECTORIZADO.svg\",\"contentUrl\":\"https:\/\/eco-onehotels.com\/wp-content\/uploads\/2024\/04\/LOGO-VECTORIZADO.svg\",\"width\":804,\"height\":576,\"caption\":\"ECO-ONE\"},\"image\":{\"@id\":\"https:\/\/eco-onehotels.com\/es\/#\/schema\/logo\/image\/\"}}]}<\/script>\n<!-- \/ Yoast SEO plugin. -->","yoast_head_json":{"title":"Lit double avec configuration king size - ECO-ONE","robots":{"index":"index","follow":"follow","max-snippet":"max-snippet:-1","max-image-preview":"max-image-preview:large","max-video-preview":"max-video-preview:-1"},"canonical":"https:\/\/eco-onehotels.com\/es\/tienda\/accesorios\/lit-double-avec-configuration-king-size\/","og_locale":"es_ES","og_type":"article","og_title":"Lit double avec configuration king size - ECO-ONE","og_description":"Lit double type king size avec t\u00eate de lit capitonn\u00e9e de couleur noir fonc\u00e9. Sa conception permet de s\u00e9parer les matelas en configuration twin ou de les r\u00e9unir gr\u00e2ce \u00e0 un syst\u00e8me de liaison central pour une configuration king.","og_url":"https:\/\/eco-onehotels.com\/es\/tienda\/accesorios\/lit-double-avec-configuration-king-size\/","og_site_name":"ECO-ONE","article_modified_time":"2026-04-08T09:48:31+00:00","og_image":[{"width":1440,"height":1440,"url":"https:\/\/eco-onehotels.com\/wp-content\/uploads\/2026\/03\/2.png","type":"image\/png"}],"twitter_card":"summary_large_image","schema":{"@context":"https:\/\/schema.org","@graph":[{"@type":"WebPage","@id":"https:\/\/eco-onehotels.com\/es\/tienda\/accesorios\/lit-double-avec-configuration-king-size\/","url":"https:\/\/eco-onehotels.com\/es\/tienda\/accesorios\/lit-double-avec-configuration-king-size\/","name":"Lit double avec configuration king size - ECO-ONE","isPartOf":{"@id":"https:\/\/eco-onehotels.com\/es\/#website"},"primaryImageOfPage":{"@id":"https:\/\/eco-onehotels.com\/es\/tienda\/accesorios\/lit-double-avec-configuration-king-size\/#primaryimage"},"image":{"@id":"https:\/\/eco-onehotels.com\/es\/tienda\/accesorios\/lit-double-avec-configuration-king-size\/#primaryimage"},"thumbnailUrl":"https:\/\/eco-onehotels.com\/wp-content\/uploads\/2026\/03\/2.png","datePublished":"2025-12-11T11:05:14+00:00","dateModified":"2026-04-08T09:48:31+00:00","breadcrumb":{"@id":"https:\/\/eco-onehotels.com\/es\/tienda\/accesorios\/lit-double-avec-configuration-king-size\/#breadcrumb"},"inLanguage":"es","potentialAction":[{"@type":"ReadAction","target":["https:\/\/eco-onehotels.com\/es\/tienda\/accesorios\/lit-double-avec-configuration-king-size\/"]}]},{"@type":"ImageObject","inLanguage":"es","@id":"https:\/\/eco-onehotels.com\/es\/tienda\/accesorios\/lit-double-avec-configuration-king-size\/#primaryimage","url":"https:\/\/eco-onehotels.com\/wp-content\/uploads\/2026\/03\/2.png","contentUrl":"https:\/\/eco-onehotels.com\/wp-content\/uploads\/2026\/03\/2.png","width":1440,"height":1440},{"@type":"BreadcrumbList","@id":"https:\/\/eco-onehotels.com\/es\/tienda\/accesorios\/lit-double-avec-configuration-king-size\/#breadcrumb","itemListElement":[{"@type":"ListItem","position":1,"name":"Portada","item":"https:\/\/eco-onehotels.com\/es\/"},{"@type":"ListItem","position":2,"name":"Tienda Mercado segunda mano","item":"https:\/\/eco-onehotels.com\/es\/tienda\/"},{"@type":"ListItem","position":3,"name":"Lit double avec configuration king size"}]},{"@type":"WebSite","@id":"https:\/\/eco-onehotels.com\/es\/#website","url":"https:\/\/eco-onehotels.com\/es\/","name":"ECO-ONE","description":"","publisher":{"@id":"https:\/\/eco-onehotels.com\/es\/#organization"},"potentialAction":[{"@type":"SearchAction","target":{"@type":"EntryPoint","urlTemplate":"https:\/\/eco-onehotels.com\/es\/?s={search_term_string}"},"query-input":{"@type":"PropertyValueSpecification","valueRequired":true,"valueName":"search_term_string"}}],"inLanguage":"es"},{"@type":"Organization","@id":"https:\/\/eco-onehotels.com\/es\/#organization","name":"ECO-ONE","url":"https:\/\/eco-onehotels.com\/es\/","logo":{"@type":"ImageObject","inLanguage":"es","@id":"https:\/\/eco-onehotels.com\/es\/#\/schema\/logo\/image\/","url":"https:\/\/eco-onehotels.com\/wp-content\/uploads\/2024\/04\/LOGO-VECTORIZADO.svg","contentUrl":"https:\/\/eco-onehotels.com\/wp-content\/uploads\/2024\/04\/LOGO-VECTORIZADO.svg","width":804,"height":576,"caption":"ECO-ONE"},"image":{"@id":"https:\/\/eco-onehotels.com\/es\/#\/schema\/logo\/image\/"}}]}},"tiered_pricing_type":"fixed","tiered_pricing_fixed_rules":[],"tiered_pricing_product_settings":{"layout":"default","base_unit_name":{"singular":null,"plural":null},"default_variation":null},"tiered_pricing_minimum_quantity":null,"tiered_pricing_roles_data":[],"tiered_pricing_percentage_rules":[],"_links":{"self":[{"href":"https:\/\/eco-onehotels.com\/es\/wp-json\/wp\/v2\/product\/7868","targetHints":{"allow":["GET"]}}],"collection":[{"href":"https:\/\/eco-onehotels.com\/es\/wp-json\/wp\/v2\/product"}],"about":[{"href":"https:\/\/eco-onehotels.com\/es\/wp-json\/wp\/v2\/types\/product"}],"wp:featuredmedia":[{"embeddable":true,"href":"https:\/\/eco-onehotels.com\/es\/wp-json\/wp\/v2\/media\/11742"}],"wp:attachment":[{"href":"https:\/\/eco-onehotels.com\/es\/wp-json\/wp\/v2\/media?parent=7868"}],"wp:term":[{"taxonomy":"product_brand","embeddable":true,"href":"https:\/\/eco-onehotels.com\/es\/wp-json\/wp\/v2\/product_brand?post=7868"},{"taxonomy":"product_cat","embeddable":true,"href":"https:\/\/eco-onehotels.com\/es\/wp-json\/wp\/v2\/product_cat?post=7868"},{"taxonomy":"product_tag","embeddable":true,"href":"https:\/\/eco-onehotels.com\/es\/wp-json\/wp\/v2\/product_tag?post=7868"}],"curies":[{"name":"wp","href":"https:\/\/api.w.org\/{rel}","templated":true}]}}