{"id":7719,"date":"2025-11-12T17:36:39","date_gmt":"2025-11-12T16:36:39","guid":{"rendered":"https:\/\/eco-onehotels.com\/?post_type=product&#038;p=7719"},"modified":"2026-01-28T17:23:26","modified_gmt":"2026-01-28T16:23:26","slug":"kiosco-auto-check-in","status":"publish","type":"product","link":"https:\/\/eco-onehotels.com\/es\/tienda\/mueble\/kiosco-auto-check-in\/","title":{"rendered":"Kiosco auto check in"},"content":{"rendered":"<p>Kiosco de auto check-in, modelo L-100, compuesto por los siguientes elementos:<br \/>\n&#8211; Envolvente en acero lacado de 2 mm. de espesor. Color blanco<br \/>\n&#8211; Monitor 17&#8243; con tecnolog\u00eda PCAP (multit\u00e1ctil capacitiva de 10 puntos)<br \/>\n&#8211; PC en carcasa industrial. Disco SSD, 6 puertos USB. 4 puertos serie<br \/>\n&#8211; Impresora de tickets de 80 mm<br \/>\n&#8211; Fuente de alimentaci\u00f3n<br \/>\n&#8211; Aplicaci\u00f3n Roommatik preinstalada<br \/>\n&#8211; Soporta los siguientes idiomas: Espa\u00f1ol, Gallego, Catal\u00e1n, Ingl\u00e9s, Portugu\u00e9s, Franc\u00e9s, Italiano, Alem\u00e1n, Noruego, Chino (simplificado), Coreano, Ruso, checo, Sueco, Dan\u00e9s.<br \/>\n-Dispensador de tarjetas de banda magn\u00e9tica<br \/>\n&#8211; Lee, codifica y dispensa tarjetas con tecnolog\u00eda de banda magn\u00e9tica<br \/>\n&#8211; Lee y codifica cualquiera de las 3 pistas<br \/>\n&#8211; Soporta los est\u00e1ndares ISO7810 ID-1 y 7811<br \/>\n&#8211; Duraci\u00f3n de los cabezales mayor a 1 mill\u00f3n de pasadas<br \/>\n&#8211; Capacidad de 120 tarjetas (ampliable a 500)<br \/>\n&#8211; Alarma de \u00abbajo nivel de tarjetas\u00bb<br \/>\nEsc\u00e1ner de DNI\/pasaporte para kiosco<br \/>\n&#8211; Dise\u00f1ado espec\u00edficamente para instalaci\u00f3n en kioscos de autoservicio<br \/>\n&#8211; Carcasa met\u00e1lica y robusta (IP53)<br \/>\n&#8211; Iluminaci\u00f3n LED dual en el espectro visible (WHITE) e infrarrojo (IR)<br \/>\n&#8211; Operaci\u00f3n ultrar\u00e1pida (menos de 1 segundo)<br \/>\nLector de tarjeta de cr\u00e9dito seguro y desatendido<br \/>\n&#8211; H\u00edbrido, lectura de 3 pistas de banda magn\u00e9tica y smart card,<br \/>\n&#8211; Certificado EMVCo<br \/>\n&#8211; Dise\u00f1o con carcasa antivand\u00e1lica e interruptor antisabotaje<br \/>\n&#8211; Dise\u00f1ado para exteriores. Protecci\u00f3n contra polvo, l\u00edquido y otras sustancias<br \/>\n(IP 34)<br \/>\n&#8211; Obturador autom\u00e1tico para evitar la inserci\u00f3n de objetos externos<br \/>\nPinpad desatendido<br \/>\n&#8211; Teclado de 10 + 6 teclas ; 10 num\u00e9ricas, 4 teclas de funci\u00f3n con relieve; 2<br \/>\nteclas de navegaci\u00f3n;<br \/>\n&#8211; Durabilidad mayor de 2,000,000 de pulsaciones por tecla<br \/>\nM\u00f3dulo para pagos \u00absin contacto\u00bb<br \/>\n&#8211; V\u00e1lido para tarjetas de cr\u00e9dito y tel\u00e9fonos m\u00f3viles<br \/>\n&#8211; Carcasa antivand\u00e1lica<br \/>\n&#8211; Dise\u00f1o para exteriores. Protecci\u00f3n contra polvo, l\u00edquido y otras sustancias<\/p>\n","protected":false},"excerpt":{"rendered":"<p>Kiosco auto check in<\/p>\n","protected":false},"featured_media":7720,"template":"","meta":{"_acf_changed":false},"product_brand":[],"product_cat":[187],"product_tag":[],"class_list":{"0":"post-7719","1":"product","2":"type-product","3":"status-publish","4":"has-post-thumbnail","6":"product_cat-mueble","8":"first","9":"instock","10":"taxable","11":"shipping-taxable","12":"purchasable","13":"product-type-simple"},"acf":[],"yoast_head":"<!-- This site is optimized with the Yoast SEO plugin v26.2 - https:\/\/yoast.com\/wordpress\/plugins\/seo\/ -->\n<title>Kiosco auto check in - ECO-ONE<\/title>\n<meta name=\"robots\" content=\"index, follow, max-snippet:-1, max-image-preview:large, max-video-preview:-1\" \/>\n<link rel=\"canonical\" href=\"https:\/\/eco-onehotels.com\/es\/tienda\/mueble\/kiosco-auto-check-in\/\" \/>\n<meta property=\"og:locale\" content=\"es_ES\" \/>\n<meta property=\"og:type\" content=\"article\" \/>\n<meta property=\"og:title\" content=\"Kiosco auto check in - ECO-ONE\" \/>\n<meta property=\"og:description\" content=\"Kiosco auto check in\" \/>\n<meta property=\"og:url\" content=\"https:\/\/eco-onehotels.com\/es\/tienda\/mueble\/kiosco-auto-check-in\/\" \/>\n<meta property=\"og:site_name\" content=\"ECO-ONE\" \/>\n<meta property=\"article:modified_time\" content=\"2026-01-28T16:23:26+00:00\" \/>\n<meta property=\"og:image\" content=\"https:\/\/eco-onehotels.com\/wp-content\/uploads\/2025\/11\/WhatsApp-Image-2025-11-12-at-13.46.37-1.jpeg\" \/>\n\t<meta property=\"og:image:width\" content=\"795\" \/>\n\t<meta property=\"og:image:height\" content=\"1600\" \/>\n\t<meta property=\"og:image:type\" content=\"image\/jpeg\" \/>\n<meta name=\"twitter:card\" content=\"summary_large_image\" \/>\n<meta name=\"twitter:label1\" content=\"Tiempo de lectura\" \/>\n\t<meta name=\"twitter:data1\" content=\"2 minutos\" \/>\n<script type=\"application\/ld+json\" class=\"yoast-schema-graph\">{\"@context\":\"https:\/\/schema.org\",\"@graph\":[{\"@type\":\"WebPage\",\"@id\":\"https:\/\/eco-onehotels.com\/es\/tienda\/mueble\/kiosco-auto-check-in\/\",\"url\":\"https:\/\/eco-onehotels.com\/es\/tienda\/mueble\/kiosco-auto-check-in\/\",\"name\":\"Kiosco auto check in - ECO-ONE\",\"isPartOf\":{\"@id\":\"https:\/\/eco-onehotels.com\/es\/#website\"},\"primaryImageOfPage\":{\"@id\":\"https:\/\/eco-onehotels.com\/es\/tienda\/mueble\/kiosco-auto-check-in\/#primaryimage\"},\"image\":{\"@id\":\"https:\/\/eco-onehotels.com\/es\/tienda\/mueble\/kiosco-auto-check-in\/#primaryimage\"},\"thumbnailUrl\":\"https:\/\/eco-onehotels.com\/wp-content\/uploads\/2025\/11\/WhatsApp-Image-2025-11-12-at-13.46.37-1.jpeg\",\"datePublished\":\"2025-11-12T16:36:39+00:00\",\"dateModified\":\"2026-01-28T16:23:26+00:00\",\"breadcrumb\":{\"@id\":\"https:\/\/eco-onehotels.com\/es\/tienda\/mueble\/kiosco-auto-check-in\/#breadcrumb\"},\"inLanguage\":\"es\",\"potentialAction\":[{\"@type\":\"ReadAction\",\"target\":[\"https:\/\/eco-onehotels.com\/es\/tienda\/mueble\/kiosco-auto-check-in\/\"]}]},{\"@type\":\"ImageObject\",\"inLanguage\":\"es\",\"@id\":\"https:\/\/eco-onehotels.com\/es\/tienda\/mueble\/kiosco-auto-check-in\/#primaryimage\",\"url\":\"https:\/\/eco-onehotels.com\/wp-content\/uploads\/2025\/11\/WhatsApp-Image-2025-11-12-at-13.46.37-1.jpeg\",\"contentUrl\":\"https:\/\/eco-onehotels.com\/wp-content\/uploads\/2025\/11\/WhatsApp-Image-2025-11-12-at-13.46.37-1.jpeg\",\"width\":795,\"height\":1600},{\"@type\":\"BreadcrumbList\",\"@id\":\"https:\/\/eco-onehotels.com\/es\/tienda\/mueble\/kiosco-auto-check-in\/#breadcrumb\",\"itemListElement\":[{\"@type\":\"ListItem\",\"position\":1,\"name\":\"Portada\",\"item\":\"https:\/\/eco-onehotels.com\/es\/\"},{\"@type\":\"ListItem\",\"position\":2,\"name\":\"Tienda Mercado segunda mano\",\"item\":\"https:\/\/eco-onehotels.com\/es\/tienda\/\"},{\"@type\":\"ListItem\",\"position\":3,\"name\":\"Kiosco auto check in\"}]},{\"@type\":\"WebSite\",\"@id\":\"https:\/\/eco-onehotels.com\/es\/#website\",\"url\":\"https:\/\/eco-onehotels.com\/es\/\",\"name\":\"ECO-ONE\",\"description\":\"\",\"publisher\":{\"@id\":\"https:\/\/eco-onehotels.com\/es\/#organization\"},\"potentialAction\":[{\"@type\":\"SearchAction\",\"target\":{\"@type\":\"EntryPoint\",\"urlTemplate\":\"https:\/\/eco-onehotels.com\/es\/?s={search_term_string}\"},\"query-input\":{\"@type\":\"PropertyValueSpecification\",\"valueRequired\":true,\"valueName\":\"search_term_string\"}}],\"inLanguage\":\"es\"},{\"@type\":\"Organization\",\"@id\":\"https:\/\/eco-onehotels.com\/es\/#organization\",\"name\":\"ECO-ONE\",\"url\":\"https:\/\/eco-onehotels.com\/es\/\",\"logo\":{\"@type\":\"ImageObject\",\"inLanguage\":\"es\",\"@id\":\"https:\/\/eco-onehotels.com\/es\/#\/schema\/logo\/image\/\",\"url\":\"https:\/\/eco-onehotels.com\/wp-content\/uploads\/2024\/04\/LOGO-VECTORIZADO.svg\",\"contentUrl\":\"https:\/\/eco-onehotels.com\/wp-content\/uploads\/2024\/04\/LOGO-VECTORIZADO.svg\",\"width\":804,\"height\":576,\"caption\":\"ECO-ONE\"},\"image\":{\"@id\":\"https:\/\/eco-onehotels.com\/es\/#\/schema\/logo\/image\/\"}}]}<\/script>\n<!-- \/ Yoast SEO plugin. -->","yoast_head_json":{"title":"Kiosco auto check in - ECO-ONE","robots":{"index":"index","follow":"follow","max-snippet":"max-snippet:-1","max-image-preview":"max-image-preview:large","max-video-preview":"max-video-preview:-1"},"canonical":"https:\/\/eco-onehotels.com\/es\/tienda\/mueble\/kiosco-auto-check-in\/","og_locale":"es_ES","og_type":"article","og_title":"Kiosco auto check in - ECO-ONE","og_description":"Kiosco auto check in","og_url":"https:\/\/eco-onehotels.com\/es\/tienda\/mueble\/kiosco-auto-check-in\/","og_site_name":"ECO-ONE","article_modified_time":"2026-01-28T16:23:26+00:00","og_image":[{"width":795,"height":1600,"url":"https:\/\/eco-onehotels.com\/wp-content\/uploads\/2025\/11\/WhatsApp-Image-2025-11-12-at-13.46.37-1.jpeg","type":"image\/jpeg"}],"twitter_card":"summary_large_image","twitter_misc":{"Tiempo de lectura":"2 minutos"},"schema":{"@context":"https:\/\/schema.org","@graph":[{"@type":"WebPage","@id":"https:\/\/eco-onehotels.com\/es\/tienda\/mueble\/kiosco-auto-check-in\/","url":"https:\/\/eco-onehotels.com\/es\/tienda\/mueble\/kiosco-auto-check-in\/","name":"Kiosco auto check in - ECO-ONE","isPartOf":{"@id":"https:\/\/eco-onehotels.com\/es\/#website"},"primaryImageOfPage":{"@id":"https:\/\/eco-onehotels.com\/es\/tienda\/mueble\/kiosco-auto-check-in\/#primaryimage"},"image":{"@id":"https:\/\/eco-onehotels.com\/es\/tienda\/mueble\/kiosco-auto-check-in\/#primaryimage"},"thumbnailUrl":"https:\/\/eco-onehotels.com\/wp-content\/uploads\/2025\/11\/WhatsApp-Image-2025-11-12-at-13.46.37-1.jpeg","datePublished":"2025-11-12T16:36:39+00:00","dateModified":"2026-01-28T16:23:26+00:00","breadcrumb":{"@id":"https:\/\/eco-onehotels.com\/es\/tienda\/mueble\/kiosco-auto-check-in\/#breadcrumb"},"inLanguage":"es","potentialAction":[{"@type":"ReadAction","target":["https:\/\/eco-onehotels.com\/es\/tienda\/mueble\/kiosco-auto-check-in\/"]}]},{"@type":"ImageObject","inLanguage":"es","@id":"https:\/\/eco-onehotels.com\/es\/tienda\/mueble\/kiosco-auto-check-in\/#primaryimage","url":"https:\/\/eco-onehotels.com\/wp-content\/uploads\/2025\/11\/WhatsApp-Image-2025-11-12-at-13.46.37-1.jpeg","contentUrl":"https:\/\/eco-onehotels.com\/wp-content\/uploads\/2025\/11\/WhatsApp-Image-2025-11-12-at-13.46.37-1.jpeg","width":795,"height":1600},{"@type":"BreadcrumbList","@id":"https:\/\/eco-onehotels.com\/es\/tienda\/mueble\/kiosco-auto-check-in\/#breadcrumb","itemListElement":[{"@type":"ListItem","position":1,"name":"Portada","item":"https:\/\/eco-onehotels.com\/es\/"},{"@type":"ListItem","position":2,"name":"Tienda Mercado segunda mano","item":"https:\/\/eco-onehotels.com\/es\/tienda\/"},{"@type":"ListItem","position":3,"name":"Kiosco auto check in"}]},{"@type":"WebSite","@id":"https:\/\/eco-onehotels.com\/es\/#website","url":"https:\/\/eco-onehotels.com\/es\/","name":"ECO-ONE","description":"","publisher":{"@id":"https:\/\/eco-onehotels.com\/es\/#organization"},"potentialAction":[{"@type":"SearchAction","target":{"@type":"EntryPoint","urlTemplate":"https:\/\/eco-onehotels.com\/es\/?s={search_term_string}"},"query-input":{"@type":"PropertyValueSpecification","valueRequired":true,"valueName":"search_term_string"}}],"inLanguage":"es"},{"@type":"Organization","@id":"https:\/\/eco-onehotels.com\/es\/#organization","name":"ECO-ONE","url":"https:\/\/eco-onehotels.com\/es\/","logo":{"@type":"ImageObject","inLanguage":"es","@id":"https:\/\/eco-onehotels.com\/es\/#\/schema\/logo\/image\/","url":"https:\/\/eco-onehotels.com\/wp-content\/uploads\/2024\/04\/LOGO-VECTORIZADO.svg","contentUrl":"https:\/\/eco-onehotels.com\/wp-content\/uploads\/2024\/04\/LOGO-VECTORIZADO.svg","width":804,"height":576,"caption":"ECO-ONE"},"image":{"@id":"https:\/\/eco-onehotels.com\/es\/#\/schema\/logo\/image\/"}}]}},"tiered_pricing_type":"fixed","tiered_pricing_fixed_rules":[],"tiered_pricing_product_settings":{"layout":"default","base_unit_name":{"singular":null,"plural":null},"default_variation":null},"tiered_pricing_minimum_quantity":null,"tiered_pricing_roles_data":[],"tiered_pricing_percentage_rules":[],"_links":{"self":[{"href":"https:\/\/eco-onehotels.com\/es\/wp-json\/wp\/v2\/product\/7719","targetHints":{"allow":["GET"]}}],"collection":[{"href":"https:\/\/eco-onehotels.com\/es\/wp-json\/wp\/v2\/product"}],"about":[{"href":"https:\/\/eco-onehotels.com\/es\/wp-json\/wp\/v2\/types\/product"}],"wp:featuredmedia":[{"embeddable":true,"href":"https:\/\/eco-onehotels.com\/es\/wp-json\/wp\/v2\/media\/7720"}],"wp:attachment":[{"href":"https:\/\/eco-onehotels.com\/es\/wp-json\/wp\/v2\/media?parent=7719"}],"wp:term":[{"taxonomy":"product_brand","embeddable":true,"href":"https:\/\/eco-onehotels.com\/es\/wp-json\/wp\/v2\/product_brand?post=7719"},{"taxonomy":"product_cat","embeddable":true,"href":"https:\/\/eco-onehotels.com\/es\/wp-json\/wp\/v2\/product_cat?post=7719"},{"taxonomy":"product_tag","embeddable":true,"href":"https:\/\/eco-onehotels.com\/es\/wp-json\/wp\/v2\/product_tag?post=7719"}],"curies":[{"name":"wp","href":"https:\/\/api.w.org\/{rel}","templated":true}]}}