{"id":6837,"date":"2025-07-25T13:48:40","date_gmt":"2025-07-25T11:48:40","guid":{"rendered":"https:\/\/eco-onehotels.com\/?post_type=product&#038;p=6837"},"modified":"2026-01-26T17:11:33","modified_gmt":"2026-01-26T16:11:33","slug":"centralita-sobremesa-cocomm-neo1100","status":"publish","type":"product","link":"https:\/\/eco-onehotels.com\/es\/tienda\/accesorios\/centralita-sobremesa-cocomm-neo1100\/","title":{"rendered":"TELEFONO SOBREMESA COCOMM NEO1100"},"content":{"rendered":"","protected":false},"excerpt":{"rendered":"<ul class=\"ws10-c-product-detail-item__list\">\n<li class=\"ws10-c-product-detail-item__item\">Tel\u00e9fono fijo COCOMM NEO1100 con tarjeta SIM para espacios p\u00fablicos<\/li>\n<li class=\"ws10-c-product-detail-item__item\">Seguridad de bloqueo SIM para m\u00e1xima protecci\u00f3n<\/li>\n<li class=\"ws10-c-product-detail-item__item\">Acceso restringido al men\u00fa con contrase\u00f1a Pantalla B\/N 2,1\u00bb con 8 teclas de memoria<\/li>\n<li class=\"ws10-c-product-detail-item__item\">Manos libres integrado y Micro USB Ranura para candados de seguridad antirrobo<\/li>\n<li class=\"ws10-c-product-detail-item__item\">Idiomas: ES, ING, FRA, CAT, Gallego y Vasc<\/li>\n<li>Unidades sin estrenar, completamente nuevas<\/li>\n<\/ul>\n","protected":false},"featured_media":6838,"template":"","meta":{"_acf_changed":false},"product_brand":[],"product_cat":[185],"product_tag":[],"class_list":{"0":"post-6837","1":"product","2":"type-product","3":"status-publish","4":"has-post-thumbnail","6":"product_cat-accesorios","8":"first","9":"instock","10":"taxable","11":"shipping-taxable","12":"purchasable","13":"product-type-simple"},"acf":[],"yoast_head":"<!-- This site is optimized with the Yoast SEO plugin v26.2 - https:\/\/yoast.com\/wordpress\/plugins\/seo\/ -->\n<title>TELEFONO SOBREMESA COCOMM NEO1100 - ECO-ONE<\/title>\n<meta name=\"robots\" content=\"index, follow, max-snippet:-1, max-image-preview:large, max-video-preview:-1\" \/>\n<link rel=\"canonical\" href=\"https:\/\/eco-onehotels.com\/es\/tienda\/accesorios\/centralita-sobremesa-cocomm-neo1100\/\" \/>\n<meta property=\"og:locale\" content=\"es_ES\" \/>\n<meta property=\"og:type\" content=\"article\" \/>\n<meta property=\"og:title\" content=\"TELEFONO SOBREMESA COCOMM NEO1100 - ECO-ONE\" \/>\n<meta property=\"og:description\" content=\"Tel\u00e9fono fijo COCOMM NEO1100 con tarjeta SIM para espacios p\u00fablicos  Seguridad de bloqueo SIM para m\u00e1xima protecci\u00f3n  Acceso restringido al men\u00fa con contrase\u00f1a Pantalla B\/N 2,1&#039;&#039; con 8 teclas de memoria  Manos libres integrado y Micro USB Ranura para candados de seguridad antirrobo  Idiomas: ES, ING, FRA, CAT, Gallego y Vasc  Unidades sin estrenar, completamente nuevas\" \/>\n<meta property=\"og:url\" content=\"https:\/\/eco-onehotels.com\/es\/tienda\/accesorios\/centralita-sobremesa-cocomm-neo1100\/\" \/>\n<meta property=\"og:site_name\" content=\"ECO-ONE\" \/>\n<meta property=\"article:modified_time\" content=\"2026-01-26T16:11:33+00:00\" \/>\n<meta property=\"og:image\" content=\"https:\/\/eco-onehotels.com\/wp-content\/uploads\/2025\/07\/WhatsApp-Image-2025-07-25-at-13.14.40.jpeg\" \/>\n\t<meta property=\"og:image:width\" content=\"1536\" \/>\n\t<meta property=\"og:image:height\" content=\"2048\" \/>\n\t<meta property=\"og:image:type\" content=\"image\/jpeg\" \/>\n<meta name=\"twitter:card\" content=\"summary_large_image\" \/>\n<meta name=\"twitter:label1\" content=\"Tiempo de lectura\" \/>\n\t<meta name=\"twitter:data1\" content=\"1 minuto\" \/>\n<script type=\"application\/ld+json\" class=\"yoast-schema-graph\">{\"@context\":\"https:\/\/schema.org\",\"@graph\":[{\"@type\":\"WebPage\",\"@id\":\"https:\/\/eco-onehotels.com\/es\/tienda\/accesorios\/centralita-sobremesa-cocomm-neo1100\/\",\"url\":\"https:\/\/eco-onehotels.com\/es\/tienda\/accesorios\/centralita-sobremesa-cocomm-neo1100\/\",\"name\":\"TELEFONO SOBREMESA COCOMM NEO1100 - ECO-ONE\",\"isPartOf\":{\"@id\":\"https:\/\/eco-onehotels.com\/es\/#website\"},\"primaryImageOfPage\":{\"@id\":\"https:\/\/eco-onehotels.com\/es\/tienda\/accesorios\/centralita-sobremesa-cocomm-neo1100\/#primaryimage\"},\"image\":{\"@id\":\"https:\/\/eco-onehotels.com\/es\/tienda\/accesorios\/centralita-sobremesa-cocomm-neo1100\/#primaryimage\"},\"thumbnailUrl\":\"https:\/\/eco-onehotels.com\/wp-content\/uploads\/2025\/07\/WhatsApp-Image-2025-07-25-at-13.14.40.jpeg\",\"datePublished\":\"2025-07-25T11:48:40+00:00\",\"dateModified\":\"2026-01-26T16:11:33+00:00\",\"breadcrumb\":{\"@id\":\"https:\/\/eco-onehotels.com\/es\/tienda\/accesorios\/centralita-sobremesa-cocomm-neo1100\/#breadcrumb\"},\"inLanguage\":\"es\",\"potentialAction\":[{\"@type\":\"ReadAction\",\"target\":[\"https:\/\/eco-onehotels.com\/es\/tienda\/accesorios\/centralita-sobremesa-cocomm-neo1100\/\"]}]},{\"@type\":\"ImageObject\",\"inLanguage\":\"es\",\"@id\":\"https:\/\/eco-onehotels.com\/es\/tienda\/accesorios\/centralita-sobremesa-cocomm-neo1100\/#primaryimage\",\"url\":\"https:\/\/eco-onehotels.com\/wp-content\/uploads\/2025\/07\/WhatsApp-Image-2025-07-25-at-13.14.40.jpeg\",\"contentUrl\":\"https:\/\/eco-onehotels.com\/wp-content\/uploads\/2025\/07\/WhatsApp-Image-2025-07-25-at-13.14.40.jpeg\",\"width\":1536,\"height\":2048},{\"@type\":\"BreadcrumbList\",\"@id\":\"https:\/\/eco-onehotels.com\/es\/tienda\/accesorios\/centralita-sobremesa-cocomm-neo1100\/#breadcrumb\",\"itemListElement\":[{\"@type\":\"ListItem\",\"position\":1,\"name\":\"Portada\",\"item\":\"https:\/\/eco-onehotels.com\/es\/\"},{\"@type\":\"ListItem\",\"position\":2,\"name\":\"Tienda Mercado segunda mano\",\"item\":\"https:\/\/eco-onehotels.com\/es\/tienda\/\"},{\"@type\":\"ListItem\",\"position\":3,\"name\":\"TELEFONO SOBREMESA COCOMM NEO1100\"}]},{\"@type\":\"WebSite\",\"@id\":\"https:\/\/eco-onehotels.com\/es\/#website\",\"url\":\"https:\/\/eco-onehotels.com\/es\/\",\"name\":\"ECO-ONE\",\"description\":\"\",\"publisher\":{\"@id\":\"https:\/\/eco-onehotels.com\/es\/#organization\"},\"potentialAction\":[{\"@type\":\"SearchAction\",\"target\":{\"@type\":\"EntryPoint\",\"urlTemplate\":\"https:\/\/eco-onehotels.com\/es\/?s={search_term_string}\"},\"query-input\":{\"@type\":\"PropertyValueSpecification\",\"valueRequired\":true,\"valueName\":\"search_term_string\"}}],\"inLanguage\":\"es\"},{\"@type\":\"Organization\",\"@id\":\"https:\/\/eco-onehotels.com\/es\/#organization\",\"name\":\"ECO-ONE\",\"url\":\"https:\/\/eco-onehotels.com\/es\/\",\"logo\":{\"@type\":\"ImageObject\",\"inLanguage\":\"es\",\"@id\":\"https:\/\/eco-onehotels.com\/es\/#\/schema\/logo\/image\/\",\"url\":\"https:\/\/eco-onehotels.com\/wp-content\/uploads\/2024\/04\/LOGO-VECTORIZADO.svg\",\"contentUrl\":\"https:\/\/eco-onehotels.com\/wp-content\/uploads\/2024\/04\/LOGO-VECTORIZADO.svg\",\"width\":804,\"height\":576,\"caption\":\"ECO-ONE\"},\"image\":{\"@id\":\"https:\/\/eco-onehotels.com\/es\/#\/schema\/logo\/image\/\"}}]}<\/script>\n<!-- \/ Yoast SEO plugin. -->","yoast_head_json":{"title":"TELEFONO SOBREMESA COCOMM NEO1100 - ECO-ONE","robots":{"index":"index","follow":"follow","max-snippet":"max-snippet:-1","max-image-preview":"max-image-preview:large","max-video-preview":"max-video-preview:-1"},"canonical":"https:\/\/eco-onehotels.com\/es\/tienda\/accesorios\/centralita-sobremesa-cocomm-neo1100\/","og_locale":"es_ES","og_type":"article","og_title":"TELEFONO SOBREMESA COCOMM NEO1100 - ECO-ONE","og_description":"Tel\u00e9fono fijo COCOMM NEO1100 con tarjeta SIM para espacios p\u00fablicos  Seguridad de bloqueo SIM para m\u00e1xima protecci\u00f3n  Acceso restringido al men\u00fa con contrase\u00f1a Pantalla B\/N 2,1'' con 8 teclas de memoria  Manos libres integrado y Micro USB Ranura para candados de seguridad antirrobo  Idiomas: ES, ING, FRA, CAT, Gallego y Vasc  Unidades sin estrenar, completamente nuevas","og_url":"https:\/\/eco-onehotels.com\/es\/tienda\/accesorios\/centralita-sobremesa-cocomm-neo1100\/","og_site_name":"ECO-ONE","article_modified_time":"2026-01-26T16:11:33+00:00","og_image":[{"width":1536,"height":2048,"url":"https:\/\/eco-onehotels.com\/wp-content\/uploads\/2025\/07\/WhatsApp-Image-2025-07-25-at-13.14.40.jpeg","type":"image\/jpeg"}],"twitter_card":"summary_large_image","twitter_misc":{"Tiempo de lectura":"1 minuto"},"schema":{"@context":"https:\/\/schema.org","@graph":[{"@type":"WebPage","@id":"https:\/\/eco-onehotels.com\/es\/tienda\/accesorios\/centralita-sobremesa-cocomm-neo1100\/","url":"https:\/\/eco-onehotels.com\/es\/tienda\/accesorios\/centralita-sobremesa-cocomm-neo1100\/","name":"TELEFONO SOBREMESA COCOMM NEO1100 - ECO-ONE","isPartOf":{"@id":"https:\/\/eco-onehotels.com\/es\/#website"},"primaryImageOfPage":{"@id":"https:\/\/eco-onehotels.com\/es\/tienda\/accesorios\/centralita-sobremesa-cocomm-neo1100\/#primaryimage"},"image":{"@id":"https:\/\/eco-onehotels.com\/es\/tienda\/accesorios\/centralita-sobremesa-cocomm-neo1100\/#primaryimage"},"thumbnailUrl":"https:\/\/eco-onehotels.com\/wp-content\/uploads\/2025\/07\/WhatsApp-Image-2025-07-25-at-13.14.40.jpeg","datePublished":"2025-07-25T11:48:40+00:00","dateModified":"2026-01-26T16:11:33+00:00","breadcrumb":{"@id":"https:\/\/eco-onehotels.com\/es\/tienda\/accesorios\/centralita-sobremesa-cocomm-neo1100\/#breadcrumb"},"inLanguage":"es","potentialAction":[{"@type":"ReadAction","target":["https:\/\/eco-onehotels.com\/es\/tienda\/accesorios\/centralita-sobremesa-cocomm-neo1100\/"]}]},{"@type":"ImageObject","inLanguage":"es","@id":"https:\/\/eco-onehotels.com\/es\/tienda\/accesorios\/centralita-sobremesa-cocomm-neo1100\/#primaryimage","url":"https:\/\/eco-onehotels.com\/wp-content\/uploads\/2025\/07\/WhatsApp-Image-2025-07-25-at-13.14.40.jpeg","contentUrl":"https:\/\/eco-onehotels.com\/wp-content\/uploads\/2025\/07\/WhatsApp-Image-2025-07-25-at-13.14.40.jpeg","width":1536,"height":2048},{"@type":"BreadcrumbList","@id":"https:\/\/eco-onehotels.com\/es\/tienda\/accesorios\/centralita-sobremesa-cocomm-neo1100\/#breadcrumb","itemListElement":[{"@type":"ListItem","position":1,"name":"Portada","item":"https:\/\/eco-onehotels.com\/es\/"},{"@type":"ListItem","position":2,"name":"Tienda Mercado segunda mano","item":"https:\/\/eco-onehotels.com\/es\/tienda\/"},{"@type":"ListItem","position":3,"name":"TELEFONO SOBREMESA COCOMM NEO1100"}]},{"@type":"WebSite","@id":"https:\/\/eco-onehotels.com\/es\/#website","url":"https:\/\/eco-onehotels.com\/es\/","name":"ECO-ONE","description":"","publisher":{"@id":"https:\/\/eco-onehotels.com\/es\/#organization"},"potentialAction":[{"@type":"SearchAction","target":{"@type":"EntryPoint","urlTemplate":"https:\/\/eco-onehotels.com\/es\/?s={search_term_string}"},"query-input":{"@type":"PropertyValueSpecification","valueRequired":true,"valueName":"search_term_string"}}],"inLanguage":"es"},{"@type":"Organization","@id":"https:\/\/eco-onehotels.com\/es\/#organization","name":"ECO-ONE","url":"https:\/\/eco-onehotels.com\/es\/","logo":{"@type":"ImageObject","inLanguage":"es","@id":"https:\/\/eco-onehotels.com\/es\/#\/schema\/logo\/image\/","url":"https:\/\/eco-onehotels.com\/wp-content\/uploads\/2024\/04\/LOGO-VECTORIZADO.svg","contentUrl":"https:\/\/eco-onehotels.com\/wp-content\/uploads\/2024\/04\/LOGO-VECTORIZADO.svg","width":804,"height":576,"caption":"ECO-ONE"},"image":{"@id":"https:\/\/eco-onehotels.com\/es\/#\/schema\/logo\/image\/"}}]}},"tiered_pricing_type":"fixed","tiered_pricing_fixed_rules":[],"tiered_pricing_product_settings":{"layout":"default","base_unit_name":{"singular":null,"plural":null},"default_variation":null},"tiered_pricing_minimum_quantity":null,"tiered_pricing_roles_data":[],"tiered_pricing_percentage_rules":[],"_links":{"self":[{"href":"https:\/\/eco-onehotels.com\/es\/wp-json\/wp\/v2\/product\/6837","targetHints":{"allow":["GET"]}}],"collection":[{"href":"https:\/\/eco-onehotels.com\/es\/wp-json\/wp\/v2\/product"}],"about":[{"href":"https:\/\/eco-onehotels.com\/es\/wp-json\/wp\/v2\/types\/product"}],"wp:featuredmedia":[{"embeddable":true,"href":"https:\/\/eco-onehotels.com\/es\/wp-json\/wp\/v2\/media\/6838"}],"wp:attachment":[{"href":"https:\/\/eco-onehotels.com\/es\/wp-json\/wp\/v2\/media?parent=6837"}],"wp:term":[{"taxonomy":"product_brand","embeddable":true,"href":"https:\/\/eco-onehotels.com\/es\/wp-json\/wp\/v2\/product_brand?post=6837"},{"taxonomy":"product_cat","embeddable":true,"href":"https:\/\/eco-onehotels.com\/es\/wp-json\/wp\/v2\/product_cat?post=6837"},{"taxonomy":"product_tag","embeddable":true,"href":"https:\/\/eco-onehotels.com\/es\/wp-json\/wp\/v2\/product_tag?post=6837"}],"curies":[{"name":"wp","href":"https:\/\/api.w.org\/{rel}","templated":true}]}}