{"id":1658,"date":"2024-07-04T16:53:05","date_gmt":"2024-07-04T14:53:05","guid":{"rendered":"https:\/\/eco-one.es\/segundamano\/?post_type=product&#038;p=1658"},"modified":"2025-09-26T09:53:39","modified_gmt":"2025-09-26T07:53:39","slug":"sillon-sumo-sancal","status":"publish","type":"product","link":"https:\/\/eco-onehotels.com\/es\/tienda\/interior\/sillon-sumo-sancal\/","title":{"rendered":"Sill\u00f3n Sumo Sancal"},"content":{"rendered":"","protected":false},"excerpt":{"rendered":"<p>Sill\u00f3n Sumo by Yonoh, hecho en Espa\u00f1a. 4uds . El precio es por unidad<\/p>\n<p>3 a\u00f1os uso en zona poco transitada de zonas nobles hotel.<\/p>\n<p>2 tonos azul, tama\u00f1o 92x87x74, peso 10kg.<\/p>\n<p>Perfecto estado<\/p>\n","protected":false},"featured_media":1664,"template":"","meta":{"_acf_changed":false},"product_brand":[],"product_cat":[75,77,94],"product_tag":[],"class_list":{"0":"post-1658","1":"product","2":"type-product","3":"status-publish","4":"has-post-thumbnail","6":"product_cat-interior","7":"product_cat-mobiliario-interior","8":"product_cat-sofas","10":"first","11":"instock","12":"taxable","13":"shipping-taxable","14":"purchasable","15":"product-type-simple"},"acf":[],"yoast_head":"<!-- This site is optimized with the Yoast SEO plugin v26.2 - https:\/\/yoast.com\/wordpress\/plugins\/seo\/ -->\n<title>Sill\u00f3n Sumo Sancal - ECO-ONE<\/title>\n<meta name=\"robots\" content=\"index, follow, max-snippet:-1, max-image-preview:large, max-video-preview:-1\" \/>\n<link rel=\"canonical\" href=\"https:\/\/eco-onehotels.com\/es\/tienda\/interior\/sillon-sumo-sancal\/\" \/>\n<meta property=\"og:locale\" content=\"es_ES\" \/>\n<meta property=\"og:type\" content=\"article\" \/>\n<meta property=\"og:title\" content=\"Sill\u00f3n Sumo Sancal - ECO-ONE\" \/>\n<meta property=\"og:description\" content=\"Sill\u00f3n Sumo by Yonoh, hecho en Espa\u00f1a. 4uds . El precio es por unidad  3 a\u00f1os uso en zona poco transitada de zonas nobles hotel.  2 tonos azul, tama\u00f1o 92x87x74, peso 10kg.  Perfecto estado\" \/>\n<meta property=\"og:url\" content=\"https:\/\/eco-onehotels.com\/es\/tienda\/interior\/sillon-sumo-sancal\/\" \/>\n<meta property=\"og:site_name\" content=\"ECO-ONE\" \/>\n<meta property=\"article:modified_time\" content=\"2025-09-26T07:53:39+00:00\" \/>\n<meta property=\"og:image\" content=\"https:\/\/eco-onehotels.com\/wp-content\/uploads\/2024\/07\/sillon-sancal.jpg\" \/>\n\t<meta property=\"og:image:width\" content=\"1000\" \/>\n\t<meta property=\"og:image:height\" content=\"1000\" \/>\n\t<meta property=\"og:image:type\" content=\"image\/jpeg\" \/>\n<meta name=\"twitter:card\" content=\"summary_large_image\" \/>\n<meta name=\"twitter:label1\" content=\"Tiempo de lectura\" \/>\n\t<meta name=\"twitter:data1\" content=\"1 minuto\" \/>\n<script type=\"application\/ld+json\" class=\"yoast-schema-graph\">{\"@context\":\"https:\/\/schema.org\",\"@graph\":[{\"@type\":\"WebPage\",\"@id\":\"https:\/\/eco-onehotels.com\/es\/tienda\/interior\/sillon-sumo-sancal\/\",\"url\":\"https:\/\/eco-onehotels.com\/es\/tienda\/interior\/sillon-sumo-sancal\/\",\"name\":\"Sill\u00f3n Sumo Sancal - ECO-ONE\",\"isPartOf\":{\"@id\":\"https:\/\/eco-onehotels.com\/es\/#website\"},\"primaryImageOfPage\":{\"@id\":\"https:\/\/eco-onehotels.com\/es\/tienda\/interior\/sillon-sumo-sancal\/#primaryimage\"},\"image\":{\"@id\":\"https:\/\/eco-onehotels.com\/es\/tienda\/interior\/sillon-sumo-sancal\/#primaryimage\"},\"thumbnailUrl\":\"https:\/\/eco-onehotels.com\/wp-content\/uploads\/2024\/07\/sillon-sancal.jpg\",\"datePublished\":\"2024-07-04T14:53:05+00:00\",\"dateModified\":\"2025-09-26T07:53:39+00:00\",\"breadcrumb\":{\"@id\":\"https:\/\/eco-onehotels.com\/es\/tienda\/interior\/sillon-sumo-sancal\/#breadcrumb\"},\"inLanguage\":\"es\",\"potentialAction\":[{\"@type\":\"ReadAction\",\"target\":[\"https:\/\/eco-onehotels.com\/es\/tienda\/interior\/sillon-sumo-sancal\/\"]}]},{\"@type\":\"ImageObject\",\"inLanguage\":\"es\",\"@id\":\"https:\/\/eco-onehotels.com\/es\/tienda\/interior\/sillon-sumo-sancal\/#primaryimage\",\"url\":\"https:\/\/eco-onehotels.com\/wp-content\/uploads\/2024\/07\/sillon-sancal.jpg\",\"contentUrl\":\"https:\/\/eco-onehotels.com\/wp-content\/uploads\/2024\/07\/sillon-sancal.jpg\",\"width\":1000,\"height\":1000},{\"@type\":\"BreadcrumbList\",\"@id\":\"https:\/\/eco-onehotels.com\/es\/tienda\/interior\/sillon-sumo-sancal\/#breadcrumb\",\"itemListElement\":[{\"@type\":\"ListItem\",\"position\":1,\"name\":\"Portada\",\"item\":\"https:\/\/eco-onehotels.com\/es\/\"},{\"@type\":\"ListItem\",\"position\":2,\"name\":\"Tienda Mercado segunda mano\",\"item\":\"https:\/\/eco-onehotels.com\/es\/tienda\/\"},{\"@type\":\"ListItem\",\"position\":3,\"name\":\"Sill\u00f3n Sumo Sancal\"}]},{\"@type\":\"WebSite\",\"@id\":\"https:\/\/eco-onehotels.com\/es\/#website\",\"url\":\"https:\/\/eco-onehotels.com\/es\/\",\"name\":\"ECO-ONE\",\"description\":\"\",\"publisher\":{\"@id\":\"https:\/\/eco-onehotels.com\/es\/#organization\"},\"potentialAction\":[{\"@type\":\"SearchAction\",\"target\":{\"@type\":\"EntryPoint\",\"urlTemplate\":\"https:\/\/eco-onehotels.com\/es\/?s={search_term_string}\"},\"query-input\":{\"@type\":\"PropertyValueSpecification\",\"valueRequired\":true,\"valueName\":\"search_term_string\"}}],\"inLanguage\":\"es\"},{\"@type\":\"Organization\",\"@id\":\"https:\/\/eco-onehotels.com\/es\/#organization\",\"name\":\"ECO-ONE\",\"url\":\"https:\/\/eco-onehotels.com\/es\/\",\"logo\":{\"@type\":\"ImageObject\",\"inLanguage\":\"es\",\"@id\":\"https:\/\/eco-onehotels.com\/es\/#\/schema\/logo\/image\/\",\"url\":\"https:\/\/eco-onehotels.com\/wp-content\/uploads\/2024\/04\/LOGO-VECTORIZADO.svg\",\"contentUrl\":\"https:\/\/eco-onehotels.com\/wp-content\/uploads\/2024\/04\/LOGO-VECTORIZADO.svg\",\"width\":804,\"height\":576,\"caption\":\"ECO-ONE\"},\"image\":{\"@id\":\"https:\/\/eco-onehotels.com\/es\/#\/schema\/logo\/image\/\"}}]}<\/script>\n<!-- \/ Yoast SEO plugin. -->","yoast_head_json":{"title":"Sill\u00f3n Sumo Sancal - ECO-ONE","robots":{"index":"index","follow":"follow","max-snippet":"max-snippet:-1","max-image-preview":"max-image-preview:large","max-video-preview":"max-video-preview:-1"},"canonical":"https:\/\/eco-onehotels.com\/es\/tienda\/interior\/sillon-sumo-sancal\/","og_locale":"es_ES","og_type":"article","og_title":"Sill\u00f3n Sumo Sancal - ECO-ONE","og_description":"Sill\u00f3n Sumo by Yonoh, hecho en Espa\u00f1a. 4uds . El precio es por unidad  3 a\u00f1os uso en zona poco transitada de zonas nobles hotel.  2 tonos azul, tama\u00f1o 92x87x74, peso 10kg.  Perfecto estado","og_url":"https:\/\/eco-onehotels.com\/es\/tienda\/interior\/sillon-sumo-sancal\/","og_site_name":"ECO-ONE","article_modified_time":"2025-09-26T07:53:39+00:00","og_image":[{"width":1000,"height":1000,"url":"https:\/\/eco-onehotels.com\/wp-content\/uploads\/2024\/07\/sillon-sancal.jpg","type":"image\/jpeg"}],"twitter_card":"summary_large_image","twitter_misc":{"Tiempo de lectura":"1 minuto"},"schema":{"@context":"https:\/\/schema.org","@graph":[{"@type":"WebPage","@id":"https:\/\/eco-onehotels.com\/es\/tienda\/interior\/sillon-sumo-sancal\/","url":"https:\/\/eco-onehotels.com\/es\/tienda\/interior\/sillon-sumo-sancal\/","name":"Sill\u00f3n Sumo Sancal - ECO-ONE","isPartOf":{"@id":"https:\/\/eco-onehotels.com\/es\/#website"},"primaryImageOfPage":{"@id":"https:\/\/eco-onehotels.com\/es\/tienda\/interior\/sillon-sumo-sancal\/#primaryimage"},"image":{"@id":"https:\/\/eco-onehotels.com\/es\/tienda\/interior\/sillon-sumo-sancal\/#primaryimage"},"thumbnailUrl":"https:\/\/eco-onehotels.com\/wp-content\/uploads\/2024\/07\/sillon-sancal.jpg","datePublished":"2024-07-04T14:53:05+00:00","dateModified":"2025-09-26T07:53:39+00:00","breadcrumb":{"@id":"https:\/\/eco-onehotels.com\/es\/tienda\/interior\/sillon-sumo-sancal\/#breadcrumb"},"inLanguage":"es","potentialAction":[{"@type":"ReadAction","target":["https:\/\/eco-onehotels.com\/es\/tienda\/interior\/sillon-sumo-sancal\/"]}]},{"@type":"ImageObject","inLanguage":"es","@id":"https:\/\/eco-onehotels.com\/es\/tienda\/interior\/sillon-sumo-sancal\/#primaryimage","url":"https:\/\/eco-onehotels.com\/wp-content\/uploads\/2024\/07\/sillon-sancal.jpg","contentUrl":"https:\/\/eco-onehotels.com\/wp-content\/uploads\/2024\/07\/sillon-sancal.jpg","width":1000,"height":1000},{"@type":"BreadcrumbList","@id":"https:\/\/eco-onehotels.com\/es\/tienda\/interior\/sillon-sumo-sancal\/#breadcrumb","itemListElement":[{"@type":"ListItem","position":1,"name":"Portada","item":"https:\/\/eco-onehotels.com\/es\/"},{"@type":"ListItem","position":2,"name":"Tienda Mercado segunda mano","item":"https:\/\/eco-onehotels.com\/es\/tienda\/"},{"@type":"ListItem","position":3,"name":"Sill\u00f3n Sumo Sancal"}]},{"@type":"WebSite","@id":"https:\/\/eco-onehotels.com\/es\/#website","url":"https:\/\/eco-onehotels.com\/es\/","name":"ECO-ONE","description":"","publisher":{"@id":"https:\/\/eco-onehotels.com\/es\/#organization"},"potentialAction":[{"@type":"SearchAction","target":{"@type":"EntryPoint","urlTemplate":"https:\/\/eco-onehotels.com\/es\/?s={search_term_string}"},"query-input":{"@type":"PropertyValueSpecification","valueRequired":true,"valueName":"search_term_string"}}],"inLanguage":"es"},{"@type":"Organization","@id":"https:\/\/eco-onehotels.com\/es\/#organization","name":"ECO-ONE","url":"https:\/\/eco-onehotels.com\/es\/","logo":{"@type":"ImageObject","inLanguage":"es","@id":"https:\/\/eco-onehotels.com\/es\/#\/schema\/logo\/image\/","url":"https:\/\/eco-onehotels.com\/wp-content\/uploads\/2024\/04\/LOGO-VECTORIZADO.svg","contentUrl":"https:\/\/eco-onehotels.com\/wp-content\/uploads\/2024\/04\/LOGO-VECTORIZADO.svg","width":804,"height":576,"caption":"ECO-ONE"},"image":{"@id":"https:\/\/eco-onehotels.com\/es\/#\/schema\/logo\/image\/"}}]}},"tiered_pricing_type":"fixed","tiered_pricing_fixed_rules":[],"tiered_pricing_product_settings":{"layout":"default","base_unit_name":{"singular":null,"plural":null},"default_variation":null},"tiered_pricing_minimum_quantity":null,"tiered_pricing_roles_data":[],"tiered_pricing_percentage_rules":[],"_links":{"self":[{"href":"https:\/\/eco-onehotels.com\/es\/wp-json\/wp\/v2\/product\/1658","targetHints":{"allow":["GET"]}}],"collection":[{"href":"https:\/\/eco-onehotels.com\/es\/wp-json\/wp\/v2\/product"}],"about":[{"href":"https:\/\/eco-onehotels.com\/es\/wp-json\/wp\/v2\/types\/product"}],"wp:featuredmedia":[{"embeddable":true,"href":"https:\/\/eco-onehotels.com\/es\/wp-json\/wp\/v2\/media\/1664"}],"wp:attachment":[{"href":"https:\/\/eco-onehotels.com\/es\/wp-json\/wp\/v2\/media?parent=1658"}],"wp:term":[{"taxonomy":"product_brand","embeddable":true,"href":"https:\/\/eco-onehotels.com\/es\/wp-json\/wp\/v2\/product_brand?post=1658"},{"taxonomy":"product_cat","embeddable":true,"href":"https:\/\/eco-onehotels.com\/es\/wp-json\/wp\/v2\/product_cat?post=1658"},{"taxonomy":"product_tag","embeddable":true,"href":"https:\/\/eco-onehotels.com\/es\/wp-json\/wp\/v2\/product_tag?post=1658"}],"curies":[{"name":"wp","href":"https:\/\/api.w.org\/{rel}","templated":true}]}}