{"id":651,"date":"2024-05-13T18:18:43","date_gmt":"2024-05-13T16:18:43","guid":{"rendered":"https:\/\/eco-one.es\/app-formacion\/?page_id=651"},"modified":"2024-05-14T12:51:03","modified_gmt":"2024-05-14T10:51:03","slug":"vender","status":"publish","type":"page","link":"https:\/\/eco-onehotels.com\/es\/vender\/","title":{"rendered":"Vende tus productos Mercado Segunda Mano"},"content":{"rendered":"\t\t<div data-elementor-type=\"wp-page\" data-elementor-id=\"651\" class=\"elementor elementor-651\" data-elementor-post-type=\"page\">\n\t\t\t\t<div class=\"elementor-element elementor-element-4415c47 e-flex e-con-boxed e-con e-parent\" data-id=\"4415c47\" data-element_type=\"container\" data-e-type=\"container\">\n\t\t\t\t\t<div class=\"e-con-inner\">\n\t\t\t\t<div class=\"elementor-element elementor-element-530962b elementor-widget elementor-widget-heading\" data-id=\"530962b\" data-element_type=\"widget\" data-e-type=\"widget\" data-widget_type=\"heading.default\">\n\t\t\t\t<div class=\"elementor-widget-container\">\n\t\t\t\t\t<h1 class=\"elementor-heading-title elementor-size-default\">Vende tus productos a otros hoteles en 3 sencillos pasos<\/h1>\t\t\t\t<\/div>\n\t\t\t\t<\/div>\n\t\t\t\t\t<\/div>\n\t\t\t\t<\/div>\n\t\t<div class=\"elementor-element elementor-element-19c66ee e-grid e-con-boxed e-con e-parent\" data-id=\"19c66ee\" data-element_type=\"container\" data-e-type=\"container\">\n\t\t\t\t\t<div class=\"e-con-inner\">\n\t\t<div class=\"elementor-element elementor-element-9110c47 e-flex e-con-boxed e-con e-child\" data-id=\"9110c47\" data-element_type=\"container\" data-e-type=\"container\">\n\t\t\t\t\t<div class=\"e-con-inner\">\n\t\t\t\t<div class=\"elementor-element elementor-element-0fb55f8 elementor-widget elementor-widget-heading\" data-id=\"0fb55f8\" data-element_type=\"widget\" data-e-type=\"widget\" data-widget_type=\"heading.default\">\n\t\t\t\t<div class=\"elementor-widget-container\">\n\t\t\t\t\t<p class=\"elementor-heading-title elementor-size-default\">1<\/p>\t\t\t\t<\/div>\n\t\t\t\t<\/div>\n\t\t\t\t<div class=\"elementor-element elementor-element-e611d66 elementor-widget elementor-widget-heading\" data-id=\"e611d66\" data-element_type=\"widget\" data-e-type=\"widget\" data-widget_type=\"heading.default\">\n\t\t\t\t<div class=\"elementor-widget-container\">\n\t\t\t\t\t<h2 class=\"elementor-heading-title elementor-size-default\">Rellena el formulario que ves a continuaci\u00f3n<\/h2>\t\t\t\t<\/div>\n\t\t\t\t<\/div>\n\t\t\t\t<div class=\"elementor-element elementor-element-5ae1a17 elementor-widget elementor-widget-text-editor\" data-id=\"5ae1a17\" data-element_type=\"widget\" data-e-type=\"widget\" data-widget_type=\"text-editor.default\">\n\t\t\t\t<div class=\"elementor-widget-container\">\n\t\t\t\t\t\t\t\t\t<p>Nuestro equipo de ventas se pondr\u00e1 en contacto contigo para conocer tus productos y poder publicar el anuncio de la manera m\u00e1s efectiva.<\/p>\t\t\t\t\t\t\t\t<\/div>\n\t\t\t\t<\/div>\n\t\t\t\t\t<\/div>\n\t\t\t\t<\/div>\n\t\t<div class=\"elementor-element elementor-element-a1c4a57 e-flex e-con-boxed e-con e-child\" data-id=\"a1c4a57\" data-element_type=\"container\" data-e-type=\"container\" data-settings=\"{&quot;background_background&quot;:&quot;classic&quot;}\">\n\t\t\t\t\t<div class=\"e-con-inner\">\n\t\t\t\t<div class=\"elementor-element elementor-element-a164b05 elementor-widget elementor-widget-heading\" data-id=\"a164b05\" data-element_type=\"widget\" data-e-type=\"widget\" data-widget_type=\"heading.default\">\n\t\t\t\t<div class=\"elementor-widget-container\">\n\t\t\t\t\t<p class=\"elementor-heading-title elementor-size-default\">2<\/p>\t\t\t\t<\/div>\n\t\t\t\t<\/div>\n\t\t\t\t<div class=\"elementor-element elementor-element-7292dce elementor-widget elementor-widget-heading\" data-id=\"7292dce\" data-element_type=\"widget\" data-e-type=\"widget\" data-widget_type=\"heading.default\">\n\t\t\t\t<div class=\"elementor-widget-container\">\n\t\t\t\t\t<h2 class=\"elementor-heading-title elementor-size-default\">Publica tus anuncios<\/h2>\t\t\t\t<\/div>\n\t\t\t\t<\/div>\n\t\t\t\t<div class=\"elementor-element elementor-element-a615fdf elementor-widget elementor-widget-text-editor\" data-id=\"a615fdf\" data-element_type=\"widget\" data-e-type=\"widget\" data-widget_type=\"text-editor.default\">\n\t\t\t\t<div class=\"elementor-widget-container\">\n\t\t\t\t\t\t\t\t\t<p>Publicaremos tus anuncios utilizando la informaci\u00f3n que nos proporciones para que consigas venderlos lo antes posible.<\/p>\t\t\t\t\t\t\t\t<\/div>\n\t\t\t\t<\/div>\n\t\t\t\t\t<\/div>\n\t\t\t\t<\/div>\n\t\t<div class=\"elementor-element elementor-element-ede2392 e-flex e-con-boxed e-con e-child\" data-id=\"ede2392\" data-element_type=\"container\" data-e-type=\"container\">\n\t\t\t\t\t<div class=\"e-con-inner\">\n\t\t\t\t<div class=\"elementor-element elementor-element-546e76b elementor-widget elementor-widget-heading\" data-id=\"546e76b\" data-element_type=\"widget\" data-e-type=\"widget\" data-widget_type=\"heading.default\">\n\t\t\t\t<div class=\"elementor-widget-container\">\n\t\t\t\t\t<p class=\"elementor-heading-title elementor-size-default\">3<\/p>\t\t\t\t<\/div>\n\t\t\t\t<\/div>\n\t\t\t\t<div class=\"elementor-element elementor-element-b45c981 elementor-widget elementor-widget-heading\" data-id=\"b45c981\" data-element_type=\"widget\" data-e-type=\"widget\" data-widget_type=\"heading.default\">\n\t\t\t\t<div class=\"elementor-widget-container\">\n\t\t\t\t\t<h2 class=\"elementor-heading-title elementor-size-default\">Comienza a rentabilizar los productos que no utilizas<\/h2>\t\t\t\t<\/div>\n\t\t\t\t<\/div>\n\t\t\t\t<div class=\"elementor-element elementor-element-511704a elementor-widget elementor-widget-text-editor\" data-id=\"511704a\" data-element_type=\"widget\" data-e-type=\"widget\" data-widget_type=\"text-editor.default\">\n\t\t\t\t<div class=\"elementor-widget-container\">\n\t\t\t\t\t\t\t\t\t<p>Una vez un hotel compre tu producto, nos ocuparemos de toda la log\u00edstica para que t\u00fa recibas el dinero lo antes posible.<\/p>\t\t\t\t\t\t\t\t<\/div>\n\t\t\t\t<\/div>\n\t\t\t\t\t<\/div>\n\t\t\t\t<\/div>\n\t\t\t\t\t<\/div>\n\t\t\t\t<\/div>\n\t\t<div class=\"elementor-element elementor-element-21a104d e-con-full e-flex e-con e-parent\" data-id=\"21a104d\" data-element_type=\"container\" data-e-type=\"container\">\n\t\t<div class=\"elementor-element elementor-element-7529594 e-con-full e-flex e-con e-child\" data-id=\"7529594\" data-element_type=\"container\" data-e-type=\"container\" data-settings=\"{&quot;background_background&quot;:&quot;classic&quot;}\">\n\t\t\t\t<div class=\"elementor-element elementor-element-1ab17c9 elementor-button-align-center elementor-widget elementor-widget-form\" data-id=\"1ab17c9\" data-element_type=\"widget\" data-e-type=\"widget\" data-settings=\"{&quot;step_next_label&quot;:&quot;Siguiente&quot;,&quot;step_previous_label&quot;:&quot;Anterior&quot;,&quot;button_width&quot;:&quot;100&quot;,&quot;step_type&quot;:&quot;number_text&quot;,&quot;step_icon_shape&quot;:&quot;circle&quot;}\" data-widget_type=\"form.default\">\n\t\t\t\t<div class=\"elementor-widget-container\">\n\t\t\t\t\t\t\t<form class=\"elementor-form\" method=\"post\" name=\"Formulario Vender Mercado Compra Venta\" aria-label=\"Formulario Vender Mercado Compra Venta\">\n\t\t\t<input type=\"hidden\" name=\"post_id\" value=\"651\"\/>\n\t\t\t<input type=\"hidden\" name=\"form_id\" value=\"1ab17c9\"\/>\n\t\t\t<input type=\"hidden\" name=\"referer_title\" value=\"ECO-ONE\" \/>\n\n\t\t\t\n\t\t\t<div class=\"elementor-form-fields-wrapper elementor-labels-above\">\n\t\t\t\t\t\t\t\t<div class=\"elementor-field-type-text elementor-field-group elementor-column elementor-field-group-name elementor-col-50 elementor-field-required elementor-mark-required\">\n\t\t\t\t\t\t\t\t\t\t\t\t<label for=\"form-field-name\" class=\"elementor-field-label\">\n\t\t\t\t\t\t\t\tNombre\t\t\t\t\t\t\t<\/label>\n\t\t\t\t\t\t\t\t\t\t\t\t\t\t<input size=\"1\" type=\"text\" name=\"form_fields[name]\" id=\"form-field-name\" class=\"elementor-field elementor-size-sm  elementor-field-textual\" required=\"required\">\n\t\t\t\t\t\t\t\t\t\t\t<\/div>\n\t\t\t\t\t\t\t\t<div class=\"elementor-field-type-text elementor-field-group elementor-column elementor-field-group-field_11315bc elementor-col-50 elementor-field-required elementor-mark-required\">\n\t\t\t\t\t\t\t\t\t\t\t\t<label for=\"form-field-field_11315bc\" class=\"elementor-field-label\">\n\t\t\t\t\t\t\t\tApellidos\t\t\t\t\t\t\t<\/label>\n\t\t\t\t\t\t\t\t\t\t\t\t\t\t<input size=\"1\" type=\"text\" name=\"form_fields[field_11315bc]\" id=\"form-field-field_11315bc\" class=\"elementor-field elementor-size-sm  elementor-field-textual\" required=\"required\">\n\t\t\t\t\t\t\t\t\t\t\t<\/div>\n\t\t\t\t\t\t\t\t<div class=\"elementor-field-type-email elementor-field-group elementor-column elementor-field-group-email elementor-col-100 elementor-field-required elementor-mark-required\">\n\t\t\t\t\t\t\t\t\t\t\t\t<label for=\"form-field-email\" class=\"elementor-field-label\">\n\t\t\t\t\t\t\t\tCorreo electr\u00f3nico\t\t\t\t\t\t\t<\/label>\n\t\t\t\t\t\t\t\t\t\t\t\t\t\t<input size=\"1\" type=\"email\" name=\"form_fields[email]\" id=\"form-field-email\" class=\"elementor-field elementor-size-sm  elementor-field-textual\" required=\"required\">\n\t\t\t\t\t\t\t\t\t\t\t<\/div>\n\t\t\t\t\t\t\t\t<div class=\"elementor-field-type-text elementor-field-group elementor-column elementor-field-group-field_2bc59d6 elementor-col-50 elementor-field-required elementor-mark-required\">\n\t\t\t\t\t\t\t\t\t\t\t\t<label for=\"form-field-field_2bc59d6\" class=\"elementor-field-label\">\n\t\t\t\t\t\t\t\tNombre del hotel\t\t\t\t\t\t\t<\/label>\n\t\t\t\t\t\t\t\t\t\t\t\t\t\t<input size=\"1\" type=\"text\" name=\"form_fields[field_2bc59d6]\" id=\"form-field-field_2bc59d6\" class=\"elementor-field elementor-size-sm  elementor-field-textual\" required=\"required\">\n\t\t\t\t\t\t\t\t\t\t\t<\/div>\n\t\t\t\t\t\t\t\t<div class=\"elementor-field-type-tel elementor-field-group elementor-column elementor-field-group-field_b2fcf78 elementor-col-50 elementor-field-required elementor-mark-required\">\n\t\t\t\t\t\t\t\t\t\t\t\t<label for=\"form-field-field_b2fcf78\" class=\"elementor-field-label\">\n\t\t\t\t\t\t\t\tN\u00famero de tel\u00e9fono\t\t\t\t\t\t\t<\/label>\n\t\t\t\t\t\t\t\t<input size=\"1\" type=\"tel\" name=\"form_fields[field_b2fcf78]\" id=\"form-field-field_b2fcf78\" class=\"elementor-field elementor-size-sm  elementor-field-textual\" required=\"required\" pattern=\"[0-9()#&amp;+*-=.]+\" title=\"Solo se aceptan n\u00fameros y caracteres de tel\u00e9fono (#,-,*,etc).\">\n\n\t\t\t\t\t\t<\/div>\n\t\t\t\t\t\t\t\t<div class=\"elementor-field-type-textarea elementor-field-group elementor-column elementor-field-group-message elementor-col-100\">\n\t\t\t\t\t\t\t\t\t\t\t\t<label for=\"form-field-message\" class=\"elementor-field-label\">\n\t\t\t\t\t\t\t\tMensaje\t\t\t\t\t\t\t<\/label>\n\t\t\t\t\t\t<textarea class=\"elementor-field-textual elementor-field  elementor-size-sm\" name=\"form_fields[message]\" id=\"form-field-message\" rows=\"4\"><\/textarea>\t\t\t\t<\/div>\n\t\t\t\t\t\t\t\t<div class=\"elementor-field-group elementor-column elementor-field-type-submit elementor-col-100 e-form__buttons\">\n\t\t\t\t\t<button class=\"elementor-button elementor-size-sm\" type=\"submit\">\n\t\t\t\t\t\t<span class=\"elementor-button-content-wrapper\">\n\t\t\t\t\t\t\t\t\t\t\t\t\t\t\t\t\t\t\t\t\t\t<span class=\"elementor-button-text\">COMIENZA A VENDER<\/span>\n\t\t\t\t\t\t\t\t\t\t\t\t\t<\/span>\n\t\t\t\t\t<\/button>\n\t\t\t\t<\/div>\n\t\t\t<\/div>\n\t\t<\/form>\n\t\t\t\t\t\t<\/div>\n\t\t\t\t<\/div>\n\t\t\t\t<\/div>\n\t\t\t\t<\/div>\n\t\t\t\t<\/div>\n\t\t","protected":false},"excerpt":{"rendered":"<p>Vende tus productos a otros hoteles en 3 sencillos pasos 1 Rellena el formulario que ves a continuaci\u00f3n Nuestro equipo de ventas se pondr\u00e1 en contacto contigo para conocer tus productos y poder publicar el anuncio de la manera m\u00e1s efectiva. 2 Publica tus anuncios Publicaremos tus anuncios utilizando la informaci\u00f3n que nos proporciones para [&hellip;]<\/p>\n","protected":false},"author":2,"featured_media":0,"parent":0,"menu_order":0,"comment_status":"closed","ping_status":"closed","template":"elementor_header_footer","meta":{"_acf_changed":false,"footnotes":""},"class_list":["post-651","page","type-page","status-publish","hentry"],"acf":[],"yoast_head":"<!-- This site is optimized with the Yoast SEO plugin v26.2 - https:\/\/yoast.com\/wordpress\/plugins\/seo\/ -->\n<title>Vende tus productos Mercado Segunda Mano - ECO-ONE<\/title>\n<meta name=\"robots\" content=\"index, follow, max-snippet:-1, max-image-preview:large, max-video-preview:-1\" \/>\n<link rel=\"canonical\" href=\"https:\/\/eco-onehotels.com\/es\/vender\/\" \/>\n<meta property=\"og:locale\" content=\"es_ES\" \/>\n<meta property=\"og:type\" content=\"article\" \/>\n<meta property=\"og:title\" content=\"Vende tus productos Mercado Segunda Mano - ECO-ONE\" \/>\n<meta property=\"og:description\" content=\"Vende tus productos a otros hoteles en 3 sencillos pasos 1 Rellena el formulario que ves a continuaci\u00f3n Nuestro equipo de ventas se pondr\u00e1 en contacto contigo para conocer tus productos y poder publicar el anuncio de la manera m\u00e1s efectiva. 2 Publica tus anuncios Publicaremos tus anuncios utilizando la informaci\u00f3n que nos proporciones para [&hellip;]\" \/>\n<meta property=\"og:url\" content=\"https:\/\/eco-onehotels.com\/es\/vender\/\" \/>\n<meta property=\"og:site_name\" content=\"ECO-ONE\" \/>\n<meta property=\"article:modified_time\" content=\"2024-05-14T10:51:03+00:00\" \/>\n<meta name=\"twitter:card\" content=\"summary_large_image\" \/>\n<meta name=\"twitter:label1\" content=\"Tiempo de lectura\" \/>\n\t<meta name=\"twitter:data1\" content=\"1 minuto\" \/>\n<script type=\"application\/ld+json\" class=\"yoast-schema-graph\">{\"@context\":\"https:\/\/schema.org\",\"@graph\":[{\"@type\":\"WebPage\",\"@id\":\"https:\/\/eco-onehotels.com\/es\/vender\/\",\"url\":\"https:\/\/eco-onehotels.com\/es\/vender\/\",\"name\":\"Vende tus productos Mercado Segunda Mano - ECO-ONE\",\"isPartOf\":{\"@id\":\"https:\/\/eco-onehotels.com\/es\/#website\"},\"datePublished\":\"2024-05-13T16:18:43+00:00\",\"dateModified\":\"2024-05-14T10:51:03+00:00\",\"breadcrumb\":{\"@id\":\"https:\/\/eco-onehotels.com\/es\/vender\/#breadcrumb\"},\"inLanguage\":\"es\",\"potentialAction\":[{\"@type\":\"ReadAction\",\"target\":[\"https:\/\/eco-onehotels.com\/es\/vender\/\"]}]},{\"@type\":\"BreadcrumbList\",\"@id\":\"https:\/\/eco-onehotels.com\/es\/vender\/#breadcrumb\",\"itemListElement\":[{\"@type\":\"ListItem\",\"position\":1,\"name\":\"Portada\",\"item\":\"https:\/\/eco-onehotels.com\/es\/\"},{\"@type\":\"ListItem\",\"position\":2,\"name\":\"Vende tus productos Mercado Segunda Mano\"}]},{\"@type\":\"WebSite\",\"@id\":\"https:\/\/eco-onehotels.com\/es\/#website\",\"url\":\"https:\/\/eco-onehotels.com\/es\/\",\"name\":\"ECO-ONE\",\"description\":\"\",\"publisher\":{\"@id\":\"https:\/\/eco-onehotels.com\/es\/#organization\"},\"potentialAction\":[{\"@type\":\"SearchAction\",\"target\":{\"@type\":\"EntryPoint\",\"urlTemplate\":\"https:\/\/eco-onehotels.com\/es\/?s={search_term_string}\"},\"query-input\":{\"@type\":\"PropertyValueSpecification\",\"valueRequired\":true,\"valueName\":\"search_term_string\"}}],\"inLanguage\":\"es\"},{\"@type\":\"Organization\",\"@id\":\"https:\/\/eco-onehotels.com\/es\/#organization\",\"name\":\"ECO-ONE\",\"url\":\"https:\/\/eco-onehotels.com\/es\/\",\"logo\":{\"@type\":\"ImageObject\",\"inLanguage\":\"es\",\"@id\":\"https:\/\/eco-onehotels.com\/es\/#\/schema\/logo\/image\/\",\"url\":\"https:\/\/eco-onehotels.com\/wp-content\/uploads\/2024\/04\/LOGO-VECTORIZADO.svg\",\"contentUrl\":\"https:\/\/eco-onehotels.com\/wp-content\/uploads\/2024\/04\/LOGO-VECTORIZADO.svg\",\"width\":804,\"height\":576,\"caption\":\"ECO-ONE\"},\"image\":{\"@id\":\"https:\/\/eco-onehotels.com\/es\/#\/schema\/logo\/image\/\"}}]}<\/script>\n<!-- \/ Yoast SEO plugin. -->","yoast_head_json":{"title":"Vende tus productos Mercado Segunda Mano - ECO-ONE","robots":{"index":"index","follow":"follow","max-snippet":"max-snippet:-1","max-image-preview":"max-image-preview:large","max-video-preview":"max-video-preview:-1"},"canonical":"https:\/\/eco-onehotels.com\/es\/vender\/","og_locale":"es_ES","og_type":"article","og_title":"Vende tus productos Mercado Segunda Mano - ECO-ONE","og_description":"Vende tus productos a otros hoteles en 3 sencillos pasos 1 Rellena el formulario que ves a continuaci\u00f3n Nuestro equipo de ventas se pondr\u00e1 en contacto contigo para conocer tus productos y poder publicar el anuncio de la manera m\u00e1s efectiva. 2 Publica tus anuncios Publicaremos tus anuncios utilizando la informaci\u00f3n que nos proporciones para [&hellip;]","og_url":"https:\/\/eco-onehotels.com\/es\/vender\/","og_site_name":"ECO-ONE","article_modified_time":"2024-05-14T10:51:03+00:00","twitter_card":"summary_large_image","twitter_misc":{"Tiempo de lectura":"1 minuto"},"schema":{"@context":"https:\/\/schema.org","@graph":[{"@type":"WebPage","@id":"https:\/\/eco-onehotels.com\/es\/vender\/","url":"https:\/\/eco-onehotels.com\/es\/vender\/","name":"Vende tus productos Mercado Segunda Mano - ECO-ONE","isPartOf":{"@id":"https:\/\/eco-onehotels.com\/es\/#website"},"datePublished":"2024-05-13T16:18:43+00:00","dateModified":"2024-05-14T10:51:03+00:00","breadcrumb":{"@id":"https:\/\/eco-onehotels.com\/es\/vender\/#breadcrumb"},"inLanguage":"es","potentialAction":[{"@type":"ReadAction","target":["https:\/\/eco-onehotels.com\/es\/vender\/"]}]},{"@type":"BreadcrumbList","@id":"https:\/\/eco-onehotels.com\/es\/vender\/#breadcrumb","itemListElement":[{"@type":"ListItem","position":1,"name":"Portada","item":"https:\/\/eco-onehotels.com\/es\/"},{"@type":"ListItem","position":2,"name":"Vende tus productos Mercado Segunda Mano"}]},{"@type":"WebSite","@id":"https:\/\/eco-onehotels.com\/es\/#website","url":"https:\/\/eco-onehotels.com\/es\/","name":"ECO-ONE","description":"","publisher":{"@id":"https:\/\/eco-onehotels.com\/es\/#organization"},"potentialAction":[{"@type":"SearchAction","target":{"@type":"EntryPoint","urlTemplate":"https:\/\/eco-onehotels.com\/es\/?s={search_term_string}"},"query-input":{"@type":"PropertyValueSpecification","valueRequired":true,"valueName":"search_term_string"}}],"inLanguage":"es"},{"@type":"Organization","@id":"https:\/\/eco-onehotels.com\/es\/#organization","name":"ECO-ONE","url":"https:\/\/eco-onehotels.com\/es\/","logo":{"@type":"ImageObject","inLanguage":"es","@id":"https:\/\/eco-onehotels.com\/es\/#\/schema\/logo\/image\/","url":"https:\/\/eco-onehotels.com\/wp-content\/uploads\/2024\/04\/LOGO-VECTORIZADO.svg","contentUrl":"https:\/\/eco-onehotels.com\/wp-content\/uploads\/2024\/04\/LOGO-VECTORIZADO.svg","width":804,"height":576,"caption":"ECO-ONE"},"image":{"@id":"https:\/\/eco-onehotels.com\/es\/#\/schema\/logo\/image\/"}}]}},"_links":{"self":[{"href":"https:\/\/eco-onehotels.com\/es\/wp-json\/wp\/v2\/pages\/651","targetHints":{"allow":["GET"]}}],"collection":[{"href":"https:\/\/eco-onehotels.com\/es\/wp-json\/wp\/v2\/pages"}],"about":[{"href":"https:\/\/eco-onehotels.com\/es\/wp-json\/wp\/v2\/types\/page"}],"author":[{"embeddable":true,"href":"https:\/\/eco-onehotels.com\/es\/wp-json\/wp\/v2\/users\/2"}],"replies":[{"embeddable":true,"href":"https:\/\/eco-onehotels.com\/es\/wp-json\/wp\/v2\/comments?post=651"}],"version-history":[{"count":33,"href":"https:\/\/eco-onehotels.com\/es\/wp-json\/wp\/v2\/pages\/651\/revisions"}],"predecessor-version":[{"id":945,"href":"https:\/\/eco-onehotels.com\/es\/wp-json\/wp\/v2\/pages\/651\/revisions\/945"}],"wp:attachment":[{"href":"https:\/\/eco-onehotels.com\/es\/wp-json\/wp\/v2\/media?parent=651"}],"curies":[{"name":"wp","href":"https:\/\/api.w.org\/{rel}","templated":true}]}}