{"id":53,"date":"2024-04-24T10:32:54","date_gmt":"2024-04-24T08:32:54","guid":{"rendered":"https:\/\/eco-one.es\/app-formacion\/carrito\/"},"modified":"2025-04-09T15:47:26","modified_gmt":"2025-04-09T13:47:26","slug":"carrito","status":"publish","type":"page","link":"https:\/\/eco-onehotels.com\/es\/carrito\/","title":{"rendered":"Carrito Mercado Segunda Mano"},"content":{"rendered":"\t\t<div data-elementor-type=\"wp-page\" data-elementor-id=\"53\" class=\"elementor elementor-53\" data-elementor-post-type=\"page\">\n\t\t\t\t<div class=\"elementor-element elementor-element-7d7a804 e-flex e-con-boxed e-con e-parent\" data-id=\"7d7a804\" data-element_type=\"container\" data-e-type=\"container\">\n\t\t\t\t\t<div class=\"e-con-inner\">\n\t\t\t\t\t<\/div>\n\t\t\t\t<\/div>\n\t\t\t\t<\/div>\n\t\t","protected":false},"excerpt":{"rendered":"<p>Eliminar art\u00edculo Imagen en miniatura Producto Precio Cantidad Subtotal &times; 2 sillas Vendedor: 200,00&nbsp;&euro; 2 sillas&nbsp; cantidad 200,00&nbsp;&euro; APLICAR C\u00d3DIGO Totales del carro Total parcial 200,00&nbsp;&euro; Env\u00edo: Recogida en el hotel Enviar a 15270 Cee, Madrid. Cambiar direcci\u00f3n Pa\u00eds \/ Regi\u00f3n Selecciona un pa\u00eds\/regi\u00f3n&hellip;Espa\u00f1aFrancia Regi\u00f3n \/ Provincia Elige una opci\u00f3n&hellip;La Coru\u00f1a\u00c1lavaAlbaceteAlicanteAlmer\u00edaAsturias\u00c1vilaBadajozBalearesBarcelonaBurgosC\u00e1ceresC\u00e1dizCantabriaCastell\u00f3nCeutaCiudad RealC\u00f3rdobaCuencaGeronaGranadaGuadalajaraGuip\u00fazcoaHuelvaHuescaJa\u00e9nLa RiojaLas PalmasLe\u00f3nL\u00e9ridaLugoMadridM\u00e1lagaMelillaMurciaNavarraOrensePalenciaPontevedraSalamancaSanta Cruz [&hellip;]<\/p>\n","protected":false},"author":1,"featured_media":0,"parent":0,"menu_order":0,"comment_status":"closed","ping_status":"closed","template":"elementor_header_footer","meta":{"_acf_changed":false,"footnotes":""},"class_list":["post-53","page","type-page","status-publish","hentry"],"acf":[],"yoast_head":"<!-- This site is optimized with the Yoast SEO plugin v26.2 - https:\/\/yoast.com\/wordpress\/plugins\/seo\/ -->\n<title>Carrito Mercado Segunda Mano - ECO-ONE<\/title>\n<meta name=\"robots\" content=\"index, follow, max-snippet:-1, max-image-preview:large, max-video-preview:-1\" \/>\n<link rel=\"canonical\" href=\"https:\/\/eco-onehotels.com\/es\/carrito\/\" \/>\n<meta property=\"og:locale\" content=\"es_ES\" \/>\n<meta property=\"og:type\" content=\"article\" \/>\n<meta property=\"og:title\" content=\"Carrito Mercado Segunda Mano - ECO-ONE\" \/>\n<meta property=\"og:description\" content=\"Eliminar art\u00edculo Imagen en miniatura Producto Precio Cantidad Subtotal &times; 2 sillas Vendedor: 200,00&nbsp;&euro; 2 sillas&nbsp; cantidad 200,00&nbsp;&euro; APLICAR C\u00d3DIGO Totales del carro Total parcial 200,00&nbsp;&euro; Env\u00edo: Recogida en el hotel Enviar a 15270 Cee, Madrid. Cambiar direcci\u00f3n Pa\u00eds \/ Regi\u00f3n Selecciona un pa\u00eds\/regi\u00f3n&hellip;Espa\u00f1aFrancia Regi\u00f3n \/ Provincia Elige una opci\u00f3n&hellip;La Coru\u00f1a\u00c1lavaAlbaceteAlicanteAlmer\u00edaAsturias\u00c1vilaBadajozBalearesBarcelonaBurgosC\u00e1ceresC\u00e1dizCantabriaCastell\u00f3nCeutaCiudad RealC\u00f3rdobaCuencaGeronaGranadaGuadalajaraGuip\u00fazcoaHuelvaHuescaJa\u00e9nLa RiojaLas PalmasLe\u00f3nL\u00e9ridaLugoMadridM\u00e1lagaMelillaMurciaNavarraOrensePalenciaPontevedraSalamancaSanta Cruz [&hellip;]\" \/>\n<meta property=\"og:url\" content=\"https:\/\/eco-onehotels.com\/es\/carrito\/\" \/>\n<meta property=\"og:site_name\" content=\"ECO-ONE\" \/>\n<meta property=\"article:modified_time\" content=\"2025-04-09T13:47:26+00:00\" \/>\n<meta property=\"og:image\" content=\"https:\/\/eco-onehotels.com\/wp-content\/uploads\/2025\/03\/Diseno-sin-titulo-14-450x450.png\" \/>\n<meta name=\"twitter:card\" content=\"summary_large_image\" \/>\n<meta name=\"twitter:label1\" content=\"Tiempo de lectura\" \/>\n\t<meta name=\"twitter:data1\" content=\"1 minuto\" \/>\n<script type=\"application\/ld+json\" class=\"yoast-schema-graph\">{\"@context\":\"https:\/\/schema.org\",\"@graph\":[{\"@type\":\"WebPage\",\"@id\":\"https:\/\/eco-onehotels.com\/es\/carrito\/\",\"url\":\"https:\/\/eco-onehotels.com\/es\/carrito\/\",\"name\":\"Carrito Mercado Segunda Mano - ECO-ONE\",\"isPartOf\":{\"@id\":\"https:\/\/eco-onehotels.com\/es\/#website\"},\"primaryImageOfPage\":{\"@id\":\"https:\/\/eco-onehotels.com\/es\/carrito\/#primaryimage\"},\"image\":{\"@id\":\"https:\/\/eco-onehotels.com\/es\/carrito\/#primaryimage\"},\"thumbnailUrl\":\"https:\/\/eco-onehotels.com\/wp-content\/uploads\/2025\/03\/Diseno-sin-titulo-14-450x450.png\",\"datePublished\":\"2024-04-24T08:32:54+00:00\",\"dateModified\":\"2025-04-09T13:47:26+00:00\",\"breadcrumb\":{\"@id\":\"https:\/\/eco-onehotels.com\/es\/carrito\/#breadcrumb\"},\"inLanguage\":\"es\",\"potentialAction\":[{\"@type\":\"ReadAction\",\"target\":[\"https:\/\/eco-onehotels.com\/es\/carrito\/\"]}]},{\"@type\":\"ImageObject\",\"inLanguage\":\"es\",\"@id\":\"https:\/\/eco-onehotels.com\/es\/carrito\/#primaryimage\",\"url\":\"https:\/\/eco-onehotels.com\/wp-content\/uploads\/2025\/03\/Diseno-sin-titulo-14-450x450.png\",\"contentUrl\":\"https:\/\/eco-onehotels.com\/wp-content\/uploads\/2025\/03\/Diseno-sin-titulo-14-450x450.png\"},{\"@type\":\"BreadcrumbList\",\"@id\":\"https:\/\/eco-onehotels.com\/es\/carrito\/#breadcrumb\",\"itemListElement\":[{\"@type\":\"ListItem\",\"position\":1,\"name\":\"Portada\",\"item\":\"https:\/\/eco-onehotels.com\/es\/\"},{\"@type\":\"ListItem\",\"position\":2,\"name\":\"Carrito Mercado Segunda Mano\"}]},{\"@type\":\"WebSite\",\"@id\":\"https:\/\/eco-onehotels.com\/es\/#website\",\"url\":\"https:\/\/eco-onehotels.com\/es\/\",\"name\":\"ECO-ONE\",\"description\":\"\",\"publisher\":{\"@id\":\"https:\/\/eco-onehotels.com\/es\/#organization\"},\"potentialAction\":[{\"@type\":\"SearchAction\",\"target\":{\"@type\":\"EntryPoint\",\"urlTemplate\":\"https:\/\/eco-onehotels.com\/es\/?s={search_term_string}\"},\"query-input\":{\"@type\":\"PropertyValueSpecification\",\"valueRequired\":true,\"valueName\":\"search_term_string\"}}],\"inLanguage\":\"es\"},{\"@type\":\"Organization\",\"@id\":\"https:\/\/eco-onehotels.com\/es\/#organization\",\"name\":\"ECO-ONE\",\"url\":\"https:\/\/eco-onehotels.com\/es\/\",\"logo\":{\"@type\":\"ImageObject\",\"inLanguage\":\"es\",\"@id\":\"https:\/\/eco-onehotels.com\/es\/#\/schema\/logo\/image\/\",\"url\":\"https:\/\/eco-onehotels.com\/wp-content\/uploads\/2024\/04\/LOGO-VECTORIZADO.svg\",\"contentUrl\":\"https:\/\/eco-onehotels.com\/wp-content\/uploads\/2024\/04\/LOGO-VECTORIZADO.svg\",\"width\":804,\"height\":576,\"caption\":\"ECO-ONE\"},\"image\":{\"@id\":\"https:\/\/eco-onehotels.com\/es\/#\/schema\/logo\/image\/\"}}]}<\/script>\n<!-- \/ Yoast SEO plugin. -->","yoast_head_json":{"title":"Carrito Mercado Segunda Mano - ECO-ONE","robots":{"index":"index","follow":"follow","max-snippet":"max-snippet:-1","max-image-preview":"max-image-preview:large","max-video-preview":"max-video-preview:-1"},"canonical":"https:\/\/eco-onehotels.com\/es\/carrito\/","og_locale":"es_ES","og_type":"article","og_title":"Carrito Mercado Segunda Mano - ECO-ONE","og_description":"Eliminar art\u00edculo Imagen en miniatura Producto Precio Cantidad Subtotal &times; 2 sillas Vendedor: 200,00&nbsp;&euro; 2 sillas&nbsp; cantidad 200,00&nbsp;&euro; APLICAR C\u00d3DIGO Totales del carro Total parcial 200,00&nbsp;&euro; Env\u00edo: Recogida en el hotel Enviar a 15270 Cee, Madrid. Cambiar direcci\u00f3n Pa\u00eds \/ Regi\u00f3n Selecciona un pa\u00eds\/regi\u00f3n&hellip;Espa\u00f1aFrancia Regi\u00f3n \/ Provincia Elige una opci\u00f3n&hellip;La Coru\u00f1a\u00c1lavaAlbaceteAlicanteAlmer\u00edaAsturias\u00c1vilaBadajozBalearesBarcelonaBurgosC\u00e1ceresC\u00e1dizCantabriaCastell\u00f3nCeutaCiudad RealC\u00f3rdobaCuencaGeronaGranadaGuadalajaraGuip\u00fazcoaHuelvaHuescaJa\u00e9nLa RiojaLas PalmasLe\u00f3nL\u00e9ridaLugoMadridM\u00e1lagaMelillaMurciaNavarraOrensePalenciaPontevedraSalamancaSanta Cruz [&hellip;]","og_url":"https:\/\/eco-onehotels.com\/es\/carrito\/","og_site_name":"ECO-ONE","article_modified_time":"2025-04-09T13:47:26+00:00","og_image":[{"url":"https:\/\/eco-onehotels.com\/wp-content\/uploads\/2025\/03\/Diseno-sin-titulo-14-450x450.png","type":"","width":"","height":""}],"twitter_card":"summary_large_image","twitter_misc":{"Tiempo de lectura":"1 minuto"},"schema":{"@context":"https:\/\/schema.org","@graph":[{"@type":"WebPage","@id":"https:\/\/eco-onehotels.com\/es\/carrito\/","url":"https:\/\/eco-onehotels.com\/es\/carrito\/","name":"Carrito Mercado Segunda Mano - ECO-ONE","isPartOf":{"@id":"https:\/\/eco-onehotels.com\/es\/#website"},"primaryImageOfPage":{"@id":"https:\/\/eco-onehotels.com\/es\/carrito\/#primaryimage"},"image":{"@id":"https:\/\/eco-onehotels.com\/es\/carrito\/#primaryimage"},"thumbnailUrl":"https:\/\/eco-onehotels.com\/wp-content\/uploads\/2025\/03\/Diseno-sin-titulo-14-450x450.png","datePublished":"2024-04-24T08:32:54+00:00","dateModified":"2025-04-09T13:47:26+00:00","breadcrumb":{"@id":"https:\/\/eco-onehotels.com\/es\/carrito\/#breadcrumb"},"inLanguage":"es","potentialAction":[{"@type":"ReadAction","target":["https:\/\/eco-onehotels.com\/es\/carrito\/"]}]},{"@type":"ImageObject","inLanguage":"es","@id":"https:\/\/eco-onehotels.com\/es\/carrito\/#primaryimage","url":"https:\/\/eco-onehotels.com\/wp-content\/uploads\/2025\/03\/Diseno-sin-titulo-14-450x450.png","contentUrl":"https:\/\/eco-onehotels.com\/wp-content\/uploads\/2025\/03\/Diseno-sin-titulo-14-450x450.png"},{"@type":"BreadcrumbList","@id":"https:\/\/eco-onehotels.com\/es\/carrito\/#breadcrumb","itemListElement":[{"@type":"ListItem","position":1,"name":"Portada","item":"https:\/\/eco-onehotels.com\/es\/"},{"@type":"ListItem","position":2,"name":"Carrito Mercado Segunda Mano"}]},{"@type":"WebSite","@id":"https:\/\/eco-onehotels.com\/es\/#website","url":"https:\/\/eco-onehotels.com\/es\/","name":"ECO-ONE","description":"","publisher":{"@id":"https:\/\/eco-onehotels.com\/es\/#organization"},"potentialAction":[{"@type":"SearchAction","target":{"@type":"EntryPoint","urlTemplate":"https:\/\/eco-onehotels.com\/es\/?s={search_term_string}"},"query-input":{"@type":"PropertyValueSpecification","valueRequired":true,"valueName":"search_term_string"}}],"inLanguage":"es"},{"@type":"Organization","@id":"https:\/\/eco-onehotels.com\/es\/#organization","name":"ECO-ONE","url":"https:\/\/eco-onehotels.com\/es\/","logo":{"@type":"ImageObject","inLanguage":"es","@id":"https:\/\/eco-onehotels.com\/es\/#\/schema\/logo\/image\/","url":"https:\/\/eco-onehotels.com\/wp-content\/uploads\/2024\/04\/LOGO-VECTORIZADO.svg","contentUrl":"https:\/\/eco-onehotels.com\/wp-content\/uploads\/2024\/04\/LOGO-VECTORIZADO.svg","width":804,"height":576,"caption":"ECO-ONE"},"image":{"@id":"https:\/\/eco-onehotels.com\/es\/#\/schema\/logo\/image\/"}}]}},"_links":{"self":[{"href":"https:\/\/eco-onehotels.com\/es\/wp-json\/wp\/v2\/pages\/53","targetHints":{"allow":["GET"]}}],"collection":[{"href":"https:\/\/eco-onehotels.com\/es\/wp-json\/wp\/v2\/pages"}],"about":[{"href":"https:\/\/eco-onehotels.com\/es\/wp-json\/wp\/v2\/types\/page"}],"author":[{"embeddable":true,"href":"https:\/\/eco-onehotels.com\/es\/wp-json\/wp\/v2\/users\/1"}],"replies":[{"embeddable":true,"href":"https:\/\/eco-onehotels.com\/es\/wp-json\/wp\/v2\/comments?post=53"}],"version-history":[{"count":65,"href":"https:\/\/eco-onehotels.com\/es\/wp-json\/wp\/v2\/pages\/53\/revisions"}],"predecessor-version":[{"id":6486,"href":"https:\/\/eco-onehotels.com\/es\/wp-json\/wp\/v2\/pages\/53\/revisions\/6486"}],"wp:attachment":[{"href":"https:\/\/eco-onehotels.com\/es\/wp-json\/wp\/v2\/media?parent=53"}],"curies":[{"name":"wp","href":"https:\/\/api.w.org\/{rel}","templated":true}]}}