{"id":1570,"date":"2024-07-02T09:54:40","date_gmt":"2024-07-02T07:54:40","guid":{"rendered":"https:\/\/eco-one.es\/segundamano\/?page_id=1570"},"modified":"2024-07-02T09:57:55","modified_gmt":"2024-07-02T07:57:55","slug":"aviso-legal","status":"publish","type":"page","link":"https:\/\/eco-onehotels.com\/es\/aviso-legal\/","title":{"rendered":"Aviso Legal"},"content":{"rendered":"\t\t<div data-elementor-type=\"wp-page\" data-elementor-id=\"1570\" class=\"elementor elementor-1570\" data-elementor-post-type=\"page\">\n\t\t\t\t<div class=\"elementor-element elementor-element-564303d e-flex e-con-boxed e-con e-parent\" data-id=\"564303d\" data-element_type=\"container\" data-e-type=\"container\">\n\t\t\t\t\t<div class=\"e-con-inner\">\n\t\t\t\t<div class=\"elementor-element elementor-element-c5d1ae6 elementor-widget elementor-widget-heading\" data-id=\"c5d1ae6\" data-element_type=\"widget\" data-e-type=\"widget\" data-widget_type=\"heading.default\">\n\t\t\t\t<div class=\"elementor-widget-container\">\n\t\t\t\t\t<h1 class=\"elementor-heading-title elementor-size-default\">Aviso legal<\/h1>\t\t\t\t<\/div>\n\t\t\t\t<\/div>\n\t\t\t\t\t<\/div>\n\t\t\t\t<\/div>\n\t\t<div class=\"elementor-element elementor-element-ae2040b e-flex e-con-boxed e-con e-parent\" data-id=\"ae2040b\" data-element_type=\"container\" data-e-type=\"container\">\n\t\t\t\t\t<div class=\"e-con-inner\">\n\t\t\t\t<div class=\"elementor-element elementor-element-8cf47c0 elementor-widget elementor-widget-text-editor\" data-id=\"8cf47c0\" data-element_type=\"widget\" data-e-type=\"widget\" data-widget_type=\"text-editor.default\">\n\t\t\t\t<div class=\"elementor-widget-container\">\n\t\t\t\t\t\t\t\t\t<p><b>Acuerdos legales en ECO ONE<\/b><\/p><p><span style=\"font-weight: 400;\">Al registrarse en la plataforma ECO ONE, celebra un acuerdo con nosotros que se compone de los siguientes documentos:<\/span><\/p><ul><li style=\"font-weight: 400;\" aria-level=\"1\"><span style=\"font-weight: 400;\">Terminos de servicio<\/span><\/li><li style=\"font-weight: 400;\" aria-level=\"1\"><span style=\"font-weight: 400;\">Politica de privacidad<\/span><\/li><li style=\"font-weight: 400;\" aria-level=\"1\"><span style=\"font-weight: 400;\">Politica de Cookies<\/span><\/li><li style=\"font-weight: 400;\" aria-level=\"1\"><span style=\"font-weight: 400;\">Acuerdo de procesamiento de datos<\/span><\/li><li aria-level=\"1\">T\u00e9rminos y condiciones de uso<\/li><\/ul><p><span style=\"font-weight: 400;\">Estamos aqu\u00ed para ayudar, pero ECO ONE no brinda asesoramiento legal.\u00a0Este material ha sido preparado solo con fines informativos, y no tiene la intenci\u00f3n de proporcionar, y no debe confiarse en \u00e9l, para obtener asesoramiento legal o de cumplimiento.\u00a0Le recomendamos que trabaje con su propio abogado para asegurarse de que aborde cualquier inquietud que su empresa y sus clientes puedan tener.<\/span><\/p><p><b>T\u00e9rminos de servicio\u00a0<\/b><\/p><p><span style=\"font-weight: 400;\">Los T\u00e9rminos de servicio de ECO ONE (el \u00abAcuerdo\u00bb) son un acuerdo legal entre Usted como usuario y<\/span><b> ECO-ONE<\/b><span style=\"font-weight: 400;\"> SOSTENIBILIDAD TUR\u00cdSTICA, S.L., una compa\u00f1\u00eda privada de responsabilidad limitada registrada bajo las Leyes de VALENCIA, ESPA\u00d1A con el n\u00famero de compa\u00f1\u00eda NIF<\/span> <span style=\"font-weight: 400;\">B-01924786<\/span><\/p><p><b>Pol\u00edtica de privacidad\u00a0<\/b><\/p><p><span style=\"font-weight: 400;\">Esta Pol\u00edtica de privacidad se aplica a los datos personales procesados \u200b\u200bpor ECO ONE en nuestro negocio, incluso en nuestros sitios web y otras ofertas en l\u00ednea o fuera de l\u00ednea.<\/span><\/p><p><b>Pol\u00edtica de Cookies<\/b><\/p><p><span style=\"font-weight: 400;\">Las cookies son peque\u00f1os archivos de datos transferidos a computadoras o dispositivos. ECO ONE utiliza cookies para procesar informaci\u00f3n, incluida la informaci\u00f3n est\u00e1ndar de registro de Internet y los detalles de los patrones de comportamiento del visitante al visitar Nuestro sitio.\u00a0Esto se hace para:<\/span><\/p><ul><li style=\"font-weight: 400;\" aria-level=\"1\"><span style=\"font-weight: 400;\">operar nuestro sitio;<\/span><\/li><li style=\"font-weight: 400;\" aria-level=\"1\"><span style=\"font-weight: 400;\">proporcionar a los visitantes de Nuestro sitio una mejor experiencia brind\u00e1ndonos informaci\u00f3n sobre c\u00f3mo los visitantes usan Nuestro sitio;\u00a0y\u00a0<\/span><span style=\"font-weight: 400;\">con fines de marketing, como se detalla a continuaci\u00f3n.<\/span><\/li><\/ul><p><span style=\"font-weight: 400;\">Para obtener m\u00e1s informaci\u00f3n sobre las cookies que utilizamos, visite nuestra\u00a0<\/span><a href=\"https:\/\/eco-one.es\/politica-de-cookies\/\"><span style=\"font-weight: 400;\">https:\/\/eco-one.es\/politica-de-cookies\/<\/span><\/a><\/p><p><b>Acuerdo de procesamiento de datos\u00a0<\/b><\/p><p><span style=\"font-weight: 400;\">En el curso de la prestaci\u00f3n de nuestro servicio, ECO ONE puede procesar datos personales en su nombre.\u00a0Para delinear los detalles de c\u00f3mo realizaremos este procesamiento y cu\u00e1les son nuestras obligaciones, as\u00ed como las obligaciones de nuestros usuarios\/clientes, hemos desarrollado un Acuerdo de procesamiento de datos (DPA) que se incorpora por referencia a los T\u00e9rminos de servicio de ECO ONE y\u00a0<\/span><a href=\"https:\/\/www.hotjar.com\/legal\/policies\/terms-of-service\/\"><span style=\"font-weight: 400;\">forma\u00a0parte de su Acuerdo con ECO<\/span><\/a><span style=\"font-weight: 400;\"> ONE.\u00a0<\/span><\/p>\t\t\t\t\t\t\t\t<\/div>\n\t\t\t\t<\/div>\n\t\t\t\t\t<\/div>\n\t\t\t\t<\/div>\n\t\t\t\t<\/div>\n\t\t","protected":false},"excerpt":{"rendered":"<p>Aviso legal Acuerdos legales en ECO ONE Al registrarse en la plataforma ECO ONE, celebra un acuerdo con nosotros que se compone de los siguientes documentos: Terminos de servicio Politica de privacidad Politica de Cookies Acuerdo de procesamiento de datos T\u00e9rminos y condiciones de uso Estamos aqu\u00ed para ayudar, pero ECO ONE no brinda asesoramiento [&hellip;]<\/p>\n","protected":false},"author":2,"featured_media":0,"parent":0,"menu_order":0,"comment_status":"closed","ping_status":"closed","template":"elementor_header_footer","meta":{"_acf_changed":false,"footnotes":""},"class_list":["post-1570","page","type-page","status-publish","hentry"],"acf":[],"yoast_head":"<!-- This site is optimized with the Yoast SEO plugin v26.2 - https:\/\/yoast.com\/wordpress\/plugins\/seo\/ -->\n<title>Aviso Legal - ECO-ONE<\/title>\n<meta name=\"robots\" content=\"index, follow, max-snippet:-1, max-image-preview:large, max-video-preview:-1\" \/>\n<link rel=\"canonical\" href=\"https:\/\/eco-onehotels.com\/es\/aviso-legal\/\" \/>\n<meta property=\"og:locale\" content=\"es_ES\" \/>\n<meta property=\"og:type\" content=\"article\" \/>\n<meta property=\"og:title\" content=\"Aviso Legal - ECO-ONE\" \/>\n<meta property=\"og:description\" content=\"Aviso legal Acuerdos legales en ECO ONE Al registrarse en la plataforma ECO ONE, celebra un acuerdo con nosotros que se compone de los siguientes documentos: Terminos de servicio Politica de privacidad Politica de Cookies Acuerdo de procesamiento de datos T\u00e9rminos y condiciones de uso Estamos aqu\u00ed para ayudar, pero ECO ONE no brinda asesoramiento [&hellip;]\" \/>\n<meta property=\"og:url\" content=\"https:\/\/eco-onehotels.com\/es\/aviso-legal\/\" \/>\n<meta property=\"og:site_name\" content=\"ECO-ONE\" \/>\n<meta property=\"article:modified_time\" content=\"2024-07-02T07:57:55+00:00\" \/>\n<meta name=\"twitter:card\" content=\"summary_large_image\" \/>\n<meta name=\"twitter:label1\" content=\"Tiempo de lectura\" \/>\n\t<meta name=\"twitter:data1\" content=\"2 minutos\" \/>\n<script type=\"application\/ld+json\" class=\"yoast-schema-graph\">{\"@context\":\"https:\/\/schema.org\",\"@graph\":[{\"@type\":\"WebPage\",\"@id\":\"https:\/\/eco-onehotels.com\/es\/aviso-legal\/\",\"url\":\"https:\/\/eco-onehotels.com\/es\/aviso-legal\/\",\"name\":\"Aviso Legal - ECO-ONE\",\"isPartOf\":{\"@id\":\"https:\/\/eco-onehotels.com\/es\/#website\"},\"datePublished\":\"2024-07-02T07:54:40+00:00\",\"dateModified\":\"2024-07-02T07:57:55+00:00\",\"breadcrumb\":{\"@id\":\"https:\/\/eco-onehotels.com\/es\/aviso-legal\/#breadcrumb\"},\"inLanguage\":\"es\",\"potentialAction\":[{\"@type\":\"ReadAction\",\"target\":[\"https:\/\/eco-onehotels.com\/es\/aviso-legal\/\"]}]},{\"@type\":\"BreadcrumbList\",\"@id\":\"https:\/\/eco-onehotels.com\/es\/aviso-legal\/#breadcrumb\",\"itemListElement\":[{\"@type\":\"ListItem\",\"position\":1,\"name\":\"Portada\",\"item\":\"https:\/\/eco-onehotels.com\/es\/\"},{\"@type\":\"ListItem\",\"position\":2,\"name\":\"Aviso Legal\"}]},{\"@type\":\"WebSite\",\"@id\":\"https:\/\/eco-onehotels.com\/es\/#website\",\"url\":\"https:\/\/eco-onehotels.com\/es\/\",\"name\":\"ECO-ONE\",\"description\":\"\",\"publisher\":{\"@id\":\"https:\/\/eco-onehotels.com\/es\/#organization\"},\"potentialAction\":[{\"@type\":\"SearchAction\",\"target\":{\"@type\":\"EntryPoint\",\"urlTemplate\":\"https:\/\/eco-onehotels.com\/es\/?s={search_term_string}\"},\"query-input\":{\"@type\":\"PropertyValueSpecification\",\"valueRequired\":true,\"valueName\":\"search_term_string\"}}],\"inLanguage\":\"es\"},{\"@type\":\"Organization\",\"@id\":\"https:\/\/eco-onehotels.com\/es\/#organization\",\"name\":\"ECO-ONE\",\"url\":\"https:\/\/eco-onehotels.com\/es\/\",\"logo\":{\"@type\":\"ImageObject\",\"inLanguage\":\"es\",\"@id\":\"https:\/\/eco-onehotels.com\/es\/#\/schema\/logo\/image\/\",\"url\":\"https:\/\/eco-onehotels.com\/wp-content\/uploads\/2024\/04\/LOGO-VECTORIZADO.svg\",\"contentUrl\":\"https:\/\/eco-onehotels.com\/wp-content\/uploads\/2024\/04\/LOGO-VECTORIZADO.svg\",\"width\":804,\"height\":576,\"caption\":\"ECO-ONE\"},\"image\":{\"@id\":\"https:\/\/eco-onehotels.com\/es\/#\/schema\/logo\/image\/\"}}]}<\/script>\n<!-- \/ Yoast SEO plugin. -->","yoast_head_json":{"title":"Aviso Legal - ECO-ONE","robots":{"index":"index","follow":"follow","max-snippet":"max-snippet:-1","max-image-preview":"max-image-preview:large","max-video-preview":"max-video-preview:-1"},"canonical":"https:\/\/eco-onehotels.com\/es\/aviso-legal\/","og_locale":"es_ES","og_type":"article","og_title":"Aviso Legal - ECO-ONE","og_description":"Aviso legal Acuerdos legales en ECO ONE Al registrarse en la plataforma ECO ONE, celebra un acuerdo con nosotros que se compone de los siguientes documentos: Terminos de servicio Politica de privacidad Politica de Cookies Acuerdo de procesamiento de datos T\u00e9rminos y condiciones de uso Estamos aqu\u00ed para ayudar, pero ECO ONE no brinda asesoramiento [&hellip;]","og_url":"https:\/\/eco-onehotels.com\/es\/aviso-legal\/","og_site_name":"ECO-ONE","article_modified_time":"2024-07-02T07:57:55+00:00","twitter_card":"summary_large_image","twitter_misc":{"Tiempo de lectura":"2 minutos"},"schema":{"@context":"https:\/\/schema.org","@graph":[{"@type":"WebPage","@id":"https:\/\/eco-onehotels.com\/es\/aviso-legal\/","url":"https:\/\/eco-onehotels.com\/es\/aviso-legal\/","name":"Aviso Legal - ECO-ONE","isPartOf":{"@id":"https:\/\/eco-onehotels.com\/es\/#website"},"datePublished":"2024-07-02T07:54:40+00:00","dateModified":"2024-07-02T07:57:55+00:00","breadcrumb":{"@id":"https:\/\/eco-onehotels.com\/es\/aviso-legal\/#breadcrumb"},"inLanguage":"es","potentialAction":[{"@type":"ReadAction","target":["https:\/\/eco-onehotels.com\/es\/aviso-legal\/"]}]},{"@type":"BreadcrumbList","@id":"https:\/\/eco-onehotels.com\/es\/aviso-legal\/#breadcrumb","itemListElement":[{"@type":"ListItem","position":1,"name":"Portada","item":"https:\/\/eco-onehotels.com\/es\/"},{"@type":"ListItem","position":2,"name":"Aviso Legal"}]},{"@type":"WebSite","@id":"https:\/\/eco-onehotels.com\/es\/#website","url":"https:\/\/eco-onehotels.com\/es\/","name":"ECO-ONE","description":"","publisher":{"@id":"https:\/\/eco-onehotels.com\/es\/#organization"},"potentialAction":[{"@type":"SearchAction","target":{"@type":"EntryPoint","urlTemplate":"https:\/\/eco-onehotels.com\/es\/?s={search_term_string}"},"query-input":{"@type":"PropertyValueSpecification","valueRequired":true,"valueName":"search_term_string"}}],"inLanguage":"es"},{"@type":"Organization","@id":"https:\/\/eco-onehotels.com\/es\/#organization","name":"ECO-ONE","url":"https:\/\/eco-onehotels.com\/es\/","logo":{"@type":"ImageObject","inLanguage":"es","@id":"https:\/\/eco-onehotels.com\/es\/#\/schema\/logo\/image\/","url":"https:\/\/eco-onehotels.com\/wp-content\/uploads\/2024\/04\/LOGO-VECTORIZADO.svg","contentUrl":"https:\/\/eco-onehotels.com\/wp-content\/uploads\/2024\/04\/LOGO-VECTORIZADO.svg","width":804,"height":576,"caption":"ECO-ONE"},"image":{"@id":"https:\/\/eco-onehotels.com\/es\/#\/schema\/logo\/image\/"}}]}},"_links":{"self":[{"href":"https:\/\/eco-onehotels.com\/es\/wp-json\/wp\/v2\/pages\/1570","targetHints":{"allow":["GET"]}}],"collection":[{"href":"https:\/\/eco-onehotels.com\/es\/wp-json\/wp\/v2\/pages"}],"about":[{"href":"https:\/\/eco-onehotels.com\/es\/wp-json\/wp\/v2\/types\/page"}],"author":[{"embeddable":true,"href":"https:\/\/eco-onehotels.com\/es\/wp-json\/wp\/v2\/users\/2"}],"replies":[{"embeddable":true,"href":"https:\/\/eco-onehotels.com\/es\/wp-json\/wp\/v2\/comments?post=1570"}],"version-history":[{"count":4,"href":"https:\/\/eco-onehotels.com\/es\/wp-json\/wp\/v2\/pages\/1570\/revisions"}],"predecessor-version":[{"id":1575,"href":"https:\/\/eco-onehotels.com\/es\/wp-json\/wp\/v2\/pages\/1570\/revisions\/1575"}],"wp:attachment":[{"href":"https:\/\/eco-onehotels.com\/es\/wp-json\/wp\/v2\/media?parent=1570"}],"curies":[{"name":"wp","href":"https:\/\/api.w.org\/{rel}","templated":true}]}}